{"id":985,"date":"2014-05-27T18:43:40","date_gmt":"2014-05-27T11:10:46","guid":{"rendered":"http:\/\/www.grenouillere-museum.com\/grenouillere\/?page_id=985"},"modified":"2020-05-09T14:36:20","modified_gmt":"2020-05-09T13:36:20","slug":"la-grenouillere-le-musee","status":"publish","type":"page","link":"https:\/\/www.grenouillere-museum.com\/grenouillere\/collections-2\/la-grenouillere-le-musee\/","title":{"rendered":"Mus\u00e9e"},"content":{"rendered":"<section class=\"wpb-content-wrapper\"><p>[vc_row][vc_column width=\u00a0\u00bb1\/3&Prime;][vc_single_image image=\u00a0\u00bb3957&Prime; img_size=\u00a0\u00bbfull\u00a0\u00bb alignment=\u00a0\u00bbcenter\u00a0\u00bb style=\u00a0\u00bbvc_box_shadow_border\u00a0\u00bb el_class=\u00a0\u00bbvignette_2&Prime;][\/vc_column][vc_column width=\u00a0\u00bb1\/3&Prime;][vc_single_image image=\u00a0\u00bb3955&Prime; img_size=\u00a0\u00bbfull\u00a0\u00bb alignment=\u00a0\u00bbcenter\u00a0\u00bb style=\u00a0\u00bbvc_box_shadow_border\u00a0\u00bb el_class=\u00a0\u00bbvignette_2&Prime;][\/vc_column][vc_column width=\u00a0\u00bb1\/3&Prime;][vc_single_image image=\u00a0\u00bb3969&Prime; img_size=\u00a0\u00bbfull\u00a0\u00bb alignment=\u00a0\u00bbcenter\u00a0\u00bb style=\u00a0\u00bbvc_box_shadow_3d\u00a0\u00bb el_class=\u00a0\u00bbvignette_2&Prime;][\/vc_column][\/vc_row][vc_row][vc_column][vc_raw_html]<\/p>\n<p>JTNDcCUzRUxpZXUlMjBkZSUyMG0lQzMlQTltb2lyZSUyMGV0JTIwZGUlMjBzYXV2ZWdhcmRlJTIwZHUlMjBwYXRyaW1vaW5lJTIwZGUlMjBMYSUyMEdyZW5vdWlsbCVDMyVBOHJlJTIwZXQlMjBkZSUyMGwlRTIlODAlOTklQzMlQUVsZSUyMGRlJTIwQ3JvaXNzeSUyQyUyMGxlJTIwbXVzJUMzJUE5ZSUwQXRyYW5zcG9ydGUlMjBsZSUyMHZpc2l0ZXVyJTIwc3VyJTIwbGVzJTIwcGFzJTIwZGVzJTIwSW1wcmVzc2lvbm5pc3RlcyUyMHRlbHMlMjBxdWUlMjBNb25ldCUyQyUyMFJlbm9pciUyQyUyMFNpc2xleSUyMGV0JTIwUGlzc2Fycm8uJTBBRGFucyUyMHVuZSUyMGF0bW9zcGglQzMlQThyZSUyMGRlJTIwZ3Vpbmd1ZXR0ZSUyMGQlQzMlQTljcml0ZSUyMGRhbnMlMjBsZXMlMjBub3V2ZWxsZXMlMjBkZSUyME1hdXBhc3NhbnQlMkMlMjB2ZW5leiUyMGQlQzMlQTljb3V2cmlyJTIwZXQlMEFjb21wcmVuZHJlJTIwcG91cnF1b2klMjBjZXMlMjBsaWV1eCUyMG9udCUyMHRhbnQlMjBhdHRpciVDMyVBOSUyMGxlcyUyMGZvdWxlcyUyMGF1JTIwWElYJUMzJUE4bWUlMjBzaSVDMyVBOGNsZS4lM0MlMkZwJTNFJTBBJTBBJTNDcCUzRUxlJTIwTXVzJUMzJUE5ZSUyMHByJUMzJUE5c2VudGUlMjB1bmUlMjBjb2xsZWN0aW9uJTIwZGUlMjBncmF2dXJlcyUyMHNpZ24lQzMlQTllcyUyMENyYWZ0eSUyQyUyMFBlbGNvcSUyQyUyMExhZm9zc2UlMkMlMjBSb2JpZGElMkMlMjBHciVDMyVBOXZpbiUyQyUwQVN0ZWlubGVuJTJDJTIwZGVzJTIwdGFibGVhdXglMjBkZXMlMjBwZXRpdHMlMjBtYSVDMyVBRXRyZXMlMjBkZXMlMjBib3JkcyUyMGRlJTIwU2VpbmUlM0ElMjBDbGFyeS1CYXJvdXglMkMlMjBIZWlsYnV0aCUyQyUyME1hcml1cy0lMEFFcmF1ZCUyQyUyME1haW5jZW50JTJDJTIwTW9ybG9uJUUyJTgwJUE2JTJDJTIwbGVzJTIwY29waWVzJTIwZGVzJTIwdG9pbGVzJTIwZGUlMjBNb25ldCUyMGV0JTIwUmVub2lyJTIwcXVpJTIwb250JTIwaW1tb3J0YWxpcyVDMyVBOSUyMGxhJTBBR3Jlbm91aWxsJUMzJUE4cmUlMjBlbiUyMDE4NjklMjBtYWlzJTIwYXVzc2klMjBkZXMlMjBvYmpldHMlMkMlMjBkJUMzJUE5Y3JpdmFudCUyMGxhJTIwZ3Vpbmd1ZXR0ZSUyMGV0JTIwbGVzJTIwYWN0aXZpdCVDMyVBOXMlMjBxdWUlMjBsJUUyJTgwJTk5b24lMjB5JTBBcHJhdGlxdWFpdCUyMGNvbW1lJTIwbGUlMjBjYW5vdGFnZSUyMGFsb3JzJTIwdHIlQzMlQThzJTIwZW4lMjB2b2d1ZSUyQyUyMGxlcyUyMCUyMGJhaW5zJTIwZnJvaWRzJTJDJTIwbGUlMjBiYWwlMjBkdSUyMGpldWRpJTIwc29pciUyQyUyMHNhbnMlMEFvdWJsaWVyJTIwZCVFMiU4MCU5OSVDMyVBOXZvcXVlciUyMGxlcyUyMHBheXNhZ2VzJTIwZGVzJTIwYWxlbnRvdXJzLiUyMENlJTIwcGF0cmltb2luZSUyMGljb25vZ3JhcGhpcXVlJTIwZXN0JTIwJUMzJUE5Z2FsZW1lbnQlMjBhbmltJUMzJUE5JTBBcGFyJTIwZGVzJTIwZXhwb3NpdGlvbnMlMjB0ZW1wb3JhaXJlcyUyMHN1ciUyMGxlcyUyMHBlcnNvbm5hbGl0JUMzJUE5cyUyMG91JTIwZW5jb3JlJTIwbGVzJTIwdXMlMjBldCUyMGNvdXR1bWVzJTIwZGUlMjBsYSUyMEJlbGxlJTBBRXBvcXVlJTIwZGUlMjBsYSUyMEdyZW5vdWlsbCVDMyVBOHJlLiUzQyUyRnAlM0U=<\/p>\n<p>[\/vc_raw_html][\/vc_column][\/vc_row]<\/p>\n<\/section>","protected":false},"excerpt":{"rendered":"<p>[vc_row][vc_column width=\u00a0\u00bb1\/3&Prime;][vc_single_image image=\u00a0\u00bb3957&Prime; img_size=\u00a0\u00bbfull\u00a0\u00bb alignment=\u00a0\u00bbcenter\u00a0\u00bb style=\u00a0\u00bbvc_box_shadow_border\u00a0\u00bb el_class=\u00a0\u00bbvignette_2&Prime;][\/vc_column][vc_column width=\u00a0\u00bb1\/3&Prime;][vc_single_image image=\u00a0\u00bb3955&Prime; img_size=\u00a0\u00bbfull\u00a0\u00bb alignment=\u00a0\u00bbcenter\u00a0\u00bb style=\u00a0\u00bbvc_box_shadow_border\u00a0\u00bb el_class=\u00a0\u00bbvignette_2&Prime;][\/vc_column][vc_column width=\u00a0\u00bb1\/3&Prime;][vc_single_image image=\u00a0\u00bb3969&Prime; img_size=\u00a0\u00bbfull\u00a0\u00bb alignment=\u00a0\u00bbcenter\u00a0\u00bb style=\u00a0\u00bbvc_box_shadow_3d\u00a0\u00bb el_class=\u00a0\u00bbvignette_2&Prime;][\/vc_column][\/vc_row][vc_row][vc_column][vc_raw_html] JTNDcCUzRUxpZXUlMjBkZSUyMG0lQzMlQTltb2lyZSUyMGV0JTIwZGUlMjBzYXV2ZWdhcmRlJTIwZHUlMjBwYXRyaW1vaW5lJTIwZGUlMjBMYSUyMEdyZW5vdWlsbCVDMyVBOHJlJTIwZXQlMjBkZSUyMGwlRTIlODAlOTklQzMlQUVsZSUyMGRlJTIwQ3JvaXNzeSUyQyUyMGxlJTIwbXVzJUMzJUE5ZSUwQXRyYW5zcG9ydGUlMjBsZSUyMHZpc2l0ZXVyJTIwc3VyJTIwbGVzJTIwcGFzJTIwZGVzJTIwSW1wcmVzc2lvbm5pc3RlcyUyMHRlbHMlMjBxdWUlMjBNb25ldCUyQyUyMFJlbm9pciUyQyUyMFNpc2xleSUyMGV0JTIwUGlzc2Fycm8uJTBBRGFucyUyMHVuZSUyMGF0bW9zcGglQzMlQThyZSUyMGRlJTIwZ3Vpbmd1ZXR0ZSUyMGQlQzMlQTljcml0ZSUyMGRhbnMlMjBsZXMlMjBub3V2ZWxsZXMlMjBkZSUyME1hdXBhc3NhbnQlMkMlMjB2ZW5leiUyMGQlQzMlQTljb3V2cmlyJTIwZXQlMEFjb21wcmVuZHJlJTIwcG91cnF1b2klMjBjZXMlMjBsaWV1eCUyMG9udCUyMHRhbnQlMjBhdHRpciVDMyVBOSUyMGxlcyUyMGZvdWxlcyUyMGF1JTIwWElYJUMzJUE4bWUlMjBzaSVDMyVBOGNsZS4lM0MlMkZwJTNFJTBBJTBBJTNDcCUzRUxlJTIwTXVzJUMzJUE5ZSUyMHByJUMzJUE5c2VudGUlMjB1bmUlMjBjb2xsZWN0aW9uJTIwZGUlMjBncmF2dXJlcyUyMHNpZ24lQzMlQTllcyUyMENyYWZ0eSUyQyUyMFBlbGNvcSUyQyUyMExhZm9zc2UlMkMlMjBSb2JpZGElMkMlMjBHciVDMyVBOXZpbiUyQyUwQVN0ZWlubGVuJTJDJTIwZGVzJTIwdGFibGVhdXglMjBkZXMlMjBwZXRpdHMlMjBtYSVDMyVBRXRyZXMlMjBkZXMlMjBib3JkcyUyMGRlJTIwU2VpbmUlM0ElMjBDbGFyeS1CYXJvdXglMkMlMjBIZWlsYnV0aCUyQyUyME1hcml1cy0lMEFFcmF1ZCUyQyUyME1haW5jZW50JTJDJTIwTW9ybG9uJUUyJTgwJUE2JTJDJTIwbGVzJTIwY29waWVzJTIwZGVzJTIwdG9pbGVzJTIwZGUlMjBNb25ldCUyMGV0JTIwUmVub2lyJTIwcXVpJTIwb250JTIwaW1tb3J0YWxpcyVDMyVBOSUyMGxhJTBBR3Jlbm91aWxsJUMzJUE4cmUlMjBlbiUyMDE4NjklMjBtYWlzJTIwYXVzc2klMjBkZXMlMjBvYmpldHMlMkMlMjBkJUMzJUE5Y3JpdmFudCUyMGxhJTIwZ3Vpbmd1ZXR0ZSUyMGV0JTIwbGVzJTIwYWN0aXZpdCVDMyVBOXMlMjBxdWUlMjBsJUUyJTgwJTk5b24lMjB5JTBBcHJhdGlxdWFpdCUyMGNvbW1lJTIwbGUlMjBjYW5vdGFnZSUyMGFsb3JzJTIwdHIlQzMlQThzJTIwZW4lMjB2b2d1ZSUyQyUyMGxlcyUyMCUyMGJhaW5zJTIwZnJvaWRzJTJDJTIwbGUlMjBiYWwlMjBkdSUyMGpldWRpJTIwc29pciUyQyUyMHNhbnMlMEFvdWJsaWVyJTIwZCVFMiU4MCU5OSVDMyVBOXZvcXVlciUyMGxlcyUyMHBheXNhZ2VzJTIwZGVzJTIwYWxlbnRvdXJzLiUyMENlJTIwcGF0cmltb2luZSUyMGljb25vZ3JhcGhpcXVlJTIwZXN0JTIwJUMzJUE5Z2FsZW1lbnQlMjBhbmltJUMzJUE5JTBBcGFyJTIwZGVzJTIwZXhwb3NpdGlvbnMlMjB0ZW1wb3JhaXJlcyUyMHN1ciUyMGxlcyUyMHBlcnNvbm5hbGl0JUMzJUE5cyUyMG91JTIwZW5jb3JlJTIwbGVzJTIwdXMlMjBldCUyMGNvdXR1bWVzJTIwZGUlMjBsYSUyMEJlbGxlJTBBRXBvcXVlJTIwZGUlMjBsYSUyMEdyZW5vdWlsbCVDMyVBOHJlLiUzQyUyRnAlM0U= [\/vc_raw_html][\/vc_column][\/vc_row]<\/p>\n","protected":false},"author":2,"featured_media":0,"parent":474,"menu_order":0,"comment_status":"closed","ping_status":"open","template":"","meta":{"_genesis_hide_title":false,"_genesis_hide_breadcrumbs":false,"_genesis_hide_singular_image":false,"_genesis_hide_footer_widgets":false,"_genesis_custom_body_class":"","_genesis_custom_post_class":"","_genesis_layout":"","footnotes":""},"yoast_head":"<!-- This site is optimized with the Yoast SEO plugin v23.5 - https:\/\/yoast.com\/wordpress\/plugins\/seo\/ -->\n<title>Mus\u00e9e - Mus\u00e9e de la Grenouill\u00e8re Croissy sur Seine<\/title>\n<meta name=\"robots\" content=\"index, follow, max-snippet:-1, max-image-preview:large, max-video-preview:-1\" \/>\n<link rel=\"canonical\" href=\"https:\/\/www.grenouillere-museum.com\/grenouillere\/collections-2\/la-grenouillere-le-musee\/\" \/>\n<meta property=\"og:locale\" content=\"fr_FR\" \/>\n<meta property=\"og:type\" content=\"article\" \/>\n<meta property=\"og:title\" content=\"Mus\u00e9e - Mus\u00e9e de la Grenouill\u00e8re Croissy sur Seine\" \/>\n<meta property=\"og:description\" content=\"[vc_row][vc_column width=\u00a0\u00bb1\/3&Prime;][vc_single_image image=\u00a0\u00bb3957&Prime; img_size=\u00a0\u00bbfull\u00a0\u00bb alignment=\u00a0\u00bbcenter\u00a0\u00bb style=\u00a0\u00bbvc_box_shadow_border\u00a0\u00bb el_class=\u00a0\u00bbvignette_2&Prime;][\/vc_column][vc_column width=\u00a0\u00bb1\/3&Prime;][vc_single_image image=\u00a0\u00bb3955&Prime; img_size=\u00a0\u00bbfull\u00a0\u00bb alignment=\u00a0\u00bbcenter\u00a0\u00bb style=\u00a0\u00bbvc_box_shadow_border\u00a0\u00bb el_class=\u00a0\u00bbvignette_2&Prime;][\/vc_column][vc_column width=\u00a0\u00bb1\/3&Prime;][vc_single_image image=\u00a0\u00bb3969&Prime; img_size=\u00a0\u00bbfull\u00a0\u00bb alignment=\u00a0\u00bbcenter\u00a0\u00bb style=\u00a0\u00bbvc_box_shadow_3d\u00a0\u00bb el_class=\u00a0\u00bbvignette_2&Prime;][\/vc_column][\/vc_row][vc_row][vc_column][vc_raw_html] JTNDcCUzRUxpZXUlMjBkZSUyMG0lQzMlQTltb2lyZSUyMGV0JTIwZGUlMjBzYXV2ZWdhcmRlJTIwZHUlMjBwYXRyaW1vaW5lJTIwZGUlMjBMYSUyMEdyZW5vdWlsbCVDMyVBOHJlJTIwZXQlMjBkZSUyMGwlRTIlODAlOTklQzMlQUVsZSUyMGRlJTIwQ3JvaXNzeSUyQyUyMGxlJTIwbXVzJUMzJUE5ZSUwQXRyYW5zcG9ydGUlMjBsZSUyMHZpc2l0ZXVyJTIwc3VyJTIwbGVzJTIwcGFzJTIwZGVzJTIwSW1wcmVzc2lvbm5pc3RlcyUyMHRlbHMlMjBxdWUlMjBNb25ldCUyQyUyMFJlbm9pciUyQyUyMFNpc2xleSUyMGV0JTIwUGlzc2Fycm8uJTBBRGFucyUyMHVuZSUyMGF0bW9zcGglQzMlQThyZSUyMGRlJTIwZ3Vpbmd1ZXR0ZSUyMGQlQzMlQTljcml0ZSUyMGRhbnMlMjBsZXMlMjBub3V2ZWxsZXMlMjBkZSUyME1hdXBhc3NhbnQlMkMlMjB2ZW5leiUyMGQlQzMlQTljb3V2cmlyJTIwZXQlMEFjb21wcmVuZHJlJTIwcG91cnF1b2klMjBjZXMlMjBsaWV1eCUyMG9udCUyMHRhbnQlMjBhdHRpciVDMyVBOSUyMGxlcyUyMGZvdWxlcyUyMGF1JTIwWElYJUMzJUE4bWUlMjBzaSVDMyVBOGNsZS4lM0MlMkZwJTNFJTBBJTBBJTNDcCUzRUxlJTIwTXVzJUMzJUE5ZSUyMHByJUMzJUE5c2VudGUlMjB1bmUlMjBjb2xsZWN0aW9uJTIwZGUlMjBncmF2dXJlcyUyMHNpZ24lQzMlQTllcyUyMENyYWZ0eSUyQyUyMFBlbGNvcSUyQyUyMExhZm9zc2UlMkMlMjBSb2JpZGElMkMlMjBHciVDMyVBOXZpbiUyQyUwQVN0ZWlubGVuJTJDJTIwZGVzJTIwdGFibGVhdXglMjBkZXMlMjBwZXRpdHMlMjBtYSVDMyVBRXRyZXMlMjBkZXMlMjBib3JkcyUyMGRlJTIwU2VpbmUlM0ElMjBDbGFyeS1CYXJvdXglMkMlMjBIZWlsYnV0aCUyQyUyME1hcml1cy0lMEFFcmF1ZCUyQyUyME1haW5jZW50JTJDJTIwTW9ybG9uJUUyJTgwJUE2JTJDJTIwbGVzJTIwY29waWVzJTIwZGVzJTIwdG9pbGVzJTIwZGUlMjBNb25ldCUyMGV0JTIwUmVub2lyJTIwcXVpJTIwb250JTIwaW1tb3J0YWxpcyVDMyVBOSUyMGxhJTBBR3Jlbm91aWxsJUMzJUE4cmUlMjBlbiUyMDE4NjklMjBtYWlzJTIwYXVzc2klMjBkZXMlMjBvYmpldHMlMkMlMjBkJUMzJUE5Y3JpdmFudCUyMGxhJTIwZ3Vpbmd1ZXR0ZSUyMGV0JTIwbGVzJTIwYWN0aXZpdCVDMyVBOXMlMjBxdWUlMjBsJUUyJTgwJTk5b24lMjB5JTBBcHJhdGlxdWFpdCUyMGNvbW1lJTIwbGUlMjBjYW5vdGFnZSUyMGFsb3JzJTIwdHIlQzMlQThzJTIwZW4lMjB2b2d1ZSUyQyUyMGxlcyUyMCUyMGJhaW5zJTIwZnJvaWRzJTJDJTIwbGUlMjBiYWwlMjBkdSUyMGpldWRpJTIwc29pciUyQyUyMHNhbnMlMEFvdWJsaWVyJTIwZCVFMiU4MCU5OSVDMyVBOXZvcXVlciUyMGxlcyUyMHBheXNhZ2VzJTIwZGVzJTIwYWxlbnRvdXJzLiUyMENlJTIwcGF0cmltb2luZSUyMGljb25vZ3JhcGhpcXVlJTIwZXN0JTIwJUMzJUE5Z2FsZW1lbnQlMjBhbmltJUMzJUE5JTBBcGFyJTIwZGVzJTIwZXhwb3NpdGlvbnMlMjB0ZW1wb3JhaXJlcyUyMHN1ciUyMGxlcyUyMHBlcnNvbm5hbGl0JUMzJUE5cyUyMG91JTIwZW5jb3JlJTIwbGVzJTIwdXMlMjBldCUyMGNvdXR1bWVzJTIwZGUlMjBsYSUyMEJlbGxlJTBBRXBvcXVlJTIwZGUlMjBsYSUyMEdyZW5vdWlsbCVDMyVBOHJlLiUzQyUyRnAlM0U= [\/vc_raw_html][\/vc_column][\/vc_row]\" \/>\n<meta property=\"og:url\" content=\"https:\/\/www.grenouillere-museum.com\/grenouillere\/collections-2\/la-grenouillere-le-musee\/\" \/>\n<meta property=\"og:site_name\" content=\"Mus\u00e9e de la Grenouill\u00e8re Croissy sur Seine\" \/>\n<meta property=\"article:publisher\" content=\"https:\/\/www.facebook.com\/grenouillere.museum\/\" \/>\n<meta property=\"article:modified_time\" content=\"2020-05-09T13:36:20+00:00\" \/>\n<meta name=\"twitter:card\" content=\"summary_large_image\" \/>\n<meta name=\"twitter:label1\" content=\"Dur\u00e9e de lecture estim\u00e9e\" \/>\n\t<meta name=\"twitter:data1\" content=\"1 minute\" \/>\n<script type=\"application\/ld+json\" class=\"yoast-schema-graph\">{\"@context\":\"https:\/\/schema.org\",\"@graph\":[{\"@type\":\"WebPage\",\"@id\":\"https:\/\/www.grenouillere-museum.com\/grenouillere\/collections-2\/la-grenouillere-le-musee\/\",\"url\":\"https:\/\/www.grenouillere-museum.com\/grenouillere\/collections-2\/la-grenouillere-le-musee\/\",\"name\":\"Mus\u00e9e - Mus\u00e9e de la Grenouill\u00e8re Croissy sur Seine\",\"isPartOf\":{\"@id\":\"https:\/\/www.grenouillere-museum.com\/grenouillere\/#website\"},\"datePublished\":\"2014-05-27T11:10:46+00:00\",\"dateModified\":\"2020-05-09T13:36:20+00:00\",\"breadcrumb\":{\"@id\":\"https:\/\/www.grenouillere-museum.com\/grenouillere\/collections-2\/la-grenouillere-le-musee\/#breadcrumb\"},\"inLanguage\":\"fr-FR\",\"potentialAction\":[{\"@type\":\"ReadAction\",\"target\":[\"https:\/\/www.grenouillere-museum.com\/grenouillere\/collections-2\/la-grenouillere-le-musee\/\"]}]},{\"@type\":\"BreadcrumbList\",\"@id\":\"https:\/\/www.grenouillere-museum.com\/grenouillere\/collections-2\/la-grenouillere-le-musee\/#breadcrumb\",\"itemListElement\":[{\"@type\":\"ListItem\",\"position\":1,\"name\":\"Accueil\",\"item\":\"https:\/\/www.grenouillere-museum.com\/grenouillere\/\"},{\"@type\":\"ListItem\",\"position\":2,\"name\":\"Collections\",\"item\":\"https:\/\/www.grenouillere-museum.com\/grenouillere\/collections-2\/\"},{\"@type\":\"ListItem\",\"position\":3,\"name\":\"Mus\u00e9e\"}]},{\"@type\":\"WebSite\",\"@id\":\"https:\/\/www.grenouillere-museum.com\/grenouillere\/#website\",\"url\":\"https:\/\/www.grenouillere-museum.com\/grenouillere\/\",\"name\":\"Mus\u00e9e de la Grenouill\u00e8re\",\"description\":\"Laissez-vous emmener sur le lieu de naissance de l\u2019Impressionnisme\",\"potentialAction\":[{\"@type\":\"SearchAction\",\"target\":{\"@type\":\"EntryPoint\",\"urlTemplate\":\"https:\/\/www.grenouillere-museum.com\/grenouillere\/?s={search_term_string}\"},\"query-input\":{\"@type\":\"PropertyValueSpecification\",\"valueRequired\":true,\"valueName\":\"search_term_string\"}}],\"inLanguage\":\"fr-FR\"}]}<\/script>\n<!-- \/ Yoast SEO plugin. -->","yoast_head_json":{"title":"Mus\u00e9e - Mus\u00e9e de la Grenouill\u00e8re Croissy sur Seine","robots":{"index":"index","follow":"follow","max-snippet":"max-snippet:-1","max-image-preview":"max-image-preview:large","max-video-preview":"max-video-preview:-1"},"canonical":"https:\/\/www.grenouillere-museum.com\/grenouillere\/collections-2\/la-grenouillere-le-musee\/","og_locale":"fr_FR","og_type":"article","og_title":"Mus\u00e9e - Mus\u00e9e de la Grenouill\u00e8re Croissy sur Seine","og_description":"[vc_row][vc_column width=\u00a0\u00bb1\/3&Prime;][vc_single_image image=\u00a0\u00bb3957&Prime; img_size=\u00a0\u00bbfull\u00a0\u00bb alignment=\u00a0\u00bbcenter\u00a0\u00bb style=\u00a0\u00bbvc_box_shadow_border\u00a0\u00bb el_class=\u00a0\u00bbvignette_2&Prime;][\/vc_column][vc_column width=\u00a0\u00bb1\/3&Prime;][vc_single_image image=\u00a0\u00bb3955&Prime; img_size=\u00a0\u00bbfull\u00a0\u00bb alignment=\u00a0\u00bbcenter\u00a0\u00bb style=\u00a0\u00bbvc_box_shadow_border\u00a0\u00bb el_class=\u00a0\u00bbvignette_2&Prime;][\/vc_column][vc_column width=\u00a0\u00bb1\/3&Prime;][vc_single_image image=\u00a0\u00bb3969&Prime; img_size=\u00a0\u00bbfull\u00a0\u00bb alignment=\u00a0\u00bbcenter\u00a0\u00bb style=\u00a0\u00bbvc_box_shadow_3d\u00a0\u00bb el_class=\u00a0\u00bbvignette_2&Prime;][\/vc_column][\/vc_row][vc_row][vc_column][vc_raw_html] JTNDcCUzRUxpZXUlMjBkZSUyMG0lQzMlQTltb2lyZSUyMGV0JTIwZGUlMjBzYXV2ZWdhcmRlJTIwZHUlMjBwYXRyaW1vaW5lJTIwZGUlMjBMYSUyMEdyZW5vdWlsbCVDMyVBOHJlJTIwZXQlMjBkZSUyMGwlRTIlODAlOTklQzMlQUVsZSUyMGRlJTIwQ3JvaXNzeSUyQyUyMGxlJTIwbXVzJUMzJUE5ZSUwQXRyYW5zcG9ydGUlMjBsZSUyMHZpc2l0ZXVyJTIwc3VyJTIwbGVzJTIwcGFzJTIwZGVzJTIwSW1wcmVzc2lvbm5pc3RlcyUyMHRlbHMlMjBxdWUlMjBNb25ldCUyQyUyMFJlbm9pciUyQyUyMFNpc2xleSUyMGV0JTIwUGlzc2Fycm8uJTBBRGFucyUyMHVuZSUyMGF0bW9zcGglQzMlQThyZSUyMGRlJTIwZ3Vpbmd1ZXR0ZSUyMGQlQzMlQTljcml0ZSUyMGRhbnMlMjBsZXMlMjBub3V2ZWxsZXMlMjBkZSUyME1hdXBhc3NhbnQlMkMlMjB2ZW5leiUyMGQlQzMlQTljb3V2cmlyJTIwZXQlMEFjb21wcmVuZHJlJTIwcG91cnF1b2klMjBjZXMlMjBsaWV1eCUyMG9udCUyMHRhbnQlMjBhdHRpciVDMyVBOSUyMGxlcyUyMGZvdWxlcyUyMGF1JTIwWElYJUMzJUE4bWUlMjBzaSVDMyVBOGNsZS4lM0MlMkZwJTNFJTBBJTBBJTNDcCUzRUxlJTIwTXVzJUMzJUE5ZSUyMHByJUMzJUE5c2VudGUlMjB1bmUlMjBjb2xsZWN0aW9uJTIwZGUlMjBncmF2dXJlcyUyMHNpZ24lQzMlQTllcyUyMENyYWZ0eSUyQyUyMFBlbGNvcSUyQyUyMExhZm9zc2UlMkMlMjBSb2JpZGElMkMlMjBHciVDMyVBOXZpbiUyQyUwQVN0ZWlubGVuJTJDJTIwZGVzJTIwdGFibGVhdXglMjBkZXMlMjBwZXRpdHMlMjBtYSVDMyVBRXRyZXMlMjBkZXMlMjBib3JkcyUyMGRlJTIwU2VpbmUlM0ElMjBDbGFyeS1CYXJvdXglMkMlMjBIZWlsYnV0aCUyQyUyME1hcml1cy0lMEFFcmF1ZCUyQyUyME1haW5jZW50JTJDJTIwTW9ybG9uJUUyJTgwJUE2JTJDJTIwbGVzJTIwY29waWVzJTIwZGVzJTIwdG9pbGVzJTIwZGUlMjBNb25ldCUyMGV0JTIwUmVub2lyJTIwcXVpJTIwb250JTIwaW1tb3J0YWxpcyVDMyVBOSUyMGxhJTBBR3Jlbm91aWxsJUMzJUE4cmUlMjBlbiUyMDE4NjklMjBtYWlzJTIwYXVzc2klMjBkZXMlMjBvYmpldHMlMkMlMjBkJUMzJUE5Y3JpdmFudCUyMGxhJTIwZ3Vpbmd1ZXR0ZSUyMGV0JTIwbGVzJTIwYWN0aXZpdCVDMyVBOXMlMjBxdWUlMjBsJUUyJTgwJTk5b24lMjB5JTBBcHJhdGlxdWFpdCUyMGNvbW1lJTIwbGUlMjBjYW5vdGFnZSUyMGFsb3JzJTIwdHIlQzMlQThzJTIwZW4lMjB2b2d1ZSUyQyUyMGxlcyUyMCUyMGJhaW5zJTIwZnJvaWRzJTJDJTIwbGUlMjBiYWwlMjBkdSUyMGpldWRpJTIwc29pciUyQyUyMHNhbnMlMEFvdWJsaWVyJTIwZCVFMiU4MCU5OSVDMyVBOXZvcXVlciUyMGxlcyUyMHBheXNhZ2VzJTIwZGVzJTIwYWxlbnRvdXJzLiUyMENlJTIwcGF0cmltb2luZSUyMGljb25vZ3JhcGhpcXVlJTIwZXN0JTIwJUMzJUE5Z2FsZW1lbnQlMjBhbmltJUMzJUE5JTBBcGFyJTIwZGVzJTIwZXhwb3NpdGlvbnMlMjB0ZW1wb3JhaXJlcyUyMHN1ciUyMGxlcyUyMHBlcnNvbm5hbGl0JUMzJUE5cyUyMG91JTIwZW5jb3JlJTIwbGVzJTIwdXMlMjBldCUyMGNvdXR1bWVzJTIwZGUlMjBsYSUyMEJlbGxlJTBBRXBvcXVlJTIwZGUlMjBsYSUyMEdyZW5vdWlsbCVDMyVBOHJlLiUzQyUyRnAlM0U= [\/vc_raw_html][\/vc_column][\/vc_row]","og_url":"https:\/\/www.grenouillere-museum.com\/grenouillere\/collections-2\/la-grenouillere-le-musee\/","og_site_name":"Mus\u00e9e de la Grenouill\u00e8re Croissy sur Seine","article_publisher":"https:\/\/www.facebook.com\/grenouillere.museum\/","article_modified_time":"2020-05-09T13:36:20+00:00","twitter_card":"summary_large_image","twitter_misc":{"Dur\u00e9e de lecture estim\u00e9e":"1 minute"},"schema":{"@context":"https:\/\/schema.org","@graph":[{"@type":"WebPage","@id":"https:\/\/www.grenouillere-museum.com\/grenouillere\/collections-2\/la-grenouillere-le-musee\/","url":"https:\/\/www.grenouillere-museum.com\/grenouillere\/collections-2\/la-grenouillere-le-musee\/","name":"Mus\u00e9e - Mus\u00e9e de la Grenouill\u00e8re Croissy sur Seine","isPartOf":{"@id":"https:\/\/www.grenouillere-museum.com\/grenouillere\/#website"},"datePublished":"2014-05-27T11:10:46+00:00","dateModified":"2020-05-09T13:36:20+00:00","breadcrumb":{"@id":"https:\/\/www.grenouillere-museum.com\/grenouillere\/collections-2\/la-grenouillere-le-musee\/#breadcrumb"},"inLanguage":"fr-FR","potentialAction":[{"@type":"ReadAction","target":["https:\/\/www.grenouillere-museum.com\/grenouillere\/collections-2\/la-grenouillere-le-musee\/"]}]},{"@type":"BreadcrumbList","@id":"https:\/\/www.grenouillere-museum.com\/grenouillere\/collections-2\/la-grenouillere-le-musee\/#breadcrumb","itemListElement":[{"@type":"ListItem","position":1,"name":"Accueil","item":"https:\/\/www.grenouillere-museum.com\/grenouillere\/"},{"@type":"ListItem","position":2,"name":"Collections","item":"https:\/\/www.grenouillere-museum.com\/grenouillere\/collections-2\/"},{"@type":"ListItem","position":3,"name":"Mus\u00e9e"}]},{"@type":"WebSite","@id":"https:\/\/www.grenouillere-museum.com\/grenouillere\/#website","url":"https:\/\/www.grenouillere-museum.com\/grenouillere\/","name":"Mus\u00e9e de la Grenouill\u00e8re","description":"Laissez-vous emmener sur le lieu de naissance de l\u2019Impressionnisme","potentialAction":[{"@type":"SearchAction","target":{"@type":"EntryPoint","urlTemplate":"https:\/\/www.grenouillere-museum.com\/grenouillere\/?s={search_term_string}"},"query-input":{"@type":"PropertyValueSpecification","valueRequired":true,"valueName":"search_term_string"}}],"inLanguage":"fr-FR"}]}},"_links":{"self":[{"href":"https:\/\/www.grenouillere-museum.com\/grenouillere\/wp-json\/wp\/v2\/pages\/985"}],"collection":[{"href":"https:\/\/www.grenouillere-museum.com\/grenouillere\/wp-json\/wp\/v2\/pages"}],"about":[{"href":"https:\/\/www.grenouillere-museum.com\/grenouillere\/wp-json\/wp\/v2\/types\/page"}],"author":[{"embeddable":true,"href":"https:\/\/www.grenouillere-museum.com\/grenouillere\/wp-json\/wp\/v2\/users\/2"}],"replies":[{"embeddable":true,"href":"https:\/\/www.grenouillere-museum.com\/grenouillere\/wp-json\/wp\/v2\/comments?post=985"}],"version-history":[{"count":48,"href":"https:\/\/www.grenouillere-museum.com\/grenouillere\/wp-json\/wp\/v2\/pages\/985\/revisions"}],"predecessor-version":[{"id":4870,"href":"https:\/\/www.grenouillere-museum.com\/grenouillere\/wp-json\/wp\/v2\/pages\/985\/revisions\/4870"}],"up":[{"embeddable":true,"href":"https:\/\/www.grenouillere-museum.com\/grenouillere\/wp-json\/wp\/v2\/pages\/474"}],"wp:attachment":[{"href":"https:\/\/www.grenouillere-museum.com\/grenouillere\/wp-json\/wp\/v2\/media?parent=985"}],"curies":[{"name":"wp","href":"https:\/\/api.w.org\/{rel}","templated":true}]}}