{"id":7555,"date":"2021-10-26T11:49:55","date_gmt":"2021-10-26T10:49:55","guid":{"rendered":"https:\/\/www.grenouillere-museum.com\/grenouillere\/?page_id=7555"},"modified":"2021-10-26T12:09:24","modified_gmt":"2021-10-26T11:09:24","slug":"evenements-passes","status":"publish","type":"page","link":"https:\/\/www.grenouillere-museum.com\/grenouillere\/evenements-passes\/","title":{"rendered":"Ev\u00e8nements pass\u00e9s"},"content":{"rendered":"<div id=\"pl-7555\"  class=\"panel-layout\" ><div id=\"pg-7555-0\"  class=\"panel-grid panel-no-style\" ><div id=\"pgc-7555-0-0\"  class=\"panel-grid-cell\" ><div id=\"panel-7555-0-0-0\" class=\"so-panel widget widget_featured-post featured-content featuredpost panel-first-child panel-last-child\" data-index=\"0\" ><\/div><\/div><\/div><div id=\"pg-7555-1\"  class=\"panel-grid panel-no-style\" ><div id=\"pgc-7555-1-0\"  class=\"panel-grid-cell\" ><div id=\"panel-7555-1-0-0\" class=\"so-panel widget widget_featured-page featured-content featuredpage panel-first-child\" data-index=\"1\" ><article class=\"post-5116 page type-page status-publish entry\" aria-label=\"Journ\u00e9es du Patrimoine\"><header class=\"entry-header\"><h4 class=\"entry-title\"><a href=\"https:\/\/www.grenouillere-museum.com\/grenouillere\/journees-du-patrimoine\/\">Journ\u00e9es du Patrimoine<\/a><\/h4><\/header><\/article><\/div><div id=\"panel-7555-1-0-1\" class=\"so-panel widget widget_featured-page featured-content featuredpage panel-last-child\" data-index=\"2\" ><article class=\"post-5080 page type-page status-publish entry\" aria-label=\"Nuit des Mus\u00e9es\"><header class=\"entry-header\"><h4 class=\"entry-title\"><a href=\"https:\/\/www.grenouillere-museum.com\/grenouillere\/5080-2\/\">Nuit des Mus\u00e9es<\/a><\/h4><\/header><\/article><\/div><\/div><div id=\"pgc-7555-1-1\"  class=\"panel-grid-cell\" ><div id=\"panel-7555-1-1-0\" class=\"so-panel widget widget_featured-page featured-content featuredpage panel-first-child\" data-index=\"3\" ><article class=\"post-981 page type-page status-publish entry\" aria-label=\"Bal costum\u00e9\"><header class=\"entry-header\"><h4 class=\"entry-title\"><a href=\"https:\/\/www.grenouillere-museum.com\/grenouillere\/bal-de-la-grenouillere\/\">Bal costum\u00e9<\/a><\/h4><\/header><\/article><\/div><div id=\"panel-7555-1-1-1\" class=\"so-panel widget widget_featured-page featured-content featuredpage panel-last-child\" data-index=\"4\" ><article class=\"post-977 page type-page status-publish entry\" aria-label=\"Sorties\"><header class=\"entry-header\"><h4 class=\"entry-title\"><a href=\"https:\/\/www.grenouillere-museum.com\/grenouillere\/conferences-2\/\">Sorties<\/a><\/h4><\/header><\/article><\/div><\/div><\/div><\/div>","protected":false},"excerpt":{"rendered":"<p>Journ\u00e9es du PatrimoineNuit des Mus\u00e9esBal costum\u00e9Sorties<\/p>\n","protected":false},"author":2,"featured_media":0,"parent":0,"menu_order":0,"comment_status":"closed","ping_status":"closed","template":"","meta":{"_genesis_hide_title":false,"_genesis_hide_breadcrumbs":false,"_genesis_hide_singular_image":false,"_genesis_hide_footer_widgets":false,"_genesis_custom_body_class":"","_genesis_custom_post_class":"","_genesis_layout":"","footnotes":""},"yoast_head":"<!-- This site is optimized with the Yoast SEO plugin v23.5 - https:\/\/yoast.com\/wordpress\/plugins\/seo\/ -->\n<title>Ev\u00e8nements pass\u00e9s - Mus\u00e9e de la Grenouill\u00e8re Croissy sur Seine<\/title>\n<meta name=\"robots\" content=\"index, follow, max-snippet:-1, max-image-preview:large, max-video-preview:-1\" \/>\n<link rel=\"canonical\" href=\"https:\/\/www.grenouillere-museum.com\/grenouillere\/evenements-passes\/\" \/>\n<meta property=\"og:locale\" content=\"fr_FR\" \/>\n<meta property=\"og:type\" content=\"article\" \/>\n<meta property=\"og:title\" content=\"Ev\u00e8nements pass\u00e9s - Mus\u00e9e de la Grenouill\u00e8re Croissy sur Seine\" \/>\n<meta property=\"og:description\" content=\"Journ\u00e9es du PatrimoineNuit des Mus\u00e9esBal costum\u00e9Sorties\" \/>\n<meta property=\"og:url\" content=\"https:\/\/www.grenouillere-museum.com\/grenouillere\/evenements-passes\/\" \/>\n<meta property=\"og:site_name\" content=\"Mus\u00e9e de la Grenouill\u00e8re Croissy sur Seine\" \/>\n<meta property=\"article:publisher\" content=\"https:\/\/www.facebook.com\/grenouillere.museum\/\" \/>\n<meta property=\"article:modified_time\" content=\"2021-10-26T11:09:24+00:00\" \/>\n<meta name=\"twitter:card\" content=\"summary_large_image\" \/>\n<script type=\"application\/ld+json\" class=\"yoast-schema-graph\">{\"@context\":\"https:\/\/schema.org\",\"@graph\":[{\"@type\":\"WebPage\",\"@id\":\"https:\/\/www.grenouillere-museum.com\/grenouillere\/evenements-passes\/\",\"url\":\"https:\/\/www.grenouillere-museum.com\/grenouillere\/evenements-passes\/\",\"name\":\"Ev\u00e8nements pass\u00e9s - Mus\u00e9e de la Grenouill\u00e8re Croissy sur Seine\",\"isPartOf\":{\"@id\":\"https:\/\/www.grenouillere-museum.com\/grenouillere\/#website\"},\"datePublished\":\"2021-10-26T10:49:55+00:00\",\"dateModified\":\"2021-10-26T11:09:24+00:00\",\"breadcrumb\":{\"@id\":\"https:\/\/www.grenouillere-museum.com\/grenouillere\/evenements-passes\/#breadcrumb\"},\"inLanguage\":\"fr-FR\",\"potentialAction\":[{\"@type\":\"ReadAction\",\"target\":[\"https:\/\/www.grenouillere-museum.com\/grenouillere\/evenements-passes\/\"]}]},{\"@type\":\"BreadcrumbList\",\"@id\":\"https:\/\/www.grenouillere-museum.com\/grenouillere\/evenements-passes\/#breadcrumb\",\"itemListElement\":[{\"@type\":\"ListItem\",\"position\":1,\"name\":\"Accueil\",\"item\":\"https:\/\/www.grenouillere-museum.com\/grenouillere\/\"},{\"@type\":\"ListItem\",\"position\":2,\"name\":\"Ev\u00e8nements pass\u00e9s\"}]},{\"@type\":\"WebSite\",\"@id\":\"https:\/\/www.grenouillere-museum.com\/grenouillere\/#website\",\"url\":\"https:\/\/www.grenouillere-museum.com\/grenouillere\/\",\"name\":\"Mus\u00e9e de la Grenouill\u00e8re\",\"description\":\"Laissez-vous emmener sur le lieu de naissance de l\u2019Impressionnisme\",\"potentialAction\":[{\"@type\":\"SearchAction\",\"target\":{\"@type\":\"EntryPoint\",\"urlTemplate\":\"https:\/\/www.grenouillere-museum.com\/grenouillere\/?s={search_term_string}\"},\"query-input\":{\"@type\":\"PropertyValueSpecification\",\"valueRequired\":true,\"valueName\":\"search_term_string\"}}],\"inLanguage\":\"fr-FR\"}]}<\/script>\n<!-- \/ Yoast SEO plugin. -->","yoast_head_json":{"title":"Ev\u00e8nements pass\u00e9s - Mus\u00e9e de la Grenouill\u00e8re Croissy sur Seine","robots":{"index":"index","follow":"follow","max-snippet":"max-snippet:-1","max-image-preview":"max-image-preview:large","max-video-preview":"max-video-preview:-1"},"canonical":"https:\/\/www.grenouillere-museum.com\/grenouillere\/evenements-passes\/","og_locale":"fr_FR","og_type":"article","og_title":"Ev\u00e8nements pass\u00e9s - Mus\u00e9e de la Grenouill\u00e8re Croissy sur Seine","og_description":"Journ\u00e9es du PatrimoineNuit des Mus\u00e9esBal costum\u00e9Sorties","og_url":"https:\/\/www.grenouillere-museum.com\/grenouillere\/evenements-passes\/","og_site_name":"Mus\u00e9e de la Grenouill\u00e8re Croissy sur Seine","article_publisher":"https:\/\/www.facebook.com\/grenouillere.museum\/","article_modified_time":"2021-10-26T11:09:24+00:00","twitter_card":"summary_large_image","schema":{"@context":"https:\/\/schema.org","@graph":[{"@type":"WebPage","@id":"https:\/\/www.grenouillere-museum.com\/grenouillere\/evenements-passes\/","url":"https:\/\/www.grenouillere-museum.com\/grenouillere\/evenements-passes\/","name":"Ev\u00e8nements pass\u00e9s - Mus\u00e9e de la Grenouill\u00e8re Croissy sur Seine","isPartOf":{"@id":"https:\/\/www.grenouillere-museum.com\/grenouillere\/#website"},"datePublished":"2021-10-26T10:49:55+00:00","dateModified":"2021-10-26T11:09:24+00:00","breadcrumb":{"@id":"https:\/\/www.grenouillere-museum.com\/grenouillere\/evenements-passes\/#breadcrumb"},"inLanguage":"fr-FR","potentialAction":[{"@type":"ReadAction","target":["https:\/\/www.grenouillere-museum.com\/grenouillere\/evenements-passes\/"]}]},{"@type":"BreadcrumbList","@id":"https:\/\/www.grenouillere-museum.com\/grenouillere\/evenements-passes\/#breadcrumb","itemListElement":[{"@type":"ListItem","position":1,"name":"Accueil","item":"https:\/\/www.grenouillere-museum.com\/grenouillere\/"},{"@type":"ListItem","position":2,"name":"Ev\u00e8nements pass\u00e9s"}]},{"@type":"WebSite","@id":"https:\/\/www.grenouillere-museum.com\/grenouillere\/#website","url":"https:\/\/www.grenouillere-museum.com\/grenouillere\/","name":"Mus\u00e9e de la Grenouill\u00e8re","description":"Laissez-vous emmener sur le lieu de naissance de l\u2019Impressionnisme","potentialAction":[{"@type":"SearchAction","target":{"@type":"EntryPoint","urlTemplate":"https:\/\/www.grenouillere-museum.com\/grenouillere\/?s={search_term_string}"},"query-input":{"@type":"PropertyValueSpecification","valueRequired":true,"valueName":"search_term_string"}}],"inLanguage":"fr-FR"}]}},"_links":{"self":[{"href":"https:\/\/www.grenouillere-museum.com\/grenouillere\/wp-json\/wp\/v2\/pages\/7555"}],"collection":[{"href":"https:\/\/www.grenouillere-museum.com\/grenouillere\/wp-json\/wp\/v2\/pages"}],"about":[{"href":"https:\/\/www.grenouillere-museum.com\/grenouillere\/wp-json\/wp\/v2\/types\/page"}],"author":[{"embeddable":true,"href":"https:\/\/www.grenouillere-museum.com\/grenouillere\/wp-json\/wp\/v2\/users\/2"}],"replies":[{"embeddable":true,"href":"https:\/\/www.grenouillere-museum.com\/grenouillere\/wp-json\/wp\/v2\/comments?post=7555"}],"version-history":[{"count":14,"href":"https:\/\/www.grenouillere-museum.com\/grenouillere\/wp-json\/wp\/v2\/pages\/7555\/revisions"}],"predecessor-version":[{"id":7586,"href":"https:\/\/www.grenouillere-museum.com\/grenouillere\/wp-json\/wp\/v2\/pages\/7555\/revisions\/7586"}],"wp:attachment":[{"href":"https:\/\/www.grenouillere-museum.com\/grenouillere\/wp-json\/wp\/v2\/media?parent=7555"}],"curies":[{"name":"wp","href":"https:\/\/api.w.org\/{rel}","templated":true}]}}