{"id":7552,"date":"2021-10-26T11:49:13","date_gmt":"2021-10-26T10:49:13","guid":{"rendered":"https:\/\/www.grenouillere-museum.com\/grenouillere\/?page_id=7552"},"modified":"2024-02-25T17:49:59","modified_gmt":"2024-02-25T16:49:59","slug":"evenements-temporaires","status":"publish","type":"page","link":"https:\/\/www.grenouillere-museum.com\/grenouillere\/evenements-temporaires\/","title":{"rendered":"Ev\u00e8nements temporaires"},"content":{"rendered":"<div id=\"pl-7552\"  class=\"panel-layout\" ><div id=\"pg-7552-0\"  class=\"panel-grid panel-no-style\" ><div id=\"pgc-7552-0-0\"  class=\"panel-grid-cell\" ><div id=\"panel-7552-0-0-0\" class=\"so-panel widget widget_sow-editor panel-first-child\" data-index=\"0\" ><div\n\t\t\t\n\t\t\tclass=\"so-widget-sow-editor so-widget-sow-editor-base\"\n\t\t\t\n\t\t><h3 class=\"widget-title\">Absinthe : F\u00e9e verte ou noir D\u00e9mon?<\/h3>\n<div class=\"siteorigin-widget-tinymce textwidget\">\n\t<h5>L'exposition du mus\u00e9e de la Grenouill\u00e8re s'intitule \" Absinthe, F\u00e9e verte ou noir D\u00e9mon?\".<\/h5>\n<h5>Tout d'abord, elle retrace l'histoire de cette boisson sulfureuse qu'est l'absinthe, de l'engouement qu'elle a suscit\u00e9 jusqu'\u00e0 son interdiction, et pr\u00e9cise sa composition ainsi que les \u00e9tapes de sa fabrication. Cette pr\u00e9sentation est illustr\u00e9e par diff\u00e9rents objets publicitaires et de nombreuses affiches d'\u00e9poque.<\/h5>\n<h5>Le parcours se poursuit par une pr\u00e9sentation de copies d'oeuvres d'artistes, d'Edouard Manet \u00e0 Pablo Picasso, repr\u00e9sentant les effets d\u00e9l\u00e9t\u00e8res que produit ce breuvage sur ses consommateurs et la solitude qu'il peut engendrer. Po\u00e8mes ou \u00e9crits d'\u00e9crivains c\u00e9l\u00e8bres, amateurs d'absinthe, viennent corroborer ce propos.<\/h5>\n<h5><\/h5>\n<\/div>\n<\/div><\/div><div id=\"panel-7552-0-0-1\" class=\"so-panel widget widget_sow-image panel-last-child\" data-index=\"1\" ><div\n\t\t\t\n\t\t\tclass=\"so-widget-sow-image so-widget-sow-image-default-8b5b6f678277-7552\"\n\t\t\t\n\t\t>\n<div class=\"sow-image-container\">\n\t\t<img \n\tsrc=\"https:\/\/www.grenouillere-museum.com\/grenouillere\/wp-content\/uploads\/2023\/11\/Numerisation-affiche.png\" width=\"1596\" height=\"2282\" srcset=\"https:\/\/www.grenouillere-museum.com\/grenouillere\/wp-content\/uploads\/2023\/11\/Numerisation-affiche.png 1596w, https:\/\/www.grenouillere-museum.com\/grenouillere\/wp-content\/uploads\/2023\/11\/Numerisation-affiche-210x300.png 210w, https:\/\/www.grenouillere-museum.com\/grenouillere\/wp-content\/uploads\/2023\/11\/Numerisation-affiche-716x1024.png 716w, https:\/\/www.grenouillere-museum.com\/grenouillere\/wp-content\/uploads\/2023\/11\/Numerisation-affiche-105x150.png 105w, https:\/\/www.grenouillere-museum.com\/grenouillere\/wp-content\/uploads\/2023\/11\/Numerisation-affiche-768x1098.png 768w, https:\/\/www.grenouillere-museum.com\/grenouillere\/wp-content\/uploads\/2023\/11\/Numerisation-affiche-1074x1536.png 1074w, https:\/\/www.grenouillere-museum.com\/grenouillere\/wp-content\/uploads\/2023\/11\/Numerisation-affiche-1432x2048.png 1432w\" sizes=\"(max-width: 1596px) 100vw, 1596px\" title=\"Affiche exposition Absinthe\" alt=\"grenouillere_mus\u00e9e_croissy_sur_seine_L&#039;absinthe\" \t\tclass=\"so-widget-image\"\/>\n\t<\/div>\n\n<\/div><\/div><\/div><\/div><\/div>","protected":false},"excerpt":{"rendered":"<p>L&rsquo;exposition du mus\u00e9e de la Grenouill\u00e8re s&rsquo;intitule \u00a0\u00bb Absinthe, F\u00e9e verte ou noir D\u00e9mon?\u00a0\u00bb. Tout d&rsquo;abord, elle retrace l&rsquo;histoire de cette boisson sulfureuse qu&rsquo;est l&rsquo;absinthe, de l&rsquo;engouement qu&rsquo;elle a suscit\u00e9 jusqu&rsquo;\u00e0 son interdiction, et pr\u00e9cise sa composition ainsi que les \u00e9tapes de sa fabrication. Cette pr\u00e9sentation est illustr\u00e9e par diff\u00e9rents objets publicitaires et de nombreuses [&hellip;]<\/p>\n","protected":false},"author":2,"featured_media":0,"parent":0,"menu_order":0,"comment_status":"closed","ping_status":"closed","template":"","meta":{"_genesis_hide_title":false,"_genesis_hide_breadcrumbs":false,"_genesis_hide_singular_image":false,"_genesis_hide_footer_widgets":false,"_genesis_custom_body_class":"","_genesis_custom_post_class":"","_genesis_layout":"","footnotes":""},"yoast_head":"<!-- This site is optimized with the Yoast SEO plugin v23.5 - https:\/\/yoast.com\/wordpress\/plugins\/seo\/ -->\n<title>Ev\u00e8nements temporaires - Mus\u00e9e de la Grenouill\u00e8re Croissy sur Seine<\/title>\n<meta name=\"robots\" content=\"index, follow, max-snippet:-1, max-image-preview:large, max-video-preview:-1\" \/>\n<link rel=\"canonical\" href=\"https:\/\/www.grenouillere-museum.com\/grenouillere\/evenements-temporaires\/\" \/>\n<meta property=\"og:locale\" content=\"fr_FR\" \/>\n<meta property=\"og:type\" content=\"article\" \/>\n<meta property=\"og:title\" content=\"Ev\u00e8nements temporaires - Mus\u00e9e de la Grenouill\u00e8re Croissy sur Seine\" \/>\n<meta property=\"og:description\" content=\"L&#039;exposition du mus\u00e9e de la Grenouill\u00e8re s&#039;intitule &quot; Absinthe, F\u00e9e verte ou noir D\u00e9mon?&quot;. Tout d&#039;abord, elle retrace l&#039;histoire de cette boisson sulfureuse qu&#039;est l&#039;absinthe, de l&#039;engouement qu&#039;elle a suscit\u00e9 jusqu&#039;\u00e0 son interdiction, et pr\u00e9cise sa composition ainsi que les \u00e9tapes de sa fabrication. Cette pr\u00e9sentation est illustr\u00e9e par diff\u00e9rents objets publicitaires et de nombreuses [&hellip;]\" \/>\n<meta property=\"og:url\" content=\"https:\/\/www.grenouillere-museum.com\/grenouillere\/evenements-temporaires\/\" \/>\n<meta property=\"og:site_name\" content=\"Mus\u00e9e de la Grenouill\u00e8re Croissy sur Seine\" \/>\n<meta property=\"article:publisher\" content=\"https:\/\/www.facebook.com\/grenouillere.museum\/\" \/>\n<meta property=\"article:modified_time\" content=\"2024-02-25T16:49:59+00:00\" \/>\n<meta name=\"twitter:card\" content=\"summary_large_image\" \/>\n<meta name=\"twitter:label1\" content=\"Dur\u00e9e de lecture estim\u00e9e\" \/>\n\t<meta name=\"twitter:data1\" content=\"1 minute\" \/>\n<script type=\"application\/ld+json\" class=\"yoast-schema-graph\">{\"@context\":\"https:\/\/schema.org\",\"@graph\":[{\"@type\":\"WebPage\",\"@id\":\"https:\/\/www.grenouillere-museum.com\/grenouillere\/evenements-temporaires\/\",\"url\":\"https:\/\/www.grenouillere-museum.com\/grenouillere\/evenements-temporaires\/\",\"name\":\"Ev\u00e8nements temporaires - Mus\u00e9e de la Grenouill\u00e8re Croissy sur Seine\",\"isPartOf\":{\"@id\":\"https:\/\/www.grenouillere-museum.com\/grenouillere\/#website\"},\"datePublished\":\"2021-10-26T10:49:13+00:00\",\"dateModified\":\"2024-02-25T16:49:59+00:00\",\"breadcrumb\":{\"@id\":\"https:\/\/www.grenouillere-museum.com\/grenouillere\/evenements-temporaires\/#breadcrumb\"},\"inLanguage\":\"fr-FR\",\"potentialAction\":[{\"@type\":\"ReadAction\",\"target\":[\"https:\/\/www.grenouillere-museum.com\/grenouillere\/evenements-temporaires\/\"]}]},{\"@type\":\"BreadcrumbList\",\"@id\":\"https:\/\/www.grenouillere-museum.com\/grenouillere\/evenements-temporaires\/#breadcrumb\",\"itemListElement\":[{\"@type\":\"ListItem\",\"position\":1,\"name\":\"Accueil\",\"item\":\"https:\/\/www.grenouillere-museum.com\/grenouillere\/\"},{\"@type\":\"ListItem\",\"position\":2,\"name\":\"Ev\u00e8nements temporaires\"}]},{\"@type\":\"WebSite\",\"@id\":\"https:\/\/www.grenouillere-museum.com\/grenouillere\/#website\",\"url\":\"https:\/\/www.grenouillere-museum.com\/grenouillere\/\",\"name\":\"Mus\u00e9e de la Grenouill\u00e8re\",\"description\":\"Laissez-vous emmener sur le lieu de naissance de l\u2019Impressionnisme\",\"potentialAction\":[{\"@type\":\"SearchAction\",\"target\":{\"@type\":\"EntryPoint\",\"urlTemplate\":\"https:\/\/www.grenouillere-museum.com\/grenouillere\/?s={search_term_string}\"},\"query-input\":{\"@type\":\"PropertyValueSpecification\",\"valueRequired\":true,\"valueName\":\"search_term_string\"}}],\"inLanguage\":\"fr-FR\"}]}<\/script>\n<!-- \/ Yoast SEO plugin. -->","yoast_head_json":{"title":"Ev\u00e8nements temporaires - Mus\u00e9e de la Grenouill\u00e8re Croissy sur Seine","robots":{"index":"index","follow":"follow","max-snippet":"max-snippet:-1","max-image-preview":"max-image-preview:large","max-video-preview":"max-video-preview:-1"},"canonical":"https:\/\/www.grenouillere-museum.com\/grenouillere\/evenements-temporaires\/","og_locale":"fr_FR","og_type":"article","og_title":"Ev\u00e8nements temporaires - Mus\u00e9e de la Grenouill\u00e8re Croissy sur Seine","og_description":"L'exposition du mus\u00e9e de la Grenouill\u00e8re s'intitule \" Absinthe, F\u00e9e verte ou noir D\u00e9mon?\". Tout d'abord, elle retrace l'histoire de cette boisson sulfureuse qu'est l'absinthe, de l'engouement qu'elle a suscit\u00e9 jusqu'\u00e0 son interdiction, et pr\u00e9cise sa composition ainsi que les \u00e9tapes de sa fabrication. Cette pr\u00e9sentation est illustr\u00e9e par diff\u00e9rents objets publicitaires et de nombreuses [&hellip;]","og_url":"https:\/\/www.grenouillere-museum.com\/grenouillere\/evenements-temporaires\/","og_site_name":"Mus\u00e9e de la Grenouill\u00e8re Croissy sur Seine","article_publisher":"https:\/\/www.facebook.com\/grenouillere.museum\/","article_modified_time":"2024-02-25T16:49:59+00:00","twitter_card":"summary_large_image","twitter_misc":{"Dur\u00e9e de lecture estim\u00e9e":"1 minute"},"schema":{"@context":"https:\/\/schema.org","@graph":[{"@type":"WebPage","@id":"https:\/\/www.grenouillere-museum.com\/grenouillere\/evenements-temporaires\/","url":"https:\/\/www.grenouillere-museum.com\/grenouillere\/evenements-temporaires\/","name":"Ev\u00e8nements temporaires - Mus\u00e9e de la Grenouill\u00e8re Croissy sur Seine","isPartOf":{"@id":"https:\/\/www.grenouillere-museum.com\/grenouillere\/#website"},"datePublished":"2021-10-26T10:49:13+00:00","dateModified":"2024-02-25T16:49:59+00:00","breadcrumb":{"@id":"https:\/\/www.grenouillere-museum.com\/grenouillere\/evenements-temporaires\/#breadcrumb"},"inLanguage":"fr-FR","potentialAction":[{"@type":"ReadAction","target":["https:\/\/www.grenouillere-museum.com\/grenouillere\/evenements-temporaires\/"]}]},{"@type":"BreadcrumbList","@id":"https:\/\/www.grenouillere-museum.com\/grenouillere\/evenements-temporaires\/#breadcrumb","itemListElement":[{"@type":"ListItem","position":1,"name":"Accueil","item":"https:\/\/www.grenouillere-museum.com\/grenouillere\/"},{"@type":"ListItem","position":2,"name":"Ev\u00e8nements temporaires"}]},{"@type":"WebSite","@id":"https:\/\/www.grenouillere-museum.com\/grenouillere\/#website","url":"https:\/\/www.grenouillere-museum.com\/grenouillere\/","name":"Mus\u00e9e de la Grenouill\u00e8re","description":"Laissez-vous emmener sur le lieu de naissance de l\u2019Impressionnisme","potentialAction":[{"@type":"SearchAction","target":{"@type":"EntryPoint","urlTemplate":"https:\/\/www.grenouillere-museum.com\/grenouillere\/?s={search_term_string}"},"query-input":{"@type":"PropertyValueSpecification","valueRequired":true,"valueName":"search_term_string"}}],"inLanguage":"fr-FR"}]}},"_links":{"self":[{"href":"https:\/\/www.grenouillere-museum.com\/grenouillere\/wp-json\/wp\/v2\/pages\/7552"}],"collection":[{"href":"https:\/\/www.grenouillere-museum.com\/grenouillere\/wp-json\/wp\/v2\/pages"}],"about":[{"href":"https:\/\/www.grenouillere-museum.com\/grenouillere\/wp-json\/wp\/v2\/types\/page"}],"author":[{"embeddable":true,"href":"https:\/\/www.grenouillere-museum.com\/grenouillere\/wp-json\/wp\/v2\/users\/2"}],"replies":[{"embeddable":true,"href":"https:\/\/www.grenouillere-museum.com\/grenouillere\/wp-json\/wp\/v2\/comments?post=7552"}],"version-history":[{"count":15,"href":"https:\/\/www.grenouillere-museum.com\/grenouillere\/wp-json\/wp\/v2\/pages\/7552\/revisions"}],"predecessor-version":[{"id":8057,"href":"https:\/\/www.grenouillere-museum.com\/grenouillere\/wp-json\/wp\/v2\/pages\/7552\/revisions\/8057"}],"wp:attachment":[{"href":"https:\/\/www.grenouillere-museum.com\/grenouillere\/wp-json\/wp\/v2\/media?parent=7552"}],"curies":[{"name":"wp","href":"https:\/\/api.w.org\/{rel}","templated":true}]}}