{"id":7392,"date":"2020-03-13T19:21:28","date_gmt":"2020-03-13T18:21:28","guid":{"rendered":"https:\/\/www.grenouillere-museum.com\/grenouillere\/?page_id=7392"},"modified":"2020-03-13T19:21:28","modified_gmt":"2020-03-13T18:21:28","slug":"politique-de-confidentialite","status":"publish","type":"page","link":"https:\/\/www.grenouillere-museum.com\/grenouillere\/politique-de-confidentialite\/","title":{"rendered":"Politique de confidentialit\u00e9"},"content":{"rendered":"<div id=\"pl-7392\"  class=\"panel-layout\" ><div id=\"pg-7392-0\"  class=\"panel-grid panel-no-style\" ><div id=\"pgc-7392-0-0\"  class=\"panel-grid-cell\" ><div id=\"panel-7392-0-0-0\" class=\"so-panel widget widget_sow-editor panel-first-child panel-last-child\" data-index=\"0\" ><div\n\t\t\t\n\t\t\tclass=\"so-widget-sow-editor so-widget-sow-editor-base\"\n\t\t\t\n\t\t>\n<div class=\"siteorigin-widget-tinymce textwidget\">\n\t<p>Aucune donn\u00e9e personnelle n'est collect\u00e9e ni transmise sur ce site<\/p>\n<p>Toute repr\u00e9sentation totale ou partielle de ce site et de son contenu, par quelques proc\u00e9d\u00e9s que ce soit, sans l\u2019autorisation pr\u00e9alable du Mus\u00e9e de la Grenouill\u00e8re est interdite. Elle constituerait une contrefa\u00e7on sanctionn\u00e9e par les articles L335-2 et suivants du Code de la propri\u00e9t\u00e9 intellectuelle.<br \/>\nLe contenu du site, les images anim\u00e9es ou non, et tout autre \u00e9l\u00e9ment dont le site est compos\u00e9, sont la propri\u00e9t\u00e9 exclusive de l'association du Mus\u00e9e de la Grenouill\u00e8re de Croissy sur Seine<\/p>\n<\/div>\n<\/div><\/div><\/div><\/div><\/div>","protected":false},"excerpt":{"rendered":"<p>Aucune donn\u00e9e personnelle n&rsquo;est collect\u00e9e ni transmise sur ce site Toute repr\u00e9sentation totale ou partielle de ce site et de son contenu, par quelques proc\u00e9d\u00e9s que ce soit, sans l\u2019autorisation pr\u00e9alable du Mus\u00e9e de la Grenouill\u00e8re est interdite. Elle constituerait une contrefa\u00e7on sanctionn\u00e9e par les articles L335-2 et suivants du Code de la propri\u00e9t\u00e9 intellectuelle. [&hellip;]<\/p>\n","protected":false},"author":2,"featured_media":0,"parent":0,"menu_order":0,"comment_status":"closed","ping_status":"closed","template":"","meta":{"_genesis_hide_title":false,"_genesis_hide_breadcrumbs":false,"_genesis_hide_singular_image":false,"_genesis_hide_footer_widgets":false,"_genesis_custom_body_class":"","_genesis_custom_post_class":"","_genesis_layout":"","footnotes":""},"yoast_head":"<!-- This site is optimized with the Yoast SEO plugin v23.5 - https:\/\/yoast.com\/wordpress\/plugins\/seo\/ -->\n<title>Politique de confidentialit\u00e9 - Mus\u00e9e de la Grenouill\u00e8re Croissy sur Seine<\/title>\n<meta name=\"robots\" content=\"index, follow, max-snippet:-1, max-image-preview:large, max-video-preview:-1\" \/>\n<link rel=\"canonical\" href=\"https:\/\/www.grenouillere-museum.com\/grenouillere\/politique-de-confidentialite\/\" \/>\n<meta property=\"og:locale\" content=\"fr_FR\" \/>\n<meta property=\"og:type\" content=\"article\" \/>\n<meta property=\"og:title\" content=\"Politique de confidentialit\u00e9 - Mus\u00e9e de la Grenouill\u00e8re Croissy sur Seine\" \/>\n<meta property=\"og:description\" content=\"Aucune donn\u00e9e personnelle n&#039;est collect\u00e9e ni transmise sur ce site Toute repr\u00e9sentation totale ou partielle de ce site et de son contenu, par quelques proc\u00e9d\u00e9s que ce soit, sans l\u2019autorisation pr\u00e9alable du Mus\u00e9e de la Grenouill\u00e8re est interdite. Elle constituerait une contrefa\u00e7on sanctionn\u00e9e par les articles L335-2 et suivants du Code de la propri\u00e9t\u00e9 intellectuelle. [&hellip;]\" \/>\n<meta property=\"og:url\" content=\"https:\/\/www.grenouillere-museum.com\/grenouillere\/politique-de-confidentialite\/\" \/>\n<meta property=\"og:site_name\" content=\"Mus\u00e9e de la Grenouill\u00e8re Croissy sur Seine\" \/>\n<meta property=\"article:publisher\" content=\"https:\/\/www.facebook.com\/grenouillere.museum\/\" \/>\n<meta name=\"twitter:card\" content=\"summary_large_image\" \/>\n<meta name=\"twitter:label1\" content=\"Dur\u00e9e de lecture estim\u00e9e\" \/>\n\t<meta name=\"twitter:data1\" content=\"1 minute\" \/>\n<script type=\"application\/ld+json\" class=\"yoast-schema-graph\">{\"@context\":\"https:\/\/schema.org\",\"@graph\":[{\"@type\":\"WebPage\",\"@id\":\"https:\/\/www.grenouillere-museum.com\/grenouillere\/politique-de-confidentialite\/\",\"url\":\"https:\/\/www.grenouillere-museum.com\/grenouillere\/politique-de-confidentialite\/\",\"name\":\"Politique de confidentialit\u00e9 - Mus\u00e9e de la Grenouill\u00e8re Croissy sur Seine\",\"isPartOf\":{\"@id\":\"https:\/\/www.grenouillere-museum.com\/grenouillere\/#website\"},\"datePublished\":\"2020-03-13T18:21:28+00:00\",\"dateModified\":\"2020-03-13T18:21:28+00:00\",\"breadcrumb\":{\"@id\":\"https:\/\/www.grenouillere-museum.com\/grenouillere\/politique-de-confidentialite\/#breadcrumb\"},\"inLanguage\":\"fr-FR\",\"potentialAction\":[{\"@type\":\"ReadAction\",\"target\":[\"https:\/\/www.grenouillere-museum.com\/grenouillere\/politique-de-confidentialite\/\"]}]},{\"@type\":\"BreadcrumbList\",\"@id\":\"https:\/\/www.grenouillere-museum.com\/grenouillere\/politique-de-confidentialite\/#breadcrumb\",\"itemListElement\":[{\"@type\":\"ListItem\",\"position\":1,\"name\":\"Accueil\",\"item\":\"https:\/\/www.grenouillere-museum.com\/grenouillere\/\"},{\"@type\":\"ListItem\",\"position\":2,\"name\":\"Politique de confidentialit\u00e9\"}]},{\"@type\":\"WebSite\",\"@id\":\"https:\/\/www.grenouillere-museum.com\/grenouillere\/#website\",\"url\":\"https:\/\/www.grenouillere-museum.com\/grenouillere\/\",\"name\":\"Mus\u00e9e de la Grenouill\u00e8re\",\"description\":\"Laissez-vous emmener sur le lieu de naissance de l\u2019Impressionnisme\",\"potentialAction\":[{\"@type\":\"SearchAction\",\"target\":{\"@type\":\"EntryPoint\",\"urlTemplate\":\"https:\/\/www.grenouillere-museum.com\/grenouillere\/?s={search_term_string}\"},\"query-input\":{\"@type\":\"PropertyValueSpecification\",\"valueRequired\":true,\"valueName\":\"search_term_string\"}}],\"inLanguage\":\"fr-FR\"}]}<\/script>\n<!-- \/ Yoast SEO plugin. -->","yoast_head_json":{"title":"Politique de confidentialit\u00e9 - Mus\u00e9e de la Grenouill\u00e8re Croissy sur Seine","robots":{"index":"index","follow":"follow","max-snippet":"max-snippet:-1","max-image-preview":"max-image-preview:large","max-video-preview":"max-video-preview:-1"},"canonical":"https:\/\/www.grenouillere-museum.com\/grenouillere\/politique-de-confidentialite\/","og_locale":"fr_FR","og_type":"article","og_title":"Politique de confidentialit\u00e9 - Mus\u00e9e de la Grenouill\u00e8re Croissy sur Seine","og_description":"Aucune donn\u00e9e personnelle n'est collect\u00e9e ni transmise sur ce site Toute repr\u00e9sentation totale ou partielle de ce site et de son contenu, par quelques proc\u00e9d\u00e9s que ce soit, sans l\u2019autorisation pr\u00e9alable du Mus\u00e9e de la Grenouill\u00e8re est interdite. Elle constituerait une contrefa\u00e7on sanctionn\u00e9e par les articles L335-2 et suivants du Code de la propri\u00e9t\u00e9 intellectuelle. [&hellip;]","og_url":"https:\/\/www.grenouillere-museum.com\/grenouillere\/politique-de-confidentialite\/","og_site_name":"Mus\u00e9e de la Grenouill\u00e8re Croissy sur Seine","article_publisher":"https:\/\/www.facebook.com\/grenouillere.museum\/","twitter_card":"summary_large_image","twitter_misc":{"Dur\u00e9e de lecture estim\u00e9e":"1 minute"},"schema":{"@context":"https:\/\/schema.org","@graph":[{"@type":"WebPage","@id":"https:\/\/www.grenouillere-museum.com\/grenouillere\/politique-de-confidentialite\/","url":"https:\/\/www.grenouillere-museum.com\/grenouillere\/politique-de-confidentialite\/","name":"Politique de confidentialit\u00e9 - Mus\u00e9e de la Grenouill\u00e8re Croissy sur Seine","isPartOf":{"@id":"https:\/\/www.grenouillere-museum.com\/grenouillere\/#website"},"datePublished":"2020-03-13T18:21:28+00:00","dateModified":"2020-03-13T18:21:28+00:00","breadcrumb":{"@id":"https:\/\/www.grenouillere-museum.com\/grenouillere\/politique-de-confidentialite\/#breadcrumb"},"inLanguage":"fr-FR","potentialAction":[{"@type":"ReadAction","target":["https:\/\/www.grenouillere-museum.com\/grenouillere\/politique-de-confidentialite\/"]}]},{"@type":"BreadcrumbList","@id":"https:\/\/www.grenouillere-museum.com\/grenouillere\/politique-de-confidentialite\/#breadcrumb","itemListElement":[{"@type":"ListItem","position":1,"name":"Accueil","item":"https:\/\/www.grenouillere-museum.com\/grenouillere\/"},{"@type":"ListItem","position":2,"name":"Politique de confidentialit\u00e9"}]},{"@type":"WebSite","@id":"https:\/\/www.grenouillere-museum.com\/grenouillere\/#website","url":"https:\/\/www.grenouillere-museum.com\/grenouillere\/","name":"Mus\u00e9e de la Grenouill\u00e8re","description":"Laissez-vous emmener sur le lieu de naissance de l\u2019Impressionnisme","potentialAction":[{"@type":"SearchAction","target":{"@type":"EntryPoint","urlTemplate":"https:\/\/www.grenouillere-museum.com\/grenouillere\/?s={search_term_string}"},"query-input":{"@type":"PropertyValueSpecification","valueRequired":true,"valueName":"search_term_string"}}],"inLanguage":"fr-FR"}]}},"_links":{"self":[{"href":"https:\/\/www.grenouillere-museum.com\/grenouillere\/wp-json\/wp\/v2\/pages\/7392"}],"collection":[{"href":"https:\/\/www.grenouillere-museum.com\/grenouillere\/wp-json\/wp\/v2\/pages"}],"about":[{"href":"https:\/\/www.grenouillere-museum.com\/grenouillere\/wp-json\/wp\/v2\/types\/page"}],"author":[{"embeddable":true,"href":"https:\/\/www.grenouillere-museum.com\/grenouillere\/wp-json\/wp\/v2\/users\/2"}],"replies":[{"embeddable":true,"href":"https:\/\/www.grenouillere-museum.com\/grenouillere\/wp-json\/wp\/v2\/comments?post=7392"}],"version-history":[{"count":1,"href":"https:\/\/www.grenouillere-museum.com\/grenouillere\/wp-json\/wp\/v2\/pages\/7392\/revisions"}],"predecessor-version":[{"id":7393,"href":"https:\/\/www.grenouillere-museum.com\/grenouillere\/wp-json\/wp\/v2\/pages\/7392\/revisions\/7393"}],"wp:attachment":[{"href":"https:\/\/www.grenouillere-museum.com\/grenouillere\/wp-json\/wp\/v2\/media?parent=7392"}],"curies":[{"name":"wp","href":"https:\/\/api.w.org\/{rel}","templated":true}]}}