{"id":66,"date":"2014-05-27T18:52:56","date_gmt":"2014-04-15T09:33:55","guid":{"rendered":"http:\/\/ancrage.net\/mustango\/?page_id=66"},"modified":"2015-09-09T22:45:03","modified_gmt":"2015-09-09T21:45:03","slug":"activites","status":"publish","type":"page","link":"https:\/\/www.grenouillere-museum.com\/grenouillere\/lassociation\/activites\/","title":{"rendered":"Activit\u00e9s"},"content":{"rendered":"<section class=\"wpb-content-wrapper\"><p>[vc_row][vc_column][vc_raw_html]<\/p>\n<p>JTNDcCUzRUNyJUMzJUE5JUMzJUE5ZSUyMGVuJTIwMTk5NSUyQyUyMGwlRTIlODAlOTlBc3NvY2lhdGlvbiUyMGRlcyUyMEFtaXMlMjBkZSUyMGxhJTIwR3Jlbm91aWxsJUMzJUE4cmUlMjBnJUMzJUE4cmUlMjBsZSUyMG11cyVDMyVBOWUlMjBxdSVFMiU4MCU5OWVsbGUlMjBhJTIwb3V2ZXJ0JTIwZW4lMjAxOTk4JTJDJTIwZCVDMyVBOXZlbG9wcGUlMjBzZXMlMjBjb2xsZWN0aW9ucyUyQyUyMGVudHJlcHJlbmQlMjBkZXMlMjByZWNoZXJjaGVzJTIwaGlzdG9yaXF1ZXMlMjBldCUyMGFydGlzdGlxdWVzJTIwcXVpJTIwc2UlMjBjb25jciVDMyVBOXRpc2VudCUyMHBhciUyMGRlcyUyMGV4cG9zaXRpb25zJTIwdGVtcG9yYWlyZXMlMkMlMjBkZXMlMjBwdWJsaWNhdGlvbnMlMkMlMjBldCUyMGRlcyUyMGNvbmYlQzMlQTlyZW5jZXMuJTNDJTJGcCUzRSUwQSUzQ3AlM0VMJUUyJTgwJTk5YXNzb2NpYXRpb24lMjBhJTIwYXVzc2klMjB1biUyMHIlQzMlQjRsZSUyMGltcG9ydGFudCUyMGRhbnMlMjBsYSUyMHNhdXZlZ2FyZGUlMjBkdSUyMHNpdGUlMkMlMjBldCUyMGRhbnMlMjBsZXMlMjAlQzMlQTl2JUMzJUE5bmVtZW50cyUyMGxpJUMzJUE5cyUyMGF1JTIwTXVzJUMzJUE5ZSUyMGRlJTIwbGElMjBHcmVub3VpbGwlQzMlQThyZSUyQyUyMGVuJTIwcGFydGljdWxpZXIlMjBsYSUyMEYlQzMlQUF0ZSUyMGRlJTIwbGElMjBHcmVub3VpbGwlQzMlQThyZSUyQyUyMG9yZ2FuaXMlQzMlQTllJTIwdG91cyUyMGxlcyUyMGRldXglMjBhbnMlMkMlMjBxdWklMjBwZXJtZXQlMjBkZSUyMGZhaXJlJTIwcmV2aXZyZSUyMGwlRTIlODAlOTlhbWJpYW5jZSUyMGRlJTIwbGElMjBCZWxsZSUyMEVwb3F1ZSUyMGV0JTIwZGVzJTIwSW1wcmVzc2lvbm5pc3Rlcy4lM0MlMkZwJTNF<\/p>\n<p>[\/vc_raw_html][vc_raw_html]<\/p>\n<p>JTNDcCUzRUFkaCVDMyVBOXJleiUyMCVDMyVBMCUyMGwlRTIlODAlOTlhc3NvY2lhdGlvbiUyMGRlcyUyMEFtaXMlMjBkZSUyMGxhJTIwR3Jlbm91aWxsJUMzJUE4cmUlMjBldCUyMGRldmVuZXolMjBzdXBwb3J0ZXIlMjBkdSUyMHBhdHJpbW9pbmUlMEFJbXByZXNzaW9ubmlzdGUlMjAlMjElM0MlMkZwJTNFJTBBJTNDcCUzRUVuJTIwdGFudCUyMHF1JUUyJTgwJTk5YXNzb2NpYXRpb24lMkMlMjBjJUUyJTgwJTk5ZXN0JTIwZ3IlQzMlQTJjZSUyMCVDMyVBMCUyMG5vcyUyMDE1MCUyMGFkaCVDMyVBOXJlbnRzJTIwcXVlJTIwbm91cyUyMHBvdXZvbnMlMjBnYXJkZXIlMjBsYSUyMG0lQzMlQTltb2lyZSUwQWRlJTIwY2UlMjBsaWV1JTIwcXVpJTIwYSUyMHRhbnQlMjBpbnNwaXIlQzMlQTklMjBsZXMlMjBJbXByZXNzaW9ubmlzdGVzJTIwZXQlMjB2YWxvcmlzZXIlMjBjZXR0ZSUyMHAlQzMlQTlyaW9kZSUyMGdsb3JpZXVzZSUyMGRlcyUyMGJvcmRzJTBBZGUlMjBTZWluZS4lMjBOb3VzJTIwYXZvbnMlMjBiZXNvaW4lMjBkZSUyMHZvdHJlJTIwc291dGllbiUyMHBvdXIlMjBkJUMzJUE5dmVsb3BwZXIlMjBub3MlMjBwcm9qZXRzJTIwY3VsdHVyZWxzJTIwZXQlMjBlbnJpY2hpciUwQWxlJTIwbXVzJUMzJUE5ZSUyMGRlJTIwbm91dmVsbGVzJTIwYWNxdWlzaXRpb25zLiUzQyUyRnAlM0U=<\/p>\n<p>[\/vc_raw_html][\/vc_column][\/vc_row][vc_row][vc_column width=\u00a0\u00bb1\/2&Prime;][vc_single_image image=\u00a0\u00bb3949&Prime; img_size=\u00a0\u00bbfull\u00a0\u00bb alignment=\u00a0\u00bbcenter\u00a0\u00bb style=\u00a0\u00bbvc_box_shadow_3d\u00a0\u00bb el_class=\u00a0\u00bbvignette_2&Prime;][\/vc_column][vc_column width=\u00a0\u00bb1\/2&Prime;][vc_single_image image=\u00a0\u00bb3956&Prime; img_size=\u00a0\u00bbfull\u00a0\u00bb alignment=\u00a0\u00bbcenter\u00a0\u00bb style=\u00a0\u00bbvc_box_shadow_3d\u00a0\u00bb el_class=\u00a0\u00bbvignette_2&Prime;][\/vc_column][\/vc_row][vc_row][vc_column][vc_raw_html]<\/p>\n<p>JTNDYXJ0aWNsZSUzRSUwQSUzQ3VsJTIwY2xhc3MlM0QlMjJ0ZWxlY2hhcmdlbWVudCUyMiUzRSUwQSUwOSUzQ2xpJTNFJTNDYSUyMGhyZWYlM0QlMjJodHRwJTNBJTJGJTJGd3d3LmdyZW5vdWlsbGVyZS1tdXNldW0uY29tJTJGZ3Jlbm91aWxsZXJlJTJGd3AtY29udGVudCUyRnVwbG9hZHMlMkYyMDE1JTJGMDclMkZtdXNlZV9ncmVub3VpbGxlcmVfYWRoZXNpb25fZnIucGRmJTIyJTNFVCVDMyVBOWwlQzMlQTljaGFyZ2VyJTIwbGUlMjBidWxsZXRpbiUyMGQlMjdhZGglQzMlQTlzaW9uJTNDJTJGYSUzRSUzQyUyRmxpJTNFJTBBJTA5JTBBJTNDJTJGdWwlM0UlMEElM0MlMkZhcnRpY2xlJTNF<\/p>\n<p>[\/vc_raw_html][\/vc_column][\/vc_row]<\/p>\n<\/section>","protected":false},"excerpt":{"rendered":"<p>[vc_row][vc_column][vc_raw_html] JTNDcCUzRUNyJUMzJUE5JUMzJUE5ZSUyMGVuJTIwMTk5NSUyQyUyMGwlRTIlODAlOTlBc3NvY2lhdGlvbiUyMGRlcyUyMEFtaXMlMjBkZSUyMGxhJTIwR3Jlbm91aWxsJUMzJUE4cmUlMjBnJUMzJUE4cmUlMjBsZSUyMG11cyVDMyVBOWUlMjBxdSVFMiU4MCU5OWVsbGUlMjBhJTIwb3V2ZXJ0JTIwZW4lMjAxOTk4JTJDJTIwZCVDMyVBOXZlbG9wcGUlMjBzZXMlMjBjb2xsZWN0aW9ucyUyQyUyMGVudHJlcHJlbmQlMjBkZXMlMjByZWNoZXJjaGVzJTIwaGlzdG9yaXF1ZXMlMjBldCUyMGFydGlzdGlxdWVzJTIwcXVpJTIwc2UlMjBjb25jciVDMyVBOXRpc2VudCUyMHBhciUyMGRlcyUyMGV4cG9zaXRpb25zJTIwdGVtcG9yYWlyZXMlMkMlMjBkZXMlMjBwdWJsaWNhdGlvbnMlMkMlMjBldCUyMGRlcyUyMGNvbmYlQzMlQTlyZW5jZXMuJTNDJTJGcCUzRSUwQSUzQ3AlM0VMJUUyJTgwJTk5YXNzb2NpYXRpb24lMjBhJTIwYXVzc2klMjB1biUyMHIlQzMlQjRsZSUyMGltcG9ydGFudCUyMGRhbnMlMjBsYSUyMHNhdXZlZ2FyZGUlMjBkdSUyMHNpdGUlMkMlMjBldCUyMGRhbnMlMjBsZXMlMjAlQzMlQTl2JUMzJUE5bmVtZW50cyUyMGxpJUMzJUE5cyUyMGF1JTIwTXVzJUMzJUE5ZSUyMGRlJTIwbGElMjBHcmVub3VpbGwlQzMlQThyZSUyQyUyMGVuJTIwcGFydGljdWxpZXIlMjBsYSUyMEYlQzMlQUF0ZSUyMGRlJTIwbGElMjBHcmVub3VpbGwlQzMlQThyZSUyQyUyMG9yZ2FuaXMlQzMlQTllJTIwdG91cyUyMGxlcyUyMGRldXglMjBhbnMlMkMlMjBxdWklMjBwZXJtZXQlMjBkZSUyMGZhaXJlJTIwcmV2aXZyZSUyMGwlRTIlODAlOTlhbWJpYW5jZSUyMGRlJTIwbGElMjBCZWxsZSUyMEVwb3F1ZSUyMGV0JTIwZGVzJTIwSW1wcmVzc2lvbm5pc3Rlcy4lM0MlMkZwJTNF [\/vc_raw_html][vc_raw_html] JTNDcCUzRUFkaCVDMyVBOXJleiUyMCVDMyVBMCUyMGwlRTIlODAlOTlhc3NvY2lhdGlvbiUyMGRlcyUyMEFtaXMlMjBkZSUyMGxhJTIwR3Jlbm91aWxsJUMzJUE4cmUlMjBldCUyMGRldmVuZXolMjBzdXBwb3J0ZXIlMjBkdSUyMHBhdHJpbW9pbmUlMEFJbXByZXNzaW9ubmlzdGUlMjAlMjElM0MlMkZwJTNFJTBBJTNDcCUzRUVuJTIwdGFudCUyMHF1JUUyJTgwJTk5YXNzb2NpYXRpb24lMkMlMjBjJUUyJTgwJTk5ZXN0JTIwZ3IlQzMlQTJjZSUyMCVDMyVBMCUyMG5vcyUyMDE1MCUyMGFkaCVDMyVBOXJlbnRzJTIwcXVlJTIwbm91cyUyMHBvdXZvbnMlMjBnYXJkZXIlMjBsYSUyMG0lQzMlQTltb2lyZSUwQWRlJTIwY2UlMjBsaWV1JTIwcXVpJTIwYSUyMHRhbnQlMjBpbnNwaXIlQzMlQTklMjBsZXMlMjBJbXByZXNzaW9ubmlzdGVzJTIwZXQlMjB2YWxvcmlzZXIlMjBjZXR0ZSUyMHAlQzMlQTlyaW9kZSUyMGdsb3JpZXVzZSUyMGRlcyUyMGJvcmRzJTBBZGUlMjBTZWluZS4lMjBOb3VzJTIwYXZvbnMlMjBiZXNvaW4lMjBkZSUyMHZvdHJlJTIwc291dGllbiUyMHBvdXIlMjBkJUMzJUE5dmVsb3BwZXIlMjBub3MlMjBwcm9qZXRzJTIwY3VsdHVyZWxzJTIwZXQlMjBlbnJpY2hpciUwQWxlJTIwbXVzJUMzJUE5ZSUyMGRlJTIwbm91dmVsbGVzJTIwYWNxdWlzaXRpb25zLiUzQyUyRnAlM0U= [\/vc_raw_html][\/vc_column][\/vc_row][vc_row][vc_column width=\u00a0\u00bb1\/2&Prime;][vc_single_image image=\u00a0\u00bb3949&Prime; img_size=\u00a0\u00bbfull\u00a0\u00bb alignment=\u00a0\u00bbcenter\u00a0\u00bb style=\u00a0\u00bbvc_box_shadow_3d\u00a0\u00bb el_class=\u00a0\u00bbvignette_2&Prime;][\/vc_column][vc_column width=\u00a0\u00bb1\/2&Prime;][vc_single_image image=\u00a0\u00bb3956&Prime; img_size=\u00a0\u00bbfull\u00a0\u00bb alignment=\u00a0\u00bbcenter\u00a0\u00bb style=\u00a0\u00bbvc_box_shadow_3d\u00a0\u00bb el_class=\u00a0\u00bbvignette_2&Prime;][\/vc_column][\/vc_row][vc_row][vc_column][vc_raw_html] JTNDYXJ0aWNsZSUzRSUwQSUzQ3VsJTIwY2xhc3MlM0QlMjJ0ZWxlY2hhcmdlbWVudCUyMiUzRSUwQSUwOSUzQ2xpJTNFJTNDYSUyMGhyZWYlM0QlMjJodHRwJTNBJTJGJTJGd3d3LmdyZW5vdWlsbGVyZS1tdXNldW0uY29tJTJGZ3Jlbm91aWxsZXJlJTJGd3AtY29udGVudCUyRnVwbG9hZHMlMkYyMDE1JTJGMDclMkZtdXNlZV9ncmVub3VpbGxlcmVfYWRoZXNpb25fZnIucGRmJTIyJTNFVCVDMyVBOWwlQzMlQTljaGFyZ2VyJTIwbGUlMjBidWxsZXRpbiUyMGQlMjdhZGglQzMlQTlzaW9uJTNDJTJGYSUzRSUzQyUyRmxpJTNFJTBBJTA5JTBBJTNDJTJGdWwlM0UlMEElM0MlMkZhcnRpY2xlJTNF [\/vc_raw_html][\/vc_column][\/vc_row]<\/p>\n","protected":false},"author":2,"featured_media":0,"parent":61,"menu_order":0,"comment_status":"open","ping_status":"open","template":"","meta":{"_genesis_hide_title":false,"_genesis_hide_breadcrumbs":false,"_genesis_hide_singular_image":false,"_genesis_hide_footer_widgets":false,"_genesis_custom_body_class":"","_genesis_custom_post_class":"","_genesis_layout":"","footnotes":""},"yoast_head":"<!-- This site is optimized with the Yoast SEO plugin v23.5 - https:\/\/yoast.com\/wordpress\/plugins\/seo\/ -->\n<title>Activit\u00e9s - Mus\u00e9e de la Grenouill\u00e8re Croissy sur Seine<\/title>\n<meta name=\"robots\" content=\"index, follow, max-snippet:-1, max-image-preview:large, max-video-preview:-1\" \/>\n<link rel=\"canonical\" href=\"https:\/\/www.grenouillere-museum.com\/grenouillere\/lassociation\/activites\/\" \/>\n<meta property=\"og:locale\" content=\"fr_FR\" \/>\n<meta property=\"og:type\" content=\"article\" \/>\n<meta property=\"og:title\" content=\"Activit\u00e9s - Mus\u00e9e de la Grenouill\u00e8re Croissy sur Seine\" \/>\n<meta property=\"og:description\" content=\"[vc_row][vc_column][vc_raw_html] JTNDcCUzRUNyJUMzJUE5JUMzJUE5ZSUyMGVuJTIwMTk5NSUyQyUyMGwlRTIlODAlOTlBc3NvY2lhdGlvbiUyMGRlcyUyMEFtaXMlMjBkZSUyMGxhJTIwR3Jlbm91aWxsJUMzJUE4cmUlMjBnJUMzJUE4cmUlMjBsZSUyMG11cyVDMyVBOWUlMjBxdSVFMiU4MCU5OWVsbGUlMjBhJTIwb3V2ZXJ0JTIwZW4lMjAxOTk4JTJDJTIwZCVDMyVBOXZlbG9wcGUlMjBzZXMlMjBjb2xsZWN0aW9ucyUyQyUyMGVudHJlcHJlbmQlMjBkZXMlMjByZWNoZXJjaGVzJTIwaGlzdG9yaXF1ZXMlMjBldCUyMGFydGlzdGlxdWVzJTIwcXVpJTIwc2UlMjBjb25jciVDMyVBOXRpc2VudCUyMHBhciUyMGRlcyUyMGV4cG9zaXRpb25zJTIwdGVtcG9yYWlyZXMlMkMlMjBkZXMlMjBwdWJsaWNhdGlvbnMlMkMlMjBldCUyMGRlcyUyMGNvbmYlQzMlQTlyZW5jZXMuJTNDJTJGcCUzRSUwQSUzQ3AlM0VMJUUyJTgwJTk5YXNzb2NpYXRpb24lMjBhJTIwYXVzc2klMjB1biUyMHIlQzMlQjRsZSUyMGltcG9ydGFudCUyMGRhbnMlMjBsYSUyMHNhdXZlZ2FyZGUlMjBkdSUyMHNpdGUlMkMlMjBldCUyMGRhbnMlMjBsZXMlMjAlQzMlQTl2JUMzJUE5bmVtZW50cyUyMGxpJUMzJUE5cyUyMGF1JTIwTXVzJUMzJUE5ZSUyMGRlJTIwbGElMjBHcmVub3VpbGwlQzMlQThyZSUyQyUyMGVuJTIwcGFydGljdWxpZXIlMjBsYSUyMEYlQzMlQUF0ZSUyMGRlJTIwbGElMjBHcmVub3VpbGwlQzMlQThyZSUyQyUyMG9yZ2FuaXMlQzMlQTllJTIwdG91cyUyMGxlcyUyMGRldXglMjBhbnMlMkMlMjBxdWklMjBwZXJtZXQlMjBkZSUyMGZhaXJlJTIwcmV2aXZyZSUyMGwlRTIlODAlOTlhbWJpYW5jZSUyMGRlJTIwbGElMjBCZWxsZSUyMEVwb3F1ZSUyMGV0JTIwZGVzJTIwSW1wcmVzc2lvbm5pc3Rlcy4lM0MlMkZwJTNF [\/vc_raw_html][vc_raw_html] JTNDcCUzRUFkaCVDMyVBOXJleiUyMCVDMyVBMCUyMGwlRTIlODAlOTlhc3NvY2lhdGlvbiUyMGRlcyUyMEFtaXMlMjBkZSUyMGxhJTIwR3Jlbm91aWxsJUMzJUE4cmUlMjBldCUyMGRldmVuZXolMjBzdXBwb3J0ZXIlMjBkdSUyMHBhdHJpbW9pbmUlMEFJbXByZXNzaW9ubmlzdGUlMjAlMjElM0MlMkZwJTNFJTBBJTNDcCUzRUVuJTIwdGFudCUyMHF1JUUyJTgwJTk5YXNzb2NpYXRpb24lMkMlMjBjJUUyJTgwJTk5ZXN0JTIwZ3IlQzMlQTJjZSUyMCVDMyVBMCUyMG5vcyUyMDE1MCUyMGFkaCVDMyVBOXJlbnRzJTIwcXVlJTIwbm91cyUyMHBvdXZvbnMlMjBnYXJkZXIlMjBsYSUyMG0lQzMlQTltb2lyZSUwQWRlJTIwY2UlMjBsaWV1JTIwcXVpJTIwYSUyMHRhbnQlMjBpbnNwaXIlQzMlQTklMjBsZXMlMjBJbXByZXNzaW9ubmlzdGVzJTIwZXQlMjB2YWxvcmlzZXIlMjBjZXR0ZSUyMHAlQzMlQTlyaW9kZSUyMGdsb3JpZXVzZSUyMGRlcyUyMGJvcmRzJTBBZGUlMjBTZWluZS4lMjBOb3VzJTIwYXZvbnMlMjBiZXNvaW4lMjBkZSUyMHZvdHJlJTIwc291dGllbiUyMHBvdXIlMjBkJUMzJUE5dmVsb3BwZXIlMjBub3MlMjBwcm9qZXRzJTIwY3VsdHVyZWxzJTIwZXQlMjBlbnJpY2hpciUwQWxlJTIwbXVzJUMzJUE5ZSUyMGRlJTIwbm91dmVsbGVzJTIwYWNxdWlzaXRpb25zLiUzQyUyRnAlM0U= [\/vc_raw_html][\/vc_column][\/vc_row][vc_row][vc_column width=\u00a0\u00bb1\/2&Prime;][vc_single_image image=\u00a0\u00bb3949&Prime; img_size=\u00a0\u00bbfull\u00a0\u00bb alignment=\u00a0\u00bbcenter\u00a0\u00bb style=\u00a0\u00bbvc_box_shadow_3d\u00a0\u00bb el_class=\u00a0\u00bbvignette_2&Prime;][\/vc_column][vc_column width=\u00a0\u00bb1\/2&Prime;][vc_single_image image=\u00a0\u00bb3956&Prime; img_size=\u00a0\u00bbfull\u00a0\u00bb alignment=\u00a0\u00bbcenter\u00a0\u00bb style=\u00a0\u00bbvc_box_shadow_3d\u00a0\u00bb el_class=\u00a0\u00bbvignette_2&Prime;][\/vc_column][\/vc_row][vc_row][vc_column][vc_raw_html] JTNDYXJ0aWNsZSUzRSUwQSUzQ3VsJTIwY2xhc3MlM0QlMjJ0ZWxlY2hhcmdlbWVudCUyMiUzRSUwQSUwOSUzQ2xpJTNFJTNDYSUyMGhyZWYlM0QlMjJodHRwJTNBJTJGJTJGd3d3LmdyZW5vdWlsbGVyZS1tdXNldW0uY29tJTJGZ3Jlbm91aWxsZXJlJTJGd3AtY29udGVudCUyRnVwbG9hZHMlMkYyMDE1JTJGMDclMkZtdXNlZV9ncmVub3VpbGxlcmVfYWRoZXNpb25fZnIucGRmJTIyJTNFVCVDMyVBOWwlQzMlQTljaGFyZ2VyJTIwbGUlMjBidWxsZXRpbiUyMGQlMjdhZGglQzMlQTlzaW9uJTNDJTJGYSUzRSUzQyUyRmxpJTNFJTBBJTA5JTBBJTNDJTJGdWwlM0UlMEElM0MlMkZhcnRpY2xlJTNF [\/vc_raw_html][\/vc_column][\/vc_row]\" \/>\n<meta property=\"og:url\" content=\"https:\/\/www.grenouillere-museum.com\/grenouillere\/lassociation\/activites\/\" \/>\n<meta property=\"og:site_name\" content=\"Mus\u00e9e de la Grenouill\u00e8re Croissy sur Seine\" \/>\n<meta property=\"article:publisher\" content=\"https:\/\/www.facebook.com\/grenouillere.museum\/\" \/>\n<meta property=\"article:modified_time\" content=\"2015-09-09T21:45:03+00:00\" \/>\n<meta name=\"twitter:card\" content=\"summary_large_image\" \/>\n<meta name=\"twitter:label1\" content=\"Dur\u00e9e de lecture estim\u00e9e\" \/>\n\t<meta name=\"twitter:data1\" content=\"1 minute\" \/>\n<script type=\"application\/ld+json\" class=\"yoast-schema-graph\">{\"@context\":\"https:\/\/schema.org\",\"@graph\":[{\"@type\":\"WebPage\",\"@id\":\"https:\/\/www.grenouillere-museum.com\/grenouillere\/lassociation\/activites\/\",\"url\":\"https:\/\/www.grenouillere-museum.com\/grenouillere\/lassociation\/activites\/\",\"name\":\"Activit\u00e9s - Mus\u00e9e de la Grenouill\u00e8re Croissy sur Seine\",\"isPartOf\":{\"@id\":\"https:\/\/www.grenouillere-museum.com\/grenouillere\/#website\"},\"datePublished\":\"2014-04-15T09:33:55+00:00\",\"dateModified\":\"2015-09-09T21:45:03+00:00\",\"breadcrumb\":{\"@id\":\"https:\/\/www.grenouillere-museum.com\/grenouillere\/lassociation\/activites\/#breadcrumb\"},\"inLanguage\":\"fr-FR\",\"potentialAction\":[{\"@type\":\"ReadAction\",\"target\":[\"https:\/\/www.grenouillere-museum.com\/grenouillere\/lassociation\/activites\/\"]}]},{\"@type\":\"BreadcrumbList\",\"@id\":\"https:\/\/www.grenouillere-museum.com\/grenouillere\/lassociation\/activites\/#breadcrumb\",\"itemListElement\":[{\"@type\":\"ListItem\",\"position\":1,\"name\":\"Accueil\",\"item\":\"https:\/\/www.grenouillere-museum.com\/grenouillere\/\"},{\"@type\":\"ListItem\",\"position\":2,\"name\":\"Association\",\"item\":\"https:\/\/www.grenouillere-museum.com\/grenouillere\/lassociation\/\"},{\"@type\":\"ListItem\",\"position\":3,\"name\":\"Activit\u00e9s\"}]},{\"@type\":\"WebSite\",\"@id\":\"https:\/\/www.grenouillere-museum.com\/grenouillere\/#website\",\"url\":\"https:\/\/www.grenouillere-museum.com\/grenouillere\/\",\"name\":\"Mus\u00e9e de la Grenouill\u00e8re\",\"description\":\"Laissez-vous emmener sur le lieu de naissance de l\u2019Impressionnisme\",\"potentialAction\":[{\"@type\":\"SearchAction\",\"target\":{\"@type\":\"EntryPoint\",\"urlTemplate\":\"https:\/\/www.grenouillere-museum.com\/grenouillere\/?s={search_term_string}\"},\"query-input\":{\"@type\":\"PropertyValueSpecification\",\"valueRequired\":true,\"valueName\":\"search_term_string\"}}],\"inLanguage\":\"fr-FR\"}]}<\/script>\n<!-- \/ Yoast SEO plugin. -->","yoast_head_json":{"title":"Activit\u00e9s - Mus\u00e9e de la Grenouill\u00e8re Croissy sur Seine","robots":{"index":"index","follow":"follow","max-snippet":"max-snippet:-1","max-image-preview":"max-image-preview:large","max-video-preview":"max-video-preview:-1"},"canonical":"https:\/\/www.grenouillere-museum.com\/grenouillere\/lassociation\/activites\/","og_locale":"fr_FR","og_type":"article","og_title":"Activit\u00e9s - Mus\u00e9e de la Grenouill\u00e8re Croissy sur Seine","og_description":"[vc_row][vc_column][vc_raw_html] JTNDcCUzRUNyJUMzJUE5JUMzJUE5ZSUyMGVuJTIwMTk5NSUyQyUyMGwlRTIlODAlOTlBc3NvY2lhdGlvbiUyMGRlcyUyMEFtaXMlMjBkZSUyMGxhJTIwR3Jlbm91aWxsJUMzJUE4cmUlMjBnJUMzJUE4cmUlMjBsZSUyMG11cyVDMyVBOWUlMjBxdSVFMiU4MCU5OWVsbGUlMjBhJTIwb3V2ZXJ0JTIwZW4lMjAxOTk4JTJDJTIwZCVDMyVBOXZlbG9wcGUlMjBzZXMlMjBjb2xsZWN0aW9ucyUyQyUyMGVudHJlcHJlbmQlMjBkZXMlMjByZWNoZXJjaGVzJTIwaGlzdG9yaXF1ZXMlMjBldCUyMGFydGlzdGlxdWVzJTIwcXVpJTIwc2UlMjBjb25jciVDMyVBOXRpc2VudCUyMHBhciUyMGRlcyUyMGV4cG9zaXRpb25zJTIwdGVtcG9yYWlyZXMlMkMlMjBkZXMlMjBwdWJsaWNhdGlvbnMlMkMlMjBldCUyMGRlcyUyMGNvbmYlQzMlQTlyZW5jZXMuJTNDJTJGcCUzRSUwQSUzQ3AlM0VMJUUyJTgwJTk5YXNzb2NpYXRpb24lMjBhJTIwYXVzc2klMjB1biUyMHIlQzMlQjRsZSUyMGltcG9ydGFudCUyMGRhbnMlMjBsYSUyMHNhdXZlZ2FyZGUlMjBkdSUyMHNpdGUlMkMlMjBldCUyMGRhbnMlMjBsZXMlMjAlQzMlQTl2JUMzJUE5bmVtZW50cyUyMGxpJUMzJUE5cyUyMGF1JTIwTXVzJUMzJUE5ZSUyMGRlJTIwbGElMjBHcmVub3VpbGwlQzMlQThyZSUyQyUyMGVuJTIwcGFydGljdWxpZXIlMjBsYSUyMEYlQzMlQUF0ZSUyMGRlJTIwbGElMjBHcmVub3VpbGwlQzMlQThyZSUyQyUyMG9yZ2FuaXMlQzMlQTllJTIwdG91cyUyMGxlcyUyMGRldXglMjBhbnMlMkMlMjBxdWklMjBwZXJtZXQlMjBkZSUyMGZhaXJlJTIwcmV2aXZyZSUyMGwlRTIlODAlOTlhbWJpYW5jZSUyMGRlJTIwbGElMjBCZWxsZSUyMEVwb3F1ZSUyMGV0JTIwZGVzJTIwSW1wcmVzc2lvbm5pc3Rlcy4lM0MlMkZwJTNF [\/vc_raw_html][vc_raw_html] JTNDcCUzRUFkaCVDMyVBOXJleiUyMCVDMyVBMCUyMGwlRTIlODAlOTlhc3NvY2lhdGlvbiUyMGRlcyUyMEFtaXMlMjBkZSUyMGxhJTIwR3Jlbm91aWxsJUMzJUE4cmUlMjBldCUyMGRldmVuZXolMjBzdXBwb3J0ZXIlMjBkdSUyMHBhdHJpbW9pbmUlMEFJbXByZXNzaW9ubmlzdGUlMjAlMjElM0MlMkZwJTNFJTBBJTNDcCUzRUVuJTIwdGFudCUyMHF1JUUyJTgwJTk5YXNzb2NpYXRpb24lMkMlMjBjJUUyJTgwJTk5ZXN0JTIwZ3IlQzMlQTJjZSUyMCVDMyVBMCUyMG5vcyUyMDE1MCUyMGFkaCVDMyVBOXJlbnRzJTIwcXVlJTIwbm91cyUyMHBvdXZvbnMlMjBnYXJkZXIlMjBsYSUyMG0lQzMlQTltb2lyZSUwQWRlJTIwY2UlMjBsaWV1JTIwcXVpJTIwYSUyMHRhbnQlMjBpbnNwaXIlQzMlQTklMjBsZXMlMjBJbXByZXNzaW9ubmlzdGVzJTIwZXQlMjB2YWxvcmlzZXIlMjBjZXR0ZSUyMHAlQzMlQTlyaW9kZSUyMGdsb3JpZXVzZSUyMGRlcyUyMGJvcmRzJTBBZGUlMjBTZWluZS4lMjBOb3VzJTIwYXZvbnMlMjBiZXNvaW4lMjBkZSUyMHZvdHJlJTIwc291dGllbiUyMHBvdXIlMjBkJUMzJUE5dmVsb3BwZXIlMjBub3MlMjBwcm9qZXRzJTIwY3VsdHVyZWxzJTIwZXQlMjBlbnJpY2hpciUwQWxlJTIwbXVzJUMzJUE5ZSUyMGRlJTIwbm91dmVsbGVzJTIwYWNxdWlzaXRpb25zLiUzQyUyRnAlM0U= [\/vc_raw_html][\/vc_column][\/vc_row][vc_row][vc_column width=\u00a0\u00bb1\/2&Prime;][vc_single_image image=\u00a0\u00bb3949&Prime; img_size=\u00a0\u00bbfull\u00a0\u00bb alignment=\u00a0\u00bbcenter\u00a0\u00bb style=\u00a0\u00bbvc_box_shadow_3d\u00a0\u00bb el_class=\u00a0\u00bbvignette_2&Prime;][\/vc_column][vc_column width=\u00a0\u00bb1\/2&Prime;][vc_single_image image=\u00a0\u00bb3956&Prime; img_size=\u00a0\u00bbfull\u00a0\u00bb alignment=\u00a0\u00bbcenter\u00a0\u00bb style=\u00a0\u00bbvc_box_shadow_3d\u00a0\u00bb el_class=\u00a0\u00bbvignette_2&Prime;][\/vc_column][\/vc_row][vc_row][vc_column][vc_raw_html] JTNDYXJ0aWNsZSUzRSUwQSUzQ3VsJTIwY2xhc3MlM0QlMjJ0ZWxlY2hhcmdlbWVudCUyMiUzRSUwQSUwOSUzQ2xpJTNFJTNDYSUyMGhyZWYlM0QlMjJodHRwJTNBJTJGJTJGd3d3LmdyZW5vdWlsbGVyZS1tdXNldW0uY29tJTJGZ3Jlbm91aWxsZXJlJTJGd3AtY29udGVudCUyRnVwbG9hZHMlMkYyMDE1JTJGMDclMkZtdXNlZV9ncmVub3VpbGxlcmVfYWRoZXNpb25fZnIucGRmJTIyJTNFVCVDMyVBOWwlQzMlQTljaGFyZ2VyJTIwbGUlMjBidWxsZXRpbiUyMGQlMjdhZGglQzMlQTlzaW9uJTNDJTJGYSUzRSUzQyUyRmxpJTNFJTBBJTA5JTBBJTNDJTJGdWwlM0UlMEElM0MlMkZhcnRpY2xlJTNF [\/vc_raw_html][\/vc_column][\/vc_row]","og_url":"https:\/\/www.grenouillere-museum.com\/grenouillere\/lassociation\/activites\/","og_site_name":"Mus\u00e9e de la Grenouill\u00e8re Croissy sur Seine","article_publisher":"https:\/\/www.facebook.com\/grenouillere.museum\/","article_modified_time":"2015-09-09T21:45:03+00:00","twitter_card":"summary_large_image","twitter_misc":{"Dur\u00e9e de lecture estim\u00e9e":"1 minute"},"schema":{"@context":"https:\/\/schema.org","@graph":[{"@type":"WebPage","@id":"https:\/\/www.grenouillere-museum.com\/grenouillere\/lassociation\/activites\/","url":"https:\/\/www.grenouillere-museum.com\/grenouillere\/lassociation\/activites\/","name":"Activit\u00e9s - Mus\u00e9e de la Grenouill\u00e8re Croissy sur Seine","isPartOf":{"@id":"https:\/\/www.grenouillere-museum.com\/grenouillere\/#website"},"datePublished":"2014-04-15T09:33:55+00:00","dateModified":"2015-09-09T21:45:03+00:00","breadcrumb":{"@id":"https:\/\/www.grenouillere-museum.com\/grenouillere\/lassociation\/activites\/#breadcrumb"},"inLanguage":"fr-FR","potentialAction":[{"@type":"ReadAction","target":["https:\/\/www.grenouillere-museum.com\/grenouillere\/lassociation\/activites\/"]}]},{"@type":"BreadcrumbList","@id":"https:\/\/www.grenouillere-museum.com\/grenouillere\/lassociation\/activites\/#breadcrumb","itemListElement":[{"@type":"ListItem","position":1,"name":"Accueil","item":"https:\/\/www.grenouillere-museum.com\/grenouillere\/"},{"@type":"ListItem","position":2,"name":"Association","item":"https:\/\/www.grenouillere-museum.com\/grenouillere\/lassociation\/"},{"@type":"ListItem","position":3,"name":"Activit\u00e9s"}]},{"@type":"WebSite","@id":"https:\/\/www.grenouillere-museum.com\/grenouillere\/#website","url":"https:\/\/www.grenouillere-museum.com\/grenouillere\/","name":"Mus\u00e9e de la Grenouill\u00e8re","description":"Laissez-vous emmener sur le lieu de naissance de l\u2019Impressionnisme","potentialAction":[{"@type":"SearchAction","target":{"@type":"EntryPoint","urlTemplate":"https:\/\/www.grenouillere-museum.com\/grenouillere\/?s={search_term_string}"},"query-input":{"@type":"PropertyValueSpecification","valueRequired":true,"valueName":"search_term_string"}}],"inLanguage":"fr-FR"}]}},"_links":{"self":[{"href":"https:\/\/www.grenouillere-museum.com\/grenouillere\/wp-json\/wp\/v2\/pages\/66"}],"collection":[{"href":"https:\/\/www.grenouillere-museum.com\/grenouillere\/wp-json\/wp\/v2\/pages"}],"about":[{"href":"https:\/\/www.grenouillere-museum.com\/grenouillere\/wp-json\/wp\/v2\/types\/page"}],"author":[{"embeddable":true,"href":"https:\/\/www.grenouillere-museum.com\/grenouillere\/wp-json\/wp\/v2\/users\/2"}],"replies":[{"embeddable":true,"href":"https:\/\/www.grenouillere-museum.com\/grenouillere\/wp-json\/wp\/v2\/comments?post=66"}],"version-history":[{"count":53,"href":"https:\/\/www.grenouillere-museum.com\/grenouillere\/wp-json\/wp\/v2\/pages\/66\/revisions"}],"predecessor-version":[{"id":4874,"href":"https:\/\/www.grenouillere-museum.com\/grenouillere\/wp-json\/wp\/v2\/pages\/66\/revisions\/4874"}],"up":[{"embeddable":true,"href":"https:\/\/www.grenouillere-museum.com\/grenouillere\/wp-json\/wp\/v2\/pages\/61"}],"wp:attachment":[{"href":"https:\/\/www.grenouillere-museum.com\/grenouillere\/wp-json\/wp\/v2\/media?parent=66"}],"curies":[{"name":"wp","href":"https:\/\/api.w.org\/{rel}","templated":true}]}}