{"id":6560,"date":"2018-07-11T15:49:56","date_gmt":"2018-07-11T14:49:56","guid":{"rendered":"http:\/\/www.grenouillere-museum.com\/grenouillere\/?page_id=6560"},"modified":"2020-02-24T15:48:00","modified_gmt":"2020-02-24T14:48:00","slug":"6560-2","status":"publish","type":"page","link":"https:\/\/www.grenouillere-museum.com\/grenouillere\/6560-2\/","title":{"rendered":"A la boutique du Mus\u00e9e :"},"content":{"rendered":"<section class=\"wpb-content-wrapper\"><p>[vc_row][vc_column][vc_column_text]Pensez \u00e0 la boutique du mus\u00e9e pour vos cadeaux, \u00e0 offrir et \u00e0 s&rsquo;offrir !<\/p>\n<p>Des objets originaux inspir\u00e9s des plus grands ma\u00eetres de l\u2019Impressionnisme vous y attendent.<\/p>\n<p>Des id\u00e9es pour tous les budgets !<\/p>\n<p><img loading=\"lazy\" decoding=\"async\" class=\"alignnone size-medium wp-image-7139\" src=\"http:\/\/www.grenouillere-museum.com\/grenouillere\/wp-content\/uploads\/2020\/02\/bal-grenouillere-pour-site-web-640x462-300x217.jpg\" alt=\"\" width=\"300\" height=\"217\" srcset=\"https:\/\/www.grenouillere-museum.com\/grenouillere\/wp-content\/uploads\/2020\/02\/bal-grenouillere-pour-site-web-640x462-300x217.jpg 300w, https:\/\/www.grenouillere-museum.com\/grenouillere\/wp-content\/uploads\/2020\/02\/bal-grenouillere-pour-site-web-640x462.jpg 640w\" sizes=\"(max-width: 300px) 100vw, 300px\" \/>[\/vc_column_text][\/vc_column][\/vc_row]<\/p>\n<\/section>","protected":false},"excerpt":{"rendered":"<p>[vc_row][vc_column][vc_column_text]Pensez \u00e0 la boutique du mus\u00e9e pour vos cadeaux, \u00e0 offrir et \u00e0 s&rsquo;offrir ! Des objets originaux inspir\u00e9s des plus grands ma\u00eetres de l\u2019Impressionnisme vous y attendent. Des id\u00e9es pour tous les budgets ! [\/vc_column_text][\/vc_column][\/vc_row]<\/p>\n","protected":false},"author":5,"featured_media":0,"parent":0,"menu_order":0,"comment_status":"closed","ping_status":"closed","template":"","meta":{"_genesis_hide_title":false,"_genesis_hide_breadcrumbs":false,"_genesis_hide_singular_image":false,"_genesis_hide_footer_widgets":false,"_genesis_custom_body_class":"","_genesis_custom_post_class":"","_genesis_layout":"","footnotes":""},"yoast_head":"<!-- This site is optimized with the Yoast SEO plugin v23.5 - https:\/\/yoast.com\/wordpress\/plugins\/seo\/ -->\n<title>A la boutique du Mus\u00e9e : - Mus\u00e9e de la Grenouill\u00e8re Croissy sur Seine<\/title>\n<meta name=\"robots\" content=\"index, follow, max-snippet:-1, max-image-preview:large, max-video-preview:-1\" \/>\n<link rel=\"canonical\" href=\"https:\/\/www.grenouillere-museum.com\/grenouillere\/6560-2\/\" \/>\n<meta property=\"og:locale\" content=\"fr_FR\" \/>\n<meta property=\"og:type\" content=\"article\" \/>\n<meta property=\"og:title\" content=\"A la boutique du Mus\u00e9e : - Mus\u00e9e de la Grenouill\u00e8re Croissy sur Seine\" \/>\n<meta property=\"og:description\" content=\"[vc_row][vc_column][vc_column_text]Pensez \u00e0 la boutique du mus\u00e9e pour vos cadeaux, \u00e0 offrir et \u00e0 s&rsquo;offrir ! Des objets originaux inspir\u00e9s des plus grands ma\u00eetres de l\u2019Impressionnisme vous y attendent. Des id\u00e9es pour tous les budgets ! [\/vc_column_text][\/vc_column][\/vc_row]\" \/>\n<meta property=\"og:url\" content=\"https:\/\/www.grenouillere-museum.com\/grenouillere\/6560-2\/\" \/>\n<meta property=\"og:site_name\" content=\"Mus\u00e9e de la Grenouill\u00e8re Croissy sur Seine\" \/>\n<meta property=\"article:publisher\" content=\"https:\/\/www.facebook.com\/grenouillere.museum\/\" \/>\n<meta property=\"article:modified_time\" content=\"2020-02-24T14:48:00+00:00\" \/>\n<meta property=\"og:image\" content=\"http:\/\/www.grenouillere-museum.com\/grenouillere\/wp-content\/uploads\/2020\/02\/bal-grenouillere-pour-site-web-640x462-300x217.jpg\" \/>\n<meta name=\"twitter:card\" content=\"summary_large_image\" \/>\n<script type=\"application\/ld+json\" class=\"yoast-schema-graph\">{\"@context\":\"https:\/\/schema.org\",\"@graph\":[{\"@type\":\"WebPage\",\"@id\":\"https:\/\/www.grenouillere-museum.com\/grenouillere\/6560-2\/\",\"url\":\"https:\/\/www.grenouillere-museum.com\/grenouillere\/6560-2\/\",\"name\":\"A la boutique du Mus\u00e9e : - Mus\u00e9e de la Grenouill\u00e8re Croissy sur Seine\",\"isPartOf\":{\"@id\":\"https:\/\/www.grenouillere-museum.com\/grenouillere\/#website\"},\"primaryImageOfPage\":{\"@id\":\"https:\/\/www.grenouillere-museum.com\/grenouillere\/6560-2\/#primaryimage\"},\"image\":{\"@id\":\"https:\/\/www.grenouillere-museum.com\/grenouillere\/6560-2\/#primaryimage\"},\"thumbnailUrl\":\"http:\/\/www.grenouillere-museum.com\/grenouillere\/wp-content\/uploads\/2020\/02\/bal-grenouillere-pour-site-web-640x462-300x217.jpg\",\"datePublished\":\"2018-07-11T14:49:56+00:00\",\"dateModified\":\"2020-02-24T14:48:00+00:00\",\"breadcrumb\":{\"@id\":\"https:\/\/www.grenouillere-museum.com\/grenouillere\/6560-2\/#breadcrumb\"},\"inLanguage\":\"fr-FR\",\"potentialAction\":[{\"@type\":\"ReadAction\",\"target\":[\"https:\/\/www.grenouillere-museum.com\/grenouillere\/6560-2\/\"]}]},{\"@type\":\"ImageObject\",\"inLanguage\":\"fr-FR\",\"@id\":\"https:\/\/www.grenouillere-museum.com\/grenouillere\/6560-2\/#primaryimage\",\"url\":\"http:\/\/www.grenouillere-museum.com\/grenouillere\/wp-content\/uploads\/2020\/02\/bal-grenouillere-pour-site-web-640x462-300x217.jpg\",\"contentUrl\":\"http:\/\/www.grenouillere-museum.com\/grenouillere\/wp-content\/uploads\/2020\/02\/bal-grenouillere-pour-site-web-640x462-300x217.jpg\"},{\"@type\":\"BreadcrumbList\",\"@id\":\"https:\/\/www.grenouillere-museum.com\/grenouillere\/6560-2\/#breadcrumb\",\"itemListElement\":[{\"@type\":\"ListItem\",\"position\":1,\"name\":\"Accueil\",\"item\":\"https:\/\/www.grenouillere-museum.com\/grenouillere\/\"},{\"@type\":\"ListItem\",\"position\":2,\"name\":\"A la boutique du Mus\u00e9e :\"}]},{\"@type\":\"WebSite\",\"@id\":\"https:\/\/www.grenouillere-museum.com\/grenouillere\/#website\",\"url\":\"https:\/\/www.grenouillere-museum.com\/grenouillere\/\",\"name\":\"Mus\u00e9e de la Grenouill\u00e8re\",\"description\":\"Laissez-vous emmener sur le lieu de naissance de l\u2019Impressionnisme\",\"potentialAction\":[{\"@type\":\"SearchAction\",\"target\":{\"@type\":\"EntryPoint\",\"urlTemplate\":\"https:\/\/www.grenouillere-museum.com\/grenouillere\/?s={search_term_string}\"},\"query-input\":{\"@type\":\"PropertyValueSpecification\",\"valueRequired\":true,\"valueName\":\"search_term_string\"}}],\"inLanguage\":\"fr-FR\"}]}<\/script>\n<!-- \/ Yoast SEO plugin. -->","yoast_head_json":{"title":"A la boutique du Mus\u00e9e : - Mus\u00e9e de la Grenouill\u00e8re Croissy sur Seine","robots":{"index":"index","follow":"follow","max-snippet":"max-snippet:-1","max-image-preview":"max-image-preview:large","max-video-preview":"max-video-preview:-1"},"canonical":"https:\/\/www.grenouillere-museum.com\/grenouillere\/6560-2\/","og_locale":"fr_FR","og_type":"article","og_title":"A la boutique du Mus\u00e9e : - Mus\u00e9e de la Grenouill\u00e8re Croissy sur Seine","og_description":"[vc_row][vc_column][vc_column_text]Pensez \u00e0 la boutique du mus\u00e9e pour vos cadeaux, \u00e0 offrir et \u00e0 s&rsquo;offrir ! Des objets originaux inspir\u00e9s des plus grands ma\u00eetres de l\u2019Impressionnisme vous y attendent. Des id\u00e9es pour tous les budgets ! [\/vc_column_text][\/vc_column][\/vc_row]","og_url":"https:\/\/www.grenouillere-museum.com\/grenouillere\/6560-2\/","og_site_name":"Mus\u00e9e de la Grenouill\u00e8re Croissy sur Seine","article_publisher":"https:\/\/www.facebook.com\/grenouillere.museum\/","article_modified_time":"2020-02-24T14:48:00+00:00","og_image":[{"url":"http:\/\/www.grenouillere-museum.com\/grenouillere\/wp-content\/uploads\/2020\/02\/bal-grenouillere-pour-site-web-640x462-300x217.jpg"}],"twitter_card":"summary_large_image","schema":{"@context":"https:\/\/schema.org","@graph":[{"@type":"WebPage","@id":"https:\/\/www.grenouillere-museum.com\/grenouillere\/6560-2\/","url":"https:\/\/www.grenouillere-museum.com\/grenouillere\/6560-2\/","name":"A la boutique du Mus\u00e9e : - Mus\u00e9e de la Grenouill\u00e8re Croissy sur Seine","isPartOf":{"@id":"https:\/\/www.grenouillere-museum.com\/grenouillere\/#website"},"primaryImageOfPage":{"@id":"https:\/\/www.grenouillere-museum.com\/grenouillere\/6560-2\/#primaryimage"},"image":{"@id":"https:\/\/www.grenouillere-museum.com\/grenouillere\/6560-2\/#primaryimage"},"thumbnailUrl":"http:\/\/www.grenouillere-museum.com\/grenouillere\/wp-content\/uploads\/2020\/02\/bal-grenouillere-pour-site-web-640x462-300x217.jpg","datePublished":"2018-07-11T14:49:56+00:00","dateModified":"2020-02-24T14:48:00+00:00","breadcrumb":{"@id":"https:\/\/www.grenouillere-museum.com\/grenouillere\/6560-2\/#breadcrumb"},"inLanguage":"fr-FR","potentialAction":[{"@type":"ReadAction","target":["https:\/\/www.grenouillere-museum.com\/grenouillere\/6560-2\/"]}]},{"@type":"ImageObject","inLanguage":"fr-FR","@id":"https:\/\/www.grenouillere-museum.com\/grenouillere\/6560-2\/#primaryimage","url":"http:\/\/www.grenouillere-museum.com\/grenouillere\/wp-content\/uploads\/2020\/02\/bal-grenouillere-pour-site-web-640x462-300x217.jpg","contentUrl":"http:\/\/www.grenouillere-museum.com\/grenouillere\/wp-content\/uploads\/2020\/02\/bal-grenouillere-pour-site-web-640x462-300x217.jpg"},{"@type":"BreadcrumbList","@id":"https:\/\/www.grenouillere-museum.com\/grenouillere\/6560-2\/#breadcrumb","itemListElement":[{"@type":"ListItem","position":1,"name":"Accueil","item":"https:\/\/www.grenouillere-museum.com\/grenouillere\/"},{"@type":"ListItem","position":2,"name":"A la boutique du Mus\u00e9e :"}]},{"@type":"WebSite","@id":"https:\/\/www.grenouillere-museum.com\/grenouillere\/#website","url":"https:\/\/www.grenouillere-museum.com\/grenouillere\/","name":"Mus\u00e9e de la Grenouill\u00e8re","description":"Laissez-vous emmener sur le lieu de naissance de l\u2019Impressionnisme","potentialAction":[{"@type":"SearchAction","target":{"@type":"EntryPoint","urlTemplate":"https:\/\/www.grenouillere-museum.com\/grenouillere\/?s={search_term_string}"},"query-input":{"@type":"PropertyValueSpecification","valueRequired":true,"valueName":"search_term_string"}}],"inLanguage":"fr-FR"}]}},"_links":{"self":[{"href":"https:\/\/www.grenouillere-museum.com\/grenouillere\/wp-json\/wp\/v2\/pages\/6560"}],"collection":[{"href":"https:\/\/www.grenouillere-museum.com\/grenouillere\/wp-json\/wp\/v2\/pages"}],"about":[{"href":"https:\/\/www.grenouillere-museum.com\/grenouillere\/wp-json\/wp\/v2\/types\/page"}],"author":[{"embeddable":true,"href":"https:\/\/www.grenouillere-museum.com\/grenouillere\/wp-json\/wp\/v2\/users\/5"}],"replies":[{"embeddable":true,"href":"https:\/\/www.grenouillere-museum.com\/grenouillere\/wp-json\/wp\/v2\/comments?post=6560"}],"version-history":[{"count":6,"href":"https:\/\/www.grenouillere-museum.com\/grenouillere\/wp-json\/wp\/v2\/pages\/6560\/revisions"}],"predecessor-version":[{"id":7140,"href":"https:\/\/www.grenouillere-museum.com\/grenouillere\/wp-json\/wp\/v2\/pages\/6560\/revisions\/7140"}],"wp:attachment":[{"href":"https:\/\/www.grenouillere-museum.com\/grenouillere\/wp-json\/wp\/v2\/media?parent=6560"}],"curies":[{"name":"wp","href":"https:\/\/api.w.org\/{rel}","templated":true}]}}