{"id":6352,"date":"2017-05-09T18:04:53","date_gmt":"2017-05-09T17:04:53","guid":{"rendered":"http:\/\/www.grenouillere-museum.com\/grenouillere\/?page_id=6352"},"modified":"2020-02-24T17:00:29","modified_gmt":"2020-02-24T16:00:29","slug":"evenement-2","status":"publish","type":"page","link":"https:\/\/www.grenouillere-museum.com\/grenouillere\/evenement-2\/","title":{"rendered":"Ev\u00e9nement"},"content":{"rendered":"<section class=\"wpb-content-wrapper\"><p>[vc_row][vc_column][vc_column_text]<\/p>\r\n<p><a href=\"https:\/\/albert-robida.blogspot.com\/2018\/07\/des-maquettes-en-3d-lexposition-albert.html\">\u00a0L&rsquo;oeuvre anticipatrice d\u2019Albert Robida, dessinateur, romancier, graveur&#8230;. et plus encore&#8230;\u00e9tait au centre de cette exposition r\u00e9alis\u00e9e en collaboration avec l\u2019association Les Amis d\u2019Albert Robida. En savoir plus : <\/a><\/p>\r\n<p><a href=\"https:\/\/albert-robida.blogspot.com\/2018\/07\/des-maquettes-en-3d-lexposition-albert.html\">https:\/\/albert-robida.blogspot.com\/2018\/07\/des-maquettes-en-3d-lexposition-albert.html<\/a><\/p>\r\n<p>[\/vc_column_text][\/vc_column][\/vc_row][vc_row][vc_column width=\u00a0\u00bb2\/3&Prime;][vc_column_text el_id=\u00a0\u00bb L&rsquo;un des objets imagin\u00e9s et dessin\u00e9s il y a-plus de 150 ans par Albert Robida. Collection Mus\u00e9e de la Grenouill\u00e8re\u00a0\u00bb]<img loading=\"lazy\" decoding=\"async\" class=\"alignnone size-medium wp-image-6746\" src=\"http:\/\/www.grenouillere-museum.com\/grenouillere\/wp-content\/uploads\/2018\/11\/EXPO-LOrdinatographe-imagin\u00e9-et-dessin\u00e9-il-y-a-plus-de-150-ans-par-Albert-Robida-300x225.jpg\" alt=\"\" width=\"300\" height=\"225\" srcset=\"https:\/\/www.grenouillere-museum.com\/grenouillere\/wp-content\/uploads\/2018\/11\/EXPO-LOrdinatographe-imagin\u00e9-et-dessin\u00e9-il-y-a-plus-de-150-ans-par-Albert-Robida-300x225.jpg 300w, https:\/\/www.grenouillere-museum.com\/grenouillere\/wp-content\/uploads\/2018\/11\/EXPO-LOrdinatographe-imagin\u00e9-et-dessin\u00e9-il-y-a-plus-de-150-ans-par-Albert-Robida-768x576.jpg 768w, https:\/\/www.grenouillere-museum.com\/grenouillere\/wp-content\/uploads\/2018\/11\/EXPO-LOrdinatographe-imagin\u00e9-et-dessin\u00e9-il-y-a-plus-de-150-ans-par-Albert-Robida-1024x768.jpg 1024w\" sizes=\"(max-width: 300px) 100vw, 300px\" \/>[\/vc_column_text][\/vc_column][vc_column width=\u00a0\u00bb1\/3&Prime;][\/vc_column][\/vc_row][vc_row][vc_column][vc_column_text]L&rsquo;un des objets imagin\u00e9s et dessin\u00e9s il y a plus de 150 ans par Albert Robida &#8211; Collection Mus\u00e9e de la Grenouill\u00e8re[\/vc_column_text][vc_facebook css_animation=\u00a0\u00bbbounceIn\u00a0\u00bb][\/vc_column][\/vc_row][vc_row][vc_column][vc_column_text]<\/p>\r\n<p>[vc_row][vc_column width=\u00a0\u00bb1\/1&Prime;][vc_column_text]<\/p>\r\n<p><\/p>\r\n<p>&nbsp;<\/p>\r\n<p><\/p>\r\n<p><\/p>\r\n<p><\/p>\r\n<p style=\"text-align: center;\"><strong class=\"alignnone size-medium wp-image-6796\">R\u00e9union de famille par t\u00e9l\u00e9phonoscope, <\/strong><\/p>\r\n<p><strong><img loading=\"lazy\" decoding=\"async\" class=\"alignnone size-medium wp-image-6796\" src=\"http:\/\/www.grenouillere-museum.com\/grenouillere\/wp-content\/uploads\/2018\/12\/Albert-Robid-R\u00e9union-de-famille-par-t\u00e9l\u00e9phonoscope-1-e1545232181740-300x225.jpg\" alt=\"\" width=\"300\" height=\"225\" srcset=\"https:\/\/www.grenouillere-museum.com\/grenouillere\/wp-content\/uploads\/2018\/12\/Albert-Robid-R\u00e9union-de-famille-par-t\u00e9l\u00e9phonoscope-1-e1545232181740-300x225.jpg 300w, https:\/\/www.grenouillere-museum.com\/grenouillere\/wp-content\/uploads\/2018\/12\/Albert-Robid-R\u00e9union-de-famille-par-t\u00e9l\u00e9phonoscope-1-e1545232181740-768x576.jpg 768w, https:\/\/www.grenouillere-museum.com\/grenouillere\/wp-content\/uploads\/2018\/12\/Albert-Robid-R\u00e9union-de-famille-par-t\u00e9l\u00e9phonoscope-1-e1545232181740-1024x768.jpg 1024w\" sizes=\"(max-width: 300px) 100vw, 300px\" \/><\/strong><\/p>\r\n<p><strong>\u00a0 Albert Robida, <\/strong><strong class=\"alignnone size-medium wp-image-6796\">Le rire, 1896 &#8211; Collection Mus\u00e9e de la Grenouill\u00e8re<\/strong><\/p>\r\n<p><\/p>\r\n<p><\/p>\r\n<p>[\/vc_column_text][\/vc_column][\/vc_row]<\/p><\/section>","protected":false},"excerpt":{"rendered":"<p>[vc_row][vc_column][vc_column_text] \u00a0L&rsquo;oeuvre anticipatrice d\u2019Albert Robida, dessinateur, romancier, graveur&#8230;. et plus encore&#8230;\u00e9tait au centre de cette exposition r\u00e9alis\u00e9e en collaboration avec l\u2019association Les Amis d\u2019Albert Robida. En savoir plus : https:\/\/albert-robida.blogspot.com\/2018\/07\/des-maquettes-en-3d-lexposition-albert.html [\/vc_column_text][\/vc_column][\/vc_row][vc_row][vc_column width=\u00a0\u00bb2\/3&Prime;][vc_column_text el_id=\u00a0\u00bb L&rsquo;un des objets imagin\u00e9s et dessin\u00e9s il y a-plus de 150 ans par Albert Robida. Collection Mus\u00e9e de la Grenouill\u00e8re\u00a0\u00bb][\/vc_column_text][\/vc_column][vc_column width=\u00a0\u00bb1\/3&Prime;][\/vc_column][\/vc_row][vc_row][vc_column][vc_column_text]L&rsquo;un des [&hellip;]<\/p>\n","protected":false},"author":2,"featured_media":0,"parent":0,"menu_order":0,"comment_status":"closed","ping_status":"closed","template":"","meta":{"_genesis_hide_title":false,"_genesis_hide_breadcrumbs":false,"_genesis_hide_singular_image":false,"_genesis_hide_footer_widgets":false,"_genesis_custom_body_class":"","_genesis_custom_post_class":"","_genesis_layout":"","footnotes":""},"yoast_head":"<!-- This site is optimized with the Yoast SEO plugin v23.5 - https:\/\/yoast.com\/wordpress\/plugins\/seo\/ -->\n<title>Ev\u00e9nement - Mus\u00e9e de la Grenouill\u00e8re Croissy sur Seine<\/title>\n<meta name=\"description\" content=\"Dimanche 25 Juin 15h30 Visite th\u00e9\u00e2tralis\u00e9e autour du Mus\u00e9e de la Grenouill\u00e8re\" \/>\n<meta name=\"robots\" content=\"index, follow, max-snippet:-1, max-image-preview:large, max-video-preview:-1\" \/>\n<link rel=\"canonical\" href=\"https:\/\/www.grenouillere-museum.com\/grenouillere\/evenement-2\/\" \/>\n<meta property=\"og:locale\" content=\"fr_FR\" \/>\n<meta property=\"og:type\" content=\"article\" \/>\n<meta property=\"og:title\" content=\"Ev\u00e9nement - Mus\u00e9e de la Grenouill\u00e8re Croissy sur Seine\" \/>\n<meta property=\"og:description\" content=\"Dimanche 25 Juin 15h30 Visite th\u00e9\u00e2tralis\u00e9e autour du Mus\u00e9e de la Grenouill\u00e8re\" \/>\n<meta property=\"og:url\" content=\"https:\/\/www.grenouillere-museum.com\/grenouillere\/evenement-2\/\" \/>\n<meta property=\"og:site_name\" content=\"Mus\u00e9e de la Grenouill\u00e8re Croissy sur Seine\" \/>\n<meta property=\"article:publisher\" content=\"https:\/\/www.facebook.com\/grenouillere.museum\/\" \/>\n<meta property=\"article:modified_time\" content=\"2020-02-24T16:00:29+00:00\" \/>\n<meta property=\"og:image\" content=\"http:\/\/www.grenouillere-museum.com\/grenouillere\/wp-content\/uploads\/2018\/11\/EXPO-LOrdinatographe-imagin\u00e9-et-dessin\u00e9-il-y-a-plus-de-150-ans-par-Albert-Robida-300x225.jpg\" \/>\n<meta name=\"twitter:card\" content=\"summary_large_image\" \/>\n<meta name=\"twitter:label1\" content=\"Dur\u00e9e de lecture estim\u00e9e\" \/>\n\t<meta name=\"twitter:data1\" content=\"1 minute\" \/>\n<script type=\"application\/ld+json\" class=\"yoast-schema-graph\">{\"@context\":\"https:\/\/schema.org\",\"@graph\":[{\"@type\":\"WebPage\",\"@id\":\"https:\/\/www.grenouillere-museum.com\/grenouillere\/evenement-2\/\",\"url\":\"https:\/\/www.grenouillere-museum.com\/grenouillere\/evenement-2\/\",\"name\":\"Ev\u00e9nement - Mus\u00e9e de la Grenouill\u00e8re Croissy sur Seine\",\"isPartOf\":{\"@id\":\"https:\/\/www.grenouillere-museum.com\/grenouillere\/#website\"},\"datePublished\":\"2017-05-09T17:04:53+00:00\",\"dateModified\":\"2020-02-24T16:00:29+00:00\",\"description\":\"Dimanche 25 Juin 15h30 Visite th\u00e9\u00e2tralis\u00e9e autour du Mus\u00e9e de la Grenouill\u00e8re\",\"breadcrumb\":{\"@id\":\"https:\/\/www.grenouillere-museum.com\/grenouillere\/evenement-2\/#breadcrumb\"},\"inLanguage\":\"fr-FR\",\"potentialAction\":[{\"@type\":\"ReadAction\",\"target\":[\"https:\/\/www.grenouillere-museum.com\/grenouillere\/evenement-2\/\"]}]},{\"@type\":\"BreadcrumbList\",\"@id\":\"https:\/\/www.grenouillere-museum.com\/grenouillere\/evenement-2\/#breadcrumb\",\"itemListElement\":[{\"@type\":\"ListItem\",\"position\":1,\"name\":\"Accueil\",\"item\":\"https:\/\/www.grenouillere-museum.com\/grenouillere\/\"},{\"@type\":\"ListItem\",\"position\":2,\"name\":\"Ev\u00e9nement\"}]},{\"@type\":\"WebSite\",\"@id\":\"https:\/\/www.grenouillere-museum.com\/grenouillere\/#website\",\"url\":\"https:\/\/www.grenouillere-museum.com\/grenouillere\/\",\"name\":\"Mus\u00e9e de la Grenouill\u00e8re\",\"description\":\"Laissez-vous emmener sur le lieu de naissance de l\u2019Impressionnisme\",\"potentialAction\":[{\"@type\":\"SearchAction\",\"target\":{\"@type\":\"EntryPoint\",\"urlTemplate\":\"https:\/\/www.grenouillere-museum.com\/grenouillere\/?s={search_term_string}\"},\"query-input\":{\"@type\":\"PropertyValueSpecification\",\"valueRequired\":true,\"valueName\":\"search_term_string\"}}],\"inLanguage\":\"fr-FR\"}]}<\/script>\n<!-- \/ Yoast SEO plugin. -->","yoast_head_json":{"title":"Ev\u00e9nement - Mus\u00e9e de la Grenouill\u00e8re Croissy sur Seine","description":"Dimanche 25 Juin 15h30 Visite th\u00e9\u00e2tralis\u00e9e autour du Mus\u00e9e de la Grenouill\u00e8re","robots":{"index":"index","follow":"follow","max-snippet":"max-snippet:-1","max-image-preview":"max-image-preview:large","max-video-preview":"max-video-preview:-1"},"canonical":"https:\/\/www.grenouillere-museum.com\/grenouillere\/evenement-2\/","og_locale":"fr_FR","og_type":"article","og_title":"Ev\u00e9nement - Mus\u00e9e de la Grenouill\u00e8re Croissy sur Seine","og_description":"Dimanche 25 Juin 15h30 Visite th\u00e9\u00e2tralis\u00e9e autour du Mus\u00e9e de la Grenouill\u00e8re","og_url":"https:\/\/www.grenouillere-museum.com\/grenouillere\/evenement-2\/","og_site_name":"Mus\u00e9e de la Grenouill\u00e8re Croissy sur Seine","article_publisher":"https:\/\/www.facebook.com\/grenouillere.museum\/","article_modified_time":"2020-02-24T16:00:29+00:00","og_image":[{"url":"http:\/\/www.grenouillere-museum.com\/grenouillere\/wp-content\/uploads\/2018\/11\/EXPO-LOrdinatographe-imagin\u00e9-et-dessin\u00e9-il-y-a-plus-de-150-ans-par-Albert-Robida-300x225.jpg"}],"twitter_card":"summary_large_image","twitter_misc":{"Dur\u00e9e de lecture estim\u00e9e":"1 minute"},"schema":{"@context":"https:\/\/schema.org","@graph":[{"@type":"WebPage","@id":"https:\/\/www.grenouillere-museum.com\/grenouillere\/evenement-2\/","url":"https:\/\/www.grenouillere-museum.com\/grenouillere\/evenement-2\/","name":"Ev\u00e9nement - Mus\u00e9e de la Grenouill\u00e8re Croissy sur Seine","isPartOf":{"@id":"https:\/\/www.grenouillere-museum.com\/grenouillere\/#website"},"datePublished":"2017-05-09T17:04:53+00:00","dateModified":"2020-02-24T16:00:29+00:00","description":"Dimanche 25 Juin 15h30 Visite th\u00e9\u00e2tralis\u00e9e autour du Mus\u00e9e de la Grenouill\u00e8re","breadcrumb":{"@id":"https:\/\/www.grenouillere-museum.com\/grenouillere\/evenement-2\/#breadcrumb"},"inLanguage":"fr-FR","potentialAction":[{"@type":"ReadAction","target":["https:\/\/www.grenouillere-museum.com\/grenouillere\/evenement-2\/"]}]},{"@type":"BreadcrumbList","@id":"https:\/\/www.grenouillere-museum.com\/grenouillere\/evenement-2\/#breadcrumb","itemListElement":[{"@type":"ListItem","position":1,"name":"Accueil","item":"https:\/\/www.grenouillere-museum.com\/grenouillere\/"},{"@type":"ListItem","position":2,"name":"Ev\u00e9nement"}]},{"@type":"WebSite","@id":"https:\/\/www.grenouillere-museum.com\/grenouillere\/#website","url":"https:\/\/www.grenouillere-museum.com\/grenouillere\/","name":"Mus\u00e9e de la Grenouill\u00e8re","description":"Laissez-vous emmener sur le lieu de naissance de l\u2019Impressionnisme","potentialAction":[{"@type":"SearchAction","target":{"@type":"EntryPoint","urlTemplate":"https:\/\/www.grenouillere-museum.com\/grenouillere\/?s={search_term_string}"},"query-input":{"@type":"PropertyValueSpecification","valueRequired":true,"valueName":"search_term_string"}}],"inLanguage":"fr-FR"}]}},"_links":{"self":[{"href":"https:\/\/www.grenouillere-museum.com\/grenouillere\/wp-json\/wp\/v2\/pages\/6352"}],"collection":[{"href":"https:\/\/www.grenouillere-museum.com\/grenouillere\/wp-json\/wp\/v2\/pages"}],"about":[{"href":"https:\/\/www.grenouillere-museum.com\/grenouillere\/wp-json\/wp\/v2\/types\/page"}],"author":[{"embeddable":true,"href":"https:\/\/www.grenouillere-museum.com\/grenouillere\/wp-json\/wp\/v2\/users\/2"}],"replies":[{"embeddable":true,"href":"https:\/\/www.grenouillere-museum.com\/grenouillere\/wp-json\/wp\/v2\/comments?post=6352"}],"version-history":[{"count":45,"href":"https:\/\/www.grenouillere-museum.com\/grenouillere\/wp-json\/wp\/v2\/pages\/6352\/revisions"}],"predecessor-version":[{"id":7175,"href":"https:\/\/www.grenouillere-museum.com\/grenouillere\/wp-json\/wp\/v2\/pages\/6352\/revisions\/7175"}],"wp:attachment":[{"href":"https:\/\/www.grenouillere-museum.com\/grenouillere\/wp-json\/wp\/v2\/media?parent=6352"}],"curies":[{"name":"wp","href":"https:\/\/api.w.org\/{rel}","templated":true}]}}