{"id":587,"date":"2014-05-21T14:14:16","date_gmt":"2014-04-14T23:41:38","guid":{"rendered":"http:\/\/www.grenouillere-museum.com\/grenouillere\/?page_id=587"},"modified":"2020-03-05T20:02:57","modified_gmt":"2020-03-05T19:02:57","slug":"home-4","status":"publish","type":"page","link":"https:\/\/www.grenouillere-museum.com\/grenouillere\/home-4\/","title":{"rendered":"La Grenouill\u00e8re Museum"},"content":{"rendered":"<div id=\"pl-587\"  class=\"panel-layout\" ><div id=\"pg-587-0\"  class=\"panel-grid panel-no-style\" ><div id=\"pgc-587-0-0\"  class=\"panel-grid-cell\" ><div id=\"panel-587-0-0-0\" class=\"so-panel widget widget_sow-editor panel-first-child panel-last-child\" data-index=\"0\" ><div\n\t\t\t\n\t\t\tclass=\"so-widget-sow-editor so-widget-sow-editor-base\"\n\t\t\t\n\t\t><h3 class=\"widget-title\">New exhibition at the Mus\u00e9e de la Grenouill\u00e8re<\/h3>\n<div class=\"siteorigin-widget-tinymce textwidget\">\n\t<p>A souvenir of the famous floating caf\u00e9 and dance-hall <q>La Grenouill\u00e8re<\/q> where Claude Monet and Pierre-Auguste Renoir painted their first Impressionist paintings late summer 1869, the museum presents a<br \/>\n  collection of paintings, engravings and objects in a Belle Epoque atmosphere that recalls the novels of<br \/>\n  Guy de Maupassant. <\/p>\n<article>\n<h1>\n  GUIDED VISITS OF MUSEUM AND ITS COLLECTION  ARE  PROPOSED FOR INDIVIDUALS AND GROUPS - ENJOY  SUMMER AND <q>BORDS DE SEINE<\/q> NEAR THE MUSEUM<br \/>\n  <\/h1>\n<h1>\n<\/h1>\n<\/article>\n<article>\n<h3>\"Gabrielle favorite model of Renoir\"<\/h3>\n<ul>\n<li>until October 28 2020.12 <\/li>\n<li>12, grande rue<\/li>\n<li> 78290 Croissy-sur-Seine<\/li>\n<\/ul>\n<\/article>\n<\/div>\n<\/div><\/div><\/div><\/div><div id=\"pg-587-1\"  class=\"panel-grid panel-no-style\" ><div id=\"pgc-587-1-0\"  class=\"panel-grid-cell\" ><div id=\"panel-587-1-0-0\" class=\"so-panel widget widget_sow-editor panel-first-child panel-last-child\" data-index=\"1\" ><div\n\t\t\t\n\t\t\tclass=\"so-widget-sow-editor so-widget-sow-editor-base\"\n\t\t\t\n\t\t>\n<div class=\"siteorigin-widget-tinymce textwidget\">\n\t<a class=\"ubermenu-responsive-toggle ubermenu-responsive-toggle-main ubermenu-skin-charcoal ubermenu-loc-\" data-ubermenu-target=\"ubermenu-main-96\"><i class=\"fa fa-bars\"><\/i>Ev\u00e9nements     Collections    Visites<\/a><nav id=\"ubermenu-main-96\" class=\"ubermenu ubermenu-nojs ubermenu-main ubermenu-menu-96 ubermenu-responsive ubermenu-responsive-default ubermenu-responsive-collapse ubermenu-horizontal ubermenu-transition-slide ubermenu-trigger-click ubermenu-skin-charcoal ubermenu-has-border ubermenu-bar-align-full ubermenu-items-align-center ubermenu-bound ubermenu-hide-bkgs ubermenu-sub-indicators ubermenu-retractors-responsive\"><ul id=\"ubermenu-nav-main-96\" class=\"ubermenu-nav\"><li id=\"menu-item-2926\" class=\"ubermenu-item ubermenu-item-type-post_type ubermenu-item-object-page ubermenu-item-has-children ubermenu-item-2926 ubermenu-item-level-0 ubermenu-column ubermenu-column-1-3 ubermenu-has-submenu-drop ubermenu-has-submenu-mega\" ><span class=\"ubermenu-target ubermenu-target-with-image ubermenu-item-layout-image_above ubermenu-target-nowrap\" tabindex=\"0\"><img loading=\"lazy\" decoding=\"async\" class=\"ubermenu-image ubermenu-image-size-full\" src=\"https:\/\/www.grenouillere-museum.com\/grenouillere\/wp-content\/uploads\/2017\/05\/Musee_Grenouillere_bal-grenouillere.jpg\" width=\"460\" height=\"600\" alt=\"Musee_Grenouillere_bal-grenouillere\"  \/><span class=\"ubermenu-target-title ubermenu-target-text\">Exposition<\/span><\/span><ul class=\"ubermenu-submenu ubermenu-submenu-id-2926 ubermenu-submenu-type-auto ubermenu-submenu-type-mega ubermenu-submenu-drop ubermenu-submenu-align-left_edge_bar ubermenu-autoclear ubermenu-submenu-retractor-top\" ><li class=\"ubermenu-retractor ubermenu-retractor-mobile\"><i class=\"fa fa-times\"><\/i> Close<\/li><li id=\"menu-item-6370\" class=\"ubermenu-item ubermenu-item-type-post_type ubermenu-item-object-page ubermenu-item-6370 ubermenu-item-auto ubermenu-item-header ubermenu-item-level-1 ubermenu-column ubermenu-column-1-3\" ><a class=\"ubermenu-target ubermenu-item-layout-default ubermenu-item-layout-text_only\" href=\"https:\/\/www.grenouillere-museum.com\/grenouillere\/en-cours\/\"><span class=\"ubermenu-target-title ubermenu-target-text\">Exposition temporaire<\/span><\/a><\/li><li id=\"menu-item-4744\" class=\"ubermenu-item ubermenu-item-type-post_type ubermenu-item-object-page ubermenu-item-4744 ubermenu-item-auto ubermenu-item-header ubermenu-item-level-1 ubermenu-column ubermenu-column-1-3\" ><a class=\"ubermenu-target ubermenu-item-layout-default ubermenu-item-layout-text_only\" href=\"https:\/\/www.grenouillere-museum.com\/grenouillere\/archives_fr\/\"><span class=\"ubermenu-target-title ubermenu-target-text\">Expositions pass\u00e9es<\/span><\/a><\/li><li id=\"menu-item-2928\" class=\"ubermenu-item ubermenu-item-type-post_type ubermenu-item-object-page ubermenu-item-2928 ubermenu-item-auto ubermenu-item-header ubermenu-item-level-1 ubermenu-column ubermenu-column-1-5\" ><a class=\"ubermenu-target ubermenu-item-layout-image_left\" href=\"https:\/\/www.grenouillere-museum.com\/grenouillere\/bal-de-la-grenouillere\/\"><span class=\"ubermenu-target-title ubermenu-target-text\">Bal costum\u00e9<\/span><\/a><\/li><li id=\"menu-item-3390\" class=\"ubermenu-item ubermenu-item-type-post_type ubermenu-item-object-page ubermenu-item-3390 ubermenu-item-auto ubermenu-item-header ubermenu-item-level-1 ubermenu-column ubermenu-column-1-5\" ><a class=\"ubermenu-target ubermenu-item-layout-default ubermenu-item-layout-text_only\" href=\"https:\/\/www.grenouillere-museum.com\/grenouillere\/conferences-2\/\"><span class=\"ubermenu-target-title ubermenu-target-text\">Sorties<\/span><\/a><\/li><li id=\"menu-item-5127\" class=\"ubermenu-item ubermenu-item-type-post_type ubermenu-item-object-page ubermenu-item-5127 ubermenu-item-auto ubermenu-item-header ubermenu-item-level-1 ubermenu-column ubermenu-column-1-3\" ><a class=\"ubermenu-target ubermenu-item-layout-default ubermenu-item-layout-text_only\" href=\"https:\/\/www.grenouillere-museum.com\/grenouillere\/journees-du-patrimoine\/\"><span class=\"ubermenu-target-title ubermenu-target-text\">Journ\u00e9e du Patrimoine<\/span><\/a><\/li><li id=\"menu-item-6350\" class=\"ubermenu-item ubermenu-item-type-post_type ubermenu-item-object-page ubermenu-item-6350 ubermenu-item-auto ubermenu-item-header ubermenu-item-level-1 ubermenu-column ubermenu-column-1-3\" ><a class=\"ubermenu-target ubermenu-item-layout-default ubermenu-item-layout-text_only\" href=\"https:\/\/www.grenouillere-museum.com\/grenouillere\/5080-2\/\"><span class=\"ubermenu-target-title ubermenu-target-text\">Nuit des Mus\u00e9es<\/span><\/a><\/li><li class=\"ubermenu-retractor ubermenu-retractor-mobile\"><i class=\"fa fa-times\"><\/i> Close<\/li><\/ul><\/li><li id=\"menu-item-2923\" class=\"ubermenu-item ubermenu-item-type-post_type ubermenu-item-object-page ubermenu-item-has-children ubermenu-item-2923 ubermenu-item-level-0 ubermenu-column ubermenu-column-1-3 ubermenu-has-submenu-drop ubermenu-has-submenu-mega\" ><span class=\"ubermenu-target ubermenu-target-with-image ubermenu-item-layout-image_above\" tabindex=\"0\"><img loading=\"lazy\" decoding=\"async\" class=\"ubermenu-image ubermenu-image-size-full\" src=\"https:\/\/www.grenouillere-museum.com\/grenouillere\/wp-content\/uploads\/2015\/07\/modules_collection.jpg\" width=\"461\" height=\"600\" alt=\"modules_collection\"  \/><span class=\"ubermenu-target-title ubermenu-target-text\">Collections<\/span><\/span><ul class=\"ubermenu-submenu ubermenu-submenu-id-2923 ubermenu-submenu-type-auto ubermenu-submenu-type-mega ubermenu-submenu-drop ubermenu-submenu-align-left_edge_bar ubermenu-autoclear ubermenu-submenu-retractor-top\" ><li class=\"ubermenu-retractor ubermenu-retractor-mobile\"><i class=\"fa fa-times\"><\/i> Close<\/li><li id=\"menu-item-7447\" class=\"ubermenu-item ubermenu-item-type-post_type ubermenu-item-object-page ubermenu-item-7447 ubermenu-item-auto ubermenu-item-header ubermenu-item-level-1 ubermenu-column ubermenu-column-1-3\" ><a class=\"ubermenu-target ubermenu-item-layout-default ubermenu-item-layout-text_only\" href=\"https:\/\/www.grenouillere-museum.com\/grenouillere\/collections-2\/la-grenouillere-le-musee\/\"><span class=\"ubermenu-target-title ubermenu-target-text\">Mus\u00e9e<\/span><\/a><\/li><li id=\"menu-item-7448\" class=\"ubermenu-item ubermenu-item-type-post_type ubermenu-item-object-page ubermenu-item-7448 ubermenu-item-auto ubermenu-item-header ubermenu-item-level-1 ubermenu-column ubermenu-column-1-3\" ><a class=\"ubermenu-target ubermenu-item-layout-default ubermenu-item-layout-text_only\" href=\"https:\/\/www.grenouillere-museum.com\/grenouillere\/collections-2\/la-grenouillere-son-site-et-son-histoire\/\"><span class=\"ubermenu-target-title ubermenu-target-text\">Site de la Grenouill\u00e8re<\/span><\/a><\/li><li class=\"ubermenu-retractor ubermenu-retractor-mobile\"><i class=\"fa fa-times\"><\/i> Close<\/li><\/ul><\/li><li id=\"menu-item-2932\" class=\"ubermenu-item ubermenu-item-type-post_type ubermenu-item-object-page ubermenu-item-has-children ubermenu-item-2932 ubermenu-item-level-0 ubermenu-column ubermenu-column-1-3 ubermenu-has-submenu-drop ubermenu-has-submenu-mega\" ><span class=\"ubermenu-target ubermenu-target-with-image ubermenu-item-layout-image_above\" tabindex=\"0\"><img loading=\"lazy\" decoding=\"async\" class=\"ubermenu-image ubermenu-image-size-full\" src=\"https:\/\/www.grenouillere-museum.com\/grenouillere\/wp-content\/uploads\/2015\/07\/modules_visitel.jpg\" width=\"461\" height=\"600\" alt=\"modules_visitel\"  \/><span class=\"ubermenu-target-title ubermenu-target-text\">Visites<\/span><\/span><ul class=\"ubermenu-submenu ubermenu-submenu-id-2932 ubermenu-submenu-type-auto ubermenu-submenu-type-mega ubermenu-submenu-drop ubermenu-submenu-align-left_edge_bar ubermenu-autoclear ubermenu-submenu-retractor-top\" ><li class=\"ubermenu-retractor ubermenu-retractor-mobile\"><i class=\"fa fa-times\"><\/i> Close<\/li><li id=\"menu-item-2933\" class=\"ubermenu-item ubermenu-item-type-post_type ubermenu-item-object-page ubermenu-item-2933 ubermenu-item-auto ubermenu-item-header ubermenu-item-level-1 ubermenu-column ubermenu-column-1-2\" ><a class=\"ubermenu-target ubermenu-target-with-image ubermenu-item-layout-default ubermenu-item-layout-image_left\" href=\"https:\/\/www.grenouillere-museum.com\/grenouillere\/visites-2\/la-boutique\/\"><img loading=\"lazy\" decoding=\"async\" class=\"ubermenu-image ubermenu-image-size-full\" src=\"https:\/\/www.grenouillere-museum.com\/grenouillere\/wp-content\/uploads\/2015\/07\/boutique_400.jpg\" width=\"400\" height=\"300\" alt=\"boutique_400\"  \/><span class=\"ubermenu-target-title ubermenu-target-text\">Boutique<\/span><\/a><\/li><li id=\"menu-item-2934\" class=\"ubermenu-item ubermenu-item-type-post_type ubermenu-item-object-page ubermenu-item-2934 ubermenu-item-auto ubermenu-item-header ubermenu-item-level-1 ubermenu-column ubermenu-column-1-2\" ><a class=\"ubermenu-target ubermenu-target-with-image ubermenu-item-layout-default ubermenu-item-layout-image_left\" href=\"https:\/\/www.grenouillere-museum.com\/grenouillere\/visites-2\/pratique\/\"><img loading=\"lazy\" decoding=\"async\" class=\"ubermenu-image ubermenu-image-size-full\" src=\"https:\/\/www.grenouillere-museum.com\/grenouillere\/wp-content\/uploads\/2015\/07\/musee_grenouillere1.jpg\" width=\"400\" height=\"287\" alt=\"musee_grenouillere\"  \/><span class=\"ubermenu-target-title ubermenu-target-text\">Pratique<\/span><\/a><\/li><li class=\"ubermenu-retractor ubermenu-retractor-mobile\"><i class=\"fa fa-times\"><\/i> Close<\/li><\/ul><\/li><\/ul><\/nav>\n<\/div>\n<\/div><\/div><\/div><\/div><\/div>","protected":false},"excerpt":{"rendered":"<p>A souvenir of the famous floating caf\u00e9 and dance-hall La Grenouill\u00e8re where Claude Monet and Pierre-Auguste Renoir painted their first Impressionist paintings late summer 1869, the museum presents a collection of paintings, engravings and objects in a Belle Epoque atmosphere that recalls the novels of Guy de Maupassant. GUIDED VISITS OF MUSEUM AND ITS COLLECTION [&hellip;]<\/p>\n","protected":false},"author":2,"featured_media":0,"parent":0,"menu_order":0,"comment_status":"open","ping_status":"open","template":"","meta":{"_genesis_hide_title":false,"_genesis_hide_breadcrumbs":false,"_genesis_hide_singular_image":false,"_genesis_hide_footer_widgets":false,"_genesis_custom_body_class":"","_genesis_custom_post_class":"","_genesis_layout":"","footnotes":""},"yoast_head":"<!-- This site is optimized with the Yoast SEO plugin v23.5 - https:\/\/yoast.com\/wordpress\/plugins\/seo\/ -->\n<title>La Grenouill\u00e8re Museum - Mus\u00e9e de la Grenouill\u00e8re Croissy sur Seine<\/title>\n<meta name=\"robots\" content=\"index, follow, max-snippet:-1, max-image-preview:large, max-video-preview:-1\" \/>\n<link rel=\"canonical\" href=\"https:\/\/www.grenouillere-museum.com\/grenouillere\/home-4\/\" \/>\n<meta property=\"og:locale\" content=\"fr_FR\" \/>\n<meta property=\"og:type\" content=\"article\" \/>\n<meta property=\"og:title\" content=\"La Grenouill\u00e8re Museum - Mus\u00e9e de la Grenouill\u00e8re Croissy sur Seine\" \/>\n<meta property=\"og:description\" content=\"A souvenir of the famous floating caf\u00e9 and dance-hall La Grenouill\u00e8re where Claude Monet and Pierre-Auguste Renoir painted their first Impressionist paintings late summer 1869, the museum presents a collection of paintings, engravings and objects in a Belle Epoque atmosphere that recalls the novels of Guy de Maupassant. GUIDED VISITS OF MUSEUM AND ITS COLLECTION [&hellip;]\" \/>\n<meta property=\"og:url\" content=\"https:\/\/www.grenouillere-museum.com\/grenouillere\/home-4\/\" \/>\n<meta property=\"og:site_name\" content=\"Mus\u00e9e de la Grenouill\u00e8re Croissy sur Seine\" \/>\n<meta property=\"article:publisher\" content=\"https:\/\/www.facebook.com\/grenouillere.museum\/\" \/>\n<meta property=\"article:modified_time\" content=\"2020-03-05T19:02:57+00:00\" \/>\n<meta name=\"twitter:card\" content=\"summary_large_image\" \/>\n<script type=\"application\/ld+json\" class=\"yoast-schema-graph\">{\"@context\":\"https:\/\/schema.org\",\"@graph\":[{\"@type\":\"WebPage\",\"@id\":\"https:\/\/www.grenouillere-museum.com\/grenouillere\/home-4\/\",\"url\":\"https:\/\/www.grenouillere-museum.com\/grenouillere\/home-4\/\",\"name\":\"La Grenouill\u00e8re Museum - Mus\u00e9e de la Grenouill\u00e8re Croissy sur Seine\",\"isPartOf\":{\"@id\":\"https:\/\/www.grenouillere-museum.com\/grenouillere\/#website\"},\"datePublished\":\"2014-04-14T23:41:38+00:00\",\"dateModified\":\"2020-03-05T19:02:57+00:00\",\"breadcrumb\":{\"@id\":\"https:\/\/www.grenouillere-museum.com\/grenouillere\/home-4\/#breadcrumb\"},\"inLanguage\":\"fr-FR\",\"potentialAction\":[{\"@type\":\"ReadAction\",\"target\":[\"https:\/\/www.grenouillere-museum.com\/grenouillere\/home-4\/\"]}]},{\"@type\":\"BreadcrumbList\",\"@id\":\"https:\/\/www.grenouillere-museum.com\/grenouillere\/home-4\/#breadcrumb\",\"itemListElement\":[{\"@type\":\"ListItem\",\"position\":1,\"name\":\"Accueil\",\"item\":\"https:\/\/www.grenouillere-museum.com\/grenouillere\/\"},{\"@type\":\"ListItem\",\"position\":2,\"name\":\"La Grenouill\u00e8re Museum\"}]},{\"@type\":\"WebSite\",\"@id\":\"https:\/\/www.grenouillere-museum.com\/grenouillere\/#website\",\"url\":\"https:\/\/www.grenouillere-museum.com\/grenouillere\/\",\"name\":\"Mus\u00e9e de la Grenouill\u00e8re\",\"description\":\"Laissez-vous emmener sur le lieu de naissance de l\u2019Impressionnisme\",\"potentialAction\":[{\"@type\":\"SearchAction\",\"target\":{\"@type\":\"EntryPoint\",\"urlTemplate\":\"https:\/\/www.grenouillere-museum.com\/grenouillere\/?s={search_term_string}\"},\"query-input\":{\"@type\":\"PropertyValueSpecification\",\"valueRequired\":true,\"valueName\":\"search_term_string\"}}],\"inLanguage\":\"fr-FR\"}]}<\/script>\n<!-- \/ Yoast SEO plugin. -->","yoast_head_json":{"title":"La Grenouill\u00e8re Museum - Mus\u00e9e de la Grenouill\u00e8re Croissy sur Seine","robots":{"index":"index","follow":"follow","max-snippet":"max-snippet:-1","max-image-preview":"max-image-preview:large","max-video-preview":"max-video-preview:-1"},"canonical":"https:\/\/www.grenouillere-museum.com\/grenouillere\/home-4\/","og_locale":"fr_FR","og_type":"article","og_title":"La Grenouill\u00e8re Museum - Mus\u00e9e de la Grenouill\u00e8re Croissy sur Seine","og_description":"A souvenir of the famous floating caf\u00e9 and dance-hall La Grenouill\u00e8re where Claude Monet and Pierre-Auguste Renoir painted their first Impressionist paintings late summer 1869, the museum presents a collection of paintings, engravings and objects in a Belle Epoque atmosphere that recalls the novels of Guy de Maupassant. GUIDED VISITS OF MUSEUM AND ITS COLLECTION [&hellip;]","og_url":"https:\/\/www.grenouillere-museum.com\/grenouillere\/home-4\/","og_site_name":"Mus\u00e9e de la Grenouill\u00e8re Croissy sur Seine","article_publisher":"https:\/\/www.facebook.com\/grenouillere.museum\/","article_modified_time":"2020-03-05T19:02:57+00:00","twitter_card":"summary_large_image","schema":{"@context":"https:\/\/schema.org","@graph":[{"@type":"WebPage","@id":"https:\/\/www.grenouillere-museum.com\/grenouillere\/home-4\/","url":"https:\/\/www.grenouillere-museum.com\/grenouillere\/home-4\/","name":"La Grenouill\u00e8re Museum - Mus\u00e9e de la Grenouill\u00e8re Croissy sur Seine","isPartOf":{"@id":"https:\/\/www.grenouillere-museum.com\/grenouillere\/#website"},"datePublished":"2014-04-14T23:41:38+00:00","dateModified":"2020-03-05T19:02:57+00:00","breadcrumb":{"@id":"https:\/\/www.grenouillere-museum.com\/grenouillere\/home-4\/#breadcrumb"},"inLanguage":"fr-FR","potentialAction":[{"@type":"ReadAction","target":["https:\/\/www.grenouillere-museum.com\/grenouillere\/home-4\/"]}]},{"@type":"BreadcrumbList","@id":"https:\/\/www.grenouillere-museum.com\/grenouillere\/home-4\/#breadcrumb","itemListElement":[{"@type":"ListItem","position":1,"name":"Accueil","item":"https:\/\/www.grenouillere-museum.com\/grenouillere\/"},{"@type":"ListItem","position":2,"name":"La Grenouill\u00e8re Museum"}]},{"@type":"WebSite","@id":"https:\/\/www.grenouillere-museum.com\/grenouillere\/#website","url":"https:\/\/www.grenouillere-museum.com\/grenouillere\/","name":"Mus\u00e9e de la Grenouill\u00e8re","description":"Laissez-vous emmener sur le lieu de naissance de l\u2019Impressionnisme","potentialAction":[{"@type":"SearchAction","target":{"@type":"EntryPoint","urlTemplate":"https:\/\/www.grenouillere-museum.com\/grenouillere\/?s={search_term_string}"},"query-input":{"@type":"PropertyValueSpecification","valueRequired":true,"valueName":"search_term_string"}}],"inLanguage":"fr-FR"}]}},"_links":{"self":[{"href":"https:\/\/www.grenouillere-museum.com\/grenouillere\/wp-json\/wp\/v2\/pages\/587"}],"collection":[{"href":"https:\/\/www.grenouillere-museum.com\/grenouillere\/wp-json\/wp\/v2\/pages"}],"about":[{"href":"https:\/\/www.grenouillere-museum.com\/grenouillere\/wp-json\/wp\/v2\/types\/page"}],"author":[{"embeddable":true,"href":"https:\/\/www.grenouillere-museum.com\/grenouillere\/wp-json\/wp\/v2\/users\/2"}],"replies":[{"embeddable":true,"href":"https:\/\/www.grenouillere-museum.com\/grenouillere\/wp-json\/wp\/v2\/comments?post=587"}],"version-history":[{"count":49,"href":"https:\/\/www.grenouillere-museum.com\/grenouillere\/wp-json\/wp\/v2\/pages\/587\/revisions"}],"predecessor-version":[{"id":7250,"href":"https:\/\/www.grenouillere-museum.com\/grenouillere\/wp-json\/wp\/v2\/pages\/587\/revisions\/7250"}],"wp:attachment":[{"href":"https:\/\/www.grenouillere-museum.com\/grenouillere\/wp-json\/wp\/v2\/media?parent=587"}],"curies":[{"name":"wp","href":"https:\/\/api.w.org\/{rel}","templated":true}]}}