{"id":1625,"date":"2015-07-27T20:47:25","date_gmt":"2014-08-05T00:19:20","guid":{"rendered":"http:\/\/www.grenouillere-museum.com\/grenouillere\/?page_id=1625"},"modified":"2020-03-06T01:35:21","modified_gmt":"2020-03-06T00:35:21","slug":"archives_fr","status":"publish","type":"page","link":"https:\/\/www.grenouillere-museum.com\/grenouillere\/archives_fr\/","title":{"rendered":"Expositions pass\u00e9es"},"content":{"rendered":"<section class=\"wpb-content-wrapper\"><p>[vc_row][vc_column][siteorigin_widget_vc so_widget_data=\u00a0\u00bb{&amp;quot;widget_class&amp;quot;:&amp;quot;SiteOrigin_Widget_PostCarousel_Widget&amp;quot;,&amp;quot;widget_data&amp;quot;:{&amp;quot;title&amp;quot;:&amp;quot;&amp;quot;,&amp;quot;default_thumbnail&amp;quot;:0,&amp;quot;default_thumbnail_fallback&amp;quot;:&amp;quot;&amp;quot;,&amp;quot;image_size&amp;quot;:&amp;quot;medium&amp;quot;,&amp;quot;loop_posts&amp;quot;:true,&amp;quot;posts&amp;quot;:&amp;quot;post_type=post&amp;amp;tax_query=archives-fr&amp;amp;date_type=specific&amp;amp;date_query={\\\\&amp;quot;after\\\\&amp;quot;:\\\\&amp;quot;\\\\&amp;quot;,\\\\&amp;quot;before\\\\&amp;quot;:\\\\&amp;quot;\\\\&amp;quot;}&amp;amp;date_query_relative={\\\\&amp;quot;from\\\\&amp;quot;:{\\\\&amp;quot;value\\\\&amp;quot;:0,\\\\&amp;quot;unit\\\\&amp;quot;:\\\\&amp;quot;days\\\\&amp;quot;},\\\\&amp;quot;to\\\\&amp;quot;:{\\\\&amp;quot;value\\\\&amp;quot;:0,\\\\&amp;quot;unit\\\\&amp;quot;:\\\\&amp;quot;days\\\\&amp;quot;}}&amp;amp;orderby=date&amp;amp;order=DESC&amp;quot;,&amp;quot;_sow_form_id&amp;quot;:&amp;quot;20157215165e6195fba2f8a428092387&amp;quot;,&amp;quot;_sow_form_timestamp&amp;quot;:&amp;quot;1583454895642&amp;quot;}}\u00a0\u00bb][\/vc_column][\/vc_row][vc_row][vc_column][vc_column_text]<strong><div class=\"wsp-container\"><h2 class=\"wsp-posts-title\">Articles par cat\u00e9gorie<\/h2>\n<ul class=\"wsp-posts-list\">\n\t<li><strong class=\"wsp-category-title\">Cat\u00e9gorie\u00a0: <a href=\"https:\/\/www.grenouillere-museum.com\/grenouillere\/category\/a_voir_en_ce_moment\/\">A voir en ce moment<\/a><\/strong>\n<ul class=\"wsp-posts-list\">\t\t<li class=\"wsp-post\"><a href=\"https:\/\/www.grenouillere-museum.com\/grenouillere\/abinthe-fee-verte-ou-noir-demon\/\">Abinthe : F\u00e9e verte ou noir D\u00e9mon?<\/a><\/li>\n<\/ul><\/li>\n\t<li><strong class=\"wsp-category-title\">Cat\u00e9gorie\u00a0: <a href=\"https:\/\/www.grenouillere-museum.com\/grenouillere\/category\/current-exhibition\/\">current exhibition<\/a><\/strong>\n<ul class=\"wsp-posts-list\">\t\t<li class=\"wsp-post\"><a href=\"https:\/\/www.grenouillere-museum.com\/grenouillere\/gabriel-renoirs-favorite-model\/\">Gabriel Renoir&rsquo;s favorite model<\/a><\/li>\n<\/ul><\/li>\n\t<li><strong class=\"wsp-category-title\">Cat\u00e9gorie\u00a0: <a href=\"https:\/\/www.grenouillere-museum.com\/grenouillere\/category\/evenement_en_cours\/\">Ev\u00e8nements temporaires<\/a><\/strong>\n<ul class=\"wsp-posts-list\">\t\t<li class=\"wsp-post\"><a href=\"https:\/\/www.grenouillere-museum.com\/grenouillere\/absinthe-fee-verte-ou-noir-demon\/\">Absinthe : F\u00e9e verte ou noir D\u00e9mon?<\/a><\/li>\n<\/ul><\/li>\n\t<li><strong class=\"wsp-category-title\">Cat\u00e9gorie\u00a0: <a href=\"https:\/\/www.grenouillere-museum.com\/grenouillere\/category\/archives-fr\/\">Expositions pass\u00e9es<\/a><\/strong>\n<ul class=\"wsp-posts-list\">\t\t<li class=\"wsp-post\"><a href=\"https:\/\/www.grenouillere-museum.com\/grenouillere\/la-grenouillere-dans-la-collection-mozorov\/\">La Grenouill\u00e8re dans la collection Morozov<\/a><\/li>\n\t\t<li class=\"wsp-post\"><a href=\"https:\/\/www.grenouillere-museum.com\/grenouillere\/gabriel-modele-prefere-de-renoir\/\">&lsquo;Gabrielle mod\u00e8le pr\u00e9f\u00e9r\u00e9 de Renoir&rsquo;<\/a><\/li>\n\t\t<li class=\"wsp-post\"><a href=\"https:\/\/www.grenouillere-museum.com\/grenouillere\/archives\/\">Expositions pass\u00e9es<\/a><\/li>\n\t\t<li class=\"wsp-post\"><a href=\"https:\/\/www.grenouillere-museum.com\/grenouillere\/robida-2019\/\">Exposition Albert Robida du 11 novembre 2018 au 15 ao\u00fbt 2019<\/a><\/li>\n\t\t<li class=\"wsp-post\"><a href=\"https:\/\/www.grenouillere-museum.com\/grenouillere\/crinolines-canotiers-temps-de-grenouillere\/\">Crinolines et Canotiers au temps de la Grenouill\u00e8re<\/a><\/li>\n\t\t<li class=\"wsp-post\"><a href=\"https:\/\/www.grenouillere-museum.com\/grenouillere\/bbbbb\/\">2015-2016 La Grenouill\u00e8re revisit\u00e9e<\/a><\/li>\n\t\t<li class=\"wsp-post\"><a href=\"https:\/\/www.grenouillere-museum.com\/grenouillere\/jusquau-14-decembre-2014-le-canotage-en-seine-de-maupassant-a-mistinguett\/\">2014 Le Canotage en Seine de Maupassant \u00e0 Mistinguett<\/a><\/li>\n\t\t<li class=\"wsp-post\"><a href=\"https:\/\/www.grenouillere-museum.com\/grenouillere\/2012-2013du-25-novembre-au-29-decembre-2013monet-renoir-cote-a-cote-a-la-grenouillere\/\">2013 Monet &#038; Renoir c\u00f4te \u00e0 c\u00f4te \u00e0 la Grenouill\u00e8re<\/a><\/li>\n\t\t<li class=\"wsp-post\"><a href=\"https:\/\/www.grenouillere-museum.com\/grenouillere\/2011du-3-avril-au-2-octobrela-grenouillere-coquine-lieu-de-plaisirs-a-la-belle-epoque\/\">2011 La Grenouill\u00e8re coquine, lieu de plaisirs \u00e0 la Belle Epoque<\/a><\/li>\n\t\t<li class=\"wsp-post\"><a href=\"https:\/\/www.grenouillere-museum.com\/grenouillere\/2010-du-14-mars-au-30-septembre-mysterieuse-absinthe\/\">2010 Myst\u00e9rieuse Absinthe<\/a><\/li>\n\t\t<li class=\"wsp-post\"><a href=\"https:\/\/www.grenouillere-museum.com\/grenouillere\/2009-a-partir-du-7-juin-la-belle-epoque-de-la-grenouillere\/\">2009 La Belle Epoque de la Grenouill\u00e8re<\/a><\/li>\n\t\t<li class=\"wsp-post\"><a href=\"https:\/\/www.grenouillere-museum.com\/grenouillere\/2008-du-12-octobre-2008-au-31-mai-2009le-dimanche-dun-parisien-sur-les-bords-de-seine\/\">2009 Le dimanche d\u2019un Parisien sur les bords de Seine<\/a><\/li>\n\t\t<li class=\"wsp-post\"><a href=\"https:\/\/www.grenouillere-museum.com\/grenouillere\/2007-2008du-4-novembre-au-28-septembre-2008les-grands-moments-de-la-grenouillere\/\">2008 Les Grands Moments de la Grenouill\u00e8re<\/a><\/li>\n\t\t<li class=\"wsp-post\"><a href=\"https:\/\/www.grenouillere-museum.com\/grenouillere\/2007-du-6-mai-au-28-octobre-humour-et-dessins-de-presse\/\">2007 Humour et dessins de presse<\/a><\/li>\n\t\t<li class=\"wsp-post\"><a href=\"https:\/\/www.grenouillere-museum.com\/grenouillere\/2006-du-10-au-29-octobre-jeux-et-divertissements-a-la-belle-epoque\/\">2006  Jeux et divertissements \u00e0 la Belle Epoque<\/a><\/li>\n\t\t<li class=\"wsp-post\"><a href=\"https:\/\/www.grenouillere-museum.com\/grenouillere\/2006-dune-grenouillere-a-lautre\/\">2006 D\u2019une Grenouill\u00e8re \u00e0 l\u2019autre<\/a><\/li>\n\t\t<li class=\"wsp-post\"><a href=\"https:\/\/www.grenouillere-museum.com\/grenouillere\/2005-octobre-maupassant-et-les-canotiers-a-la-grenouillere\/\">2005 Maupassant et les canotiers \u00e0 la Grenouill\u00e8re<\/a><\/li>\n\t\t<li class=\"wsp-post\"><a href=\"https:\/\/www.grenouillere-museum.com\/grenouillere\/2005du-27-fevrier-au-29-maibals-et-guinguettes-en-ile-de-france-au-xixe-siecle\/\">2005 Bals et guinguettes en Ile-de-France au XIXe si\u00e8cle<\/a><\/li>\n\t\t<li class=\"wsp-post\"><a href=\"https:\/\/www.grenouillere-museum.com\/grenouillere\/2004-mai-peintres-et-illustrateurs-de-la-grenouillere\/\">2004 Peintres et illustrateurs de la Grenouill\u00e8re<\/a><\/li>\n\t\t<li class=\"wsp-post\"><a href=\"https:\/\/www.grenouillere-museum.com\/grenouillere\/2004-du-4-au-27-juinles-peintres-de-la-seine\/\">2004 Les Peintres de la Seine<\/a><\/li>\n\t\t<li class=\"wsp-post\"><a href=\"https:\/\/www.grenouillere-museum.com\/grenouillere\/2003-du-27-avril-au-14-septembre-sports-et-loisirs-au-temps-des-impressionnistes\/\">2003  Sports et loisirs au temps des Impressionnistes<\/a><\/li>\n\t\t<li class=\"wsp-post\"><a href=\"https:\/\/www.grenouillere-museum.com\/grenouillere\/2002-du-14-avril-au-15-septembre-tous-au-bain-plaisirs-aquatiques-au-xixe-siecle\/\">2002 Tous au bain ! Plaisirs aquatiques au XIXe si\u00e8cle<\/a><\/li>\n\t\t<li class=\"wsp-post\"><a href=\"https:\/\/www.grenouillere-museum.com\/grenouillere\/2001-22-avril-au-15-juillet-la-mode-au-temps-des-impressionnistes\/\">2001 La mode au temps des Impressionnistes<\/a><\/li>\n\t\t<li class=\"wsp-post\"><a href=\"https:\/\/www.grenouillere-museum.com\/grenouillere\/2000du-19-mars-au-17-septembreles-fetes-des-bords-de-seine-au-temps-des-impressionnistes\/\">2000 Les F\u00eates des bords de Seine au temps des \tImpressionnistes<\/a><\/li>\n\t\t<li class=\"wsp-post\"><a href=\"https:\/\/www.grenouillere-museum.com\/grenouillere\/1999-du-1er-avril-au-23-mai-ferdinand-lunel-du-chat-noir-a-la-grenouillere\/\">1999 Du 1er avril au 23 mai Ferdinand Lunel, du chat noir \u00e0 la Grenouill\u00e8re<\/a><\/li>\n\t\t<li class=\"wsp-post\"><a href=\"https:\/\/www.grenouillere-museum.com\/grenouillere\/1998du-17-octobre-au-13-decembre-maupassant-le-bel-ami\/\">1998 Du 17 octobre au 13 d\u00e9cembre Maupassant, le \u00ab Bel Ami \u00bb<\/a><\/li>\n\t\t<li class=\"wsp-post\"><a href=\"https:\/\/www.grenouillere-museum.com\/grenouillere\/archive-exposition-1\/\">1997 De la Grenouill\u00e8re \u00e0 l\u2019An 2000<\/a><\/li>\n<\/ul><\/li>\n\t<li><strong class=\"wsp-category-title\">Cat\u00e9gorie\u00a0: <a href=\"https:\/\/www.grenouillere-museum.com\/grenouillere\/category\/exposition_en_cours\/\">exposition_en_cours<\/a><\/strong>\n<ul class=\"wsp-posts-list\">\t\t<li class=\"wsp-post\"><a href=\"https:\/\/www.grenouillere-museum.com\/grenouillere\/exposition-plaisirs-aquatiques-au-xixe-siecle\/\">Exposition Plaisirs aquatiques au XIXe si\u00e8cle<\/a><\/li>\n\t\t<li class=\"wsp-post\"><a href=\"https:\/\/www.grenouillere-museum.com\/grenouillere\/plaisirs-aquatiques-au-xixe-siecle\/\">Plaisirs aquatiques au XIXe si\u00e8cle<\/a><\/li>\n\t\t<li class=\"wsp-post\"><a href=\"https:\/\/www.grenouillere-museum.com\/grenouillere\/festival-les-150-ans-de-limpressionnisme\/\">Festival : Les 150 ans de l&rsquo;Impressionnisme<\/a><\/li>\n\t\t<li class=\"wsp-post\"><a href=\"https:\/\/www.grenouillere-museum.com\/grenouillere\/7936-2\/\"><\/a><\/li>\n\t\t<li class=\"wsp-post\"><a href=\"https:\/\/www.grenouillere-museum.com\/grenouillere\/actuellement-a-la-grenouillere\/\">Actuellement \u00e0 la Grenouill\u00e8re<\/a><\/li>\n\t\t<li class=\"wsp-post\"><a href=\"https:\/\/www.grenouillere-museum.com\/grenouillere\/notre-boutique\/\">Notre boutique<\/a><\/li>\n<\/ul><\/li>\n\t<li><strong class=\"wsp-category-title\">Cat\u00e9gorie\u00a0: <a href=\"https:\/\/www.grenouillere-museum.com\/grenouillere\/category\/non-classe\/\">Non class\u00e9<\/a><\/strong>\n<ul class=\"wsp-posts-list\">\t\t<li class=\"wsp-post\"><a href=\"https:\/\/www.grenouillere-museum.com\/grenouillere\/monet-et-renoir-a-la-grenouillere\/\">Monet et Renoir \u00e0 La Grenouill\u00e8re<\/a><\/li>\n\t\t<li class=\"wsp-post\"><a href=\"https:\/\/www.grenouillere-museum.com\/grenouillere\/test-expo\/\">test expo<\/a><\/li>\n<\/ul><\/li>\n\t<li><strong class=\"wsp-category-title\">Cat\u00e9gorie\u00a0: <a href=\"https:\/\/www.grenouillere-museum.com\/grenouillere\/category\/archives-eng\/\">Past Exhibitions<\/a><\/strong>\n<ul class=\"wsp-posts-list\">\t\t<li class=\"wsp-post\"><a href=\"https:\/\/www.grenouillere-museum.com\/grenouillere\/past-exhibitions\/\">Past exhibitions<\/a><\/li>\n\t\t<li class=\"wsp-post\"><a href=\"https:\/\/www.grenouillere-museum.com\/grenouillere\/2015-the-grenouillere-revisited\/\">2015-2016  the Grenouillere revisited<\/a><\/li>\n\t\t<li class=\"wsp-post\"><a href=\"https:\/\/www.grenouillere-museum.com\/grenouillere\/until-december-14th-2014-canoeing-on-the-seine-from-maupassant-to-mistinguett\/\">2014 Canoeing on the Seine from Maupassant to Mistinguett<\/a><\/li>\n\t\t<li class=\"wsp-post\"><a href=\"https:\/\/www.grenouillere-museum.com\/grenouillere\/monet-and-renoir-side-by-side-at-la-grenouillere\/\">2013 Monet and Renoir, side by side at la Grenouill\u00e8re<\/a><\/li>\n\t\t<li class=\"wsp-post\"><a href=\"https:\/\/www.grenouillere-museum.com\/grenouillere\/naughty-grenouillere-pleasure-spot-of-the-belle-epoque\/\">2011 Naughty Grenouill\u00e8re, pleasure spot of the Belle Epoque<\/a><\/li>\n\t\t<li class=\"wsp-post\"><a href=\"https:\/\/www.grenouillere-museum.com\/grenouillere\/mysterious-absinthe\/\">2010 Mysterious Absinthe<\/a><\/li>\n\t\t<li class=\"wsp-post\"><a href=\"https:\/\/www.grenouillere-museum.com\/grenouillere\/naughty-grenouillere-pleasure-spot-of-the-belle-epoque-2\/\">2009 Naughty Grenouill\u00e8re, pleasure spot of the Belle Epoque<\/a><\/li>\n\t\t<li class=\"wsp-post\"><a href=\"https:\/\/www.grenouillere-museum.com\/grenouillere\/the-sunday-of-a-parisian-on-the-banks-of-the-seine\/\">2009 The Sunday of a Parisian on the banks of the Seine<\/a><\/li>\n\t\t<li class=\"wsp-post\"><a href=\"https:\/\/www.grenouillere-museum.com\/grenouillere\/great-moments-at-the-grenouillere\/\">2008 Great moments at the Grenouill\u00e8re<\/a><\/li>\n\t\t<li class=\"wsp-post\"><a href=\"https:\/\/www.grenouillere-museum.com\/grenouillere\/humor-and-press-illustrations\/\">2007 Humor and press illustrations<\/a><\/li>\n\t\t<li class=\"wsp-post\"><a href=\"https:\/\/www.grenouillere-museum.com\/grenouillere\/from-1-grenouillere-to-an-other\/\">2006 From one Grenouill\u00e8re to another<\/a><\/li>\n\t\t<li class=\"wsp-post\"><a href=\"https:\/\/www.grenouillere-museum.com\/grenouillere\/exhibitions-archives\/\">1997 From the Grenouill\u00e8re<\/a><\/li>\n<\/ul><\/li>\n<\/ul>\n<\/div><\/strong>[\/vc_column_text][\/vc_column][\/vc_row]<\/p>\n<\/section>","protected":false},"excerpt":{"rendered":"<p>[vc_row][vc_column][siteorigin_widget_vc so_widget_data=\u00a0\u00bb{&amp;quot;widget_class&amp;quot;:&amp;quot;SiteOrigin_Widget_PostCarousel_Widget&amp;quot;,&amp;quot;widget_data&amp;quot;:{&amp;quot;title&amp;quot;:&amp;quot;&amp;quot;,&amp;quot;default_thumbnail&amp;quot;:0,&amp;quot;default_thumbnail_fallback&amp;quot;:&amp;quot;&amp;quot;,&amp;quot;image_size&amp;quot;:&amp;quot;medium&amp;quot;,&amp;quot;loop_posts&amp;quot;:true,&amp;quot;posts&amp;quot;:&amp;quot;post_type=post&amp;amp;tax_query=archives-fr&amp;amp;date_type=specific&amp;amp;date_query={\\\\&amp;quot;after\\\\&amp;quot;:\\\\&amp;quot;\\\\&amp;quot;,\\\\&amp;quot;before\\\\&amp;quot;:\\\\&amp;quot;\\\\&amp;quot;}&amp;amp;date_query_relative={\\\\&amp;quot;from\\\\&amp;quot;:{\\\\&amp;quot;value\\\\&amp;quot;:0,\\\\&amp;quot;unit\\\\&amp;quot;:\\\\&amp;quot;days\\\\&amp;quot;},\\\\&amp;quot;to\\\\&amp;quot;:{\\\\&amp;quot;value\\\\&amp;quot;:0,\\\\&amp;quot;unit\\\\&amp;quot;:\\\\&amp;quot;days\\\\&amp;quot;}}&amp;amp;orderby=date&amp;amp;order=DESC&amp;quot;,&amp;quot;_sow_form_id&amp;quot;:&amp;quot;20157215165e6195fba2f8a428092387&amp;quot;,&amp;quot;_sow_form_timestamp&amp;quot;:&amp;quot;1583454895642&amp;quot;}}\u00a0\u00bb][\/vc_column][\/vc_row][vc_row][vc_column][vc_column_text][\/vc_column_text][\/vc_column][\/vc_row]<\/p>\n","protected":false},"author":2,"featured_media":0,"parent":0,"menu_order":0,"comment_status":"closed","ping_status":"open","template":"","meta":{"_genesis_hide_title":false,"_genesis_hide_breadcrumbs":false,"_genesis_hide_singular_image":false,"_genesis_hide_footer_widgets":false,"_genesis_custom_body_class":"","_genesis_custom_post_class":"","_genesis_layout":"","footnotes":""},"yoast_head":"<!-- This site is optimized with the Yoast SEO plugin v23.5 - https:\/\/yoast.com\/wordpress\/plugins\/seo\/ -->\n<title>Expositions pass\u00e9es - Mus\u00e9e de la Grenouill\u00e8re Croissy sur Seine<\/title>\n<meta name=\"robots\" content=\"index, follow, max-snippet:-1, max-image-preview:large, max-video-preview:-1\" \/>\n<link rel=\"canonical\" href=\"https:\/\/www.grenouillere-museum.com\/grenouillere\/archives_fr\/\" \/>\n<meta property=\"og:locale\" content=\"fr_FR\" \/>\n<meta property=\"og:type\" content=\"article\" \/>\n<meta property=\"og:title\" content=\"Expositions pass\u00e9es - Mus\u00e9e de la Grenouill\u00e8re Croissy sur Seine\" \/>\n<meta property=\"og:description\" content=\"[vc_row][vc_column][siteorigin_widget_vc so_widget_data=\u00a0\u00bb{&amp;quot;widget_class&amp;quot;:&amp;quot;SiteOrigin_Widget_PostCarousel_Widget&amp;quot;,&amp;quot;widget_data&amp;quot;:{&amp;quot;title&amp;quot;:&amp;quot;&amp;quot;,&amp;quot;default_thumbnail&amp;quot;:0,&amp;quot;default_thumbnail_fallback&amp;quot;:&amp;quot;&amp;quot;,&amp;quot;image_size&amp;quot;:&amp;quot;medium&amp;quot;,&amp;quot;loop_posts&amp;quot;:true,&amp;quot;posts&amp;quot;:&amp;quot;post_type=post&amp;amp;tax_query=archives-fr&amp;amp;date_type=specific&amp;amp;date_query={\\&amp;quot;after\\&amp;quot;:\\&amp;quot;\\&amp;quot;,\\&amp;quot;before\\&amp;quot;:\\&amp;quot;\\&amp;quot;}&amp;amp;date_query_relative={\\&amp;quot;from\\&amp;quot;:{\\&amp;quot;value\\&amp;quot;:0,\\&amp;quot;unit\\&amp;quot;:\\&amp;quot;days\\&amp;quot;},\\&amp;quot;to\\&amp;quot;:{\\&amp;quot;value\\&amp;quot;:0,\\&amp;quot;unit\\&amp;quot;:\\&amp;quot;days\\&amp;quot;}}&amp;amp;orderby=date&amp;amp;order=DESC&amp;quot;,&amp;quot;_sow_form_id&amp;quot;:&amp;quot;20157215165e6195fba2f8a428092387&amp;quot;,&amp;quot;_sow_form_timestamp&amp;quot;:&amp;quot;1583454895642&amp;quot;}}\u00a0\u00bb][\/vc_column][\/vc_row][vc_row][vc_column][vc_column_text][\/vc_column_text][\/vc_column][\/vc_row]\" \/>\n<meta property=\"og:url\" content=\"https:\/\/www.grenouillere-museum.com\/grenouillere\/archives_fr\/\" \/>\n<meta property=\"og:site_name\" content=\"Mus\u00e9e de la Grenouill\u00e8re Croissy sur Seine\" \/>\n<meta property=\"article:publisher\" content=\"https:\/\/www.facebook.com\/grenouillere.museum\/\" \/>\n<meta property=\"article:modified_time\" content=\"2020-03-06T00:35:21+00:00\" \/>\n<meta name=\"twitter:card\" content=\"summary_large_image\" \/>\n<meta name=\"twitter:label1\" content=\"Dur\u00e9e de lecture estim\u00e9e\" \/>\n\t<meta name=\"twitter:data1\" content=\"1 minute\" \/>\n<script type=\"application\/ld+json\" class=\"yoast-schema-graph\">{\"@context\":\"https:\/\/schema.org\",\"@graph\":[{\"@type\":\"WebPage\",\"@id\":\"https:\/\/www.grenouillere-museum.com\/grenouillere\/archives_fr\/\",\"url\":\"https:\/\/www.grenouillere-museum.com\/grenouillere\/archives_fr\/\",\"name\":\"Expositions pass\u00e9es - Mus\u00e9e de la Grenouill\u00e8re Croissy sur Seine\",\"isPartOf\":{\"@id\":\"https:\/\/www.grenouillere-museum.com\/grenouillere\/#website\"},\"datePublished\":\"2014-08-05T00:19:20+00:00\",\"dateModified\":\"2020-03-06T00:35:21+00:00\",\"breadcrumb\":{\"@id\":\"https:\/\/www.grenouillere-museum.com\/grenouillere\/archives_fr\/#breadcrumb\"},\"inLanguage\":\"fr-FR\",\"potentialAction\":[{\"@type\":\"ReadAction\",\"target\":[\"https:\/\/www.grenouillere-museum.com\/grenouillere\/archives_fr\/\"]}]},{\"@type\":\"BreadcrumbList\",\"@id\":\"https:\/\/www.grenouillere-museum.com\/grenouillere\/archives_fr\/#breadcrumb\",\"itemListElement\":[{\"@type\":\"ListItem\",\"position\":1,\"name\":\"Accueil\",\"item\":\"https:\/\/www.grenouillere-museum.com\/grenouillere\/\"},{\"@type\":\"ListItem\",\"position\":2,\"name\":\"Expositions pass\u00e9es\"}]},{\"@type\":\"WebSite\",\"@id\":\"https:\/\/www.grenouillere-museum.com\/grenouillere\/#website\",\"url\":\"https:\/\/www.grenouillere-museum.com\/grenouillere\/\",\"name\":\"Mus\u00e9e de la Grenouill\u00e8re\",\"description\":\"Laissez-vous emmener sur le lieu de naissance de l\u2019Impressionnisme\",\"potentialAction\":[{\"@type\":\"SearchAction\",\"target\":{\"@type\":\"EntryPoint\",\"urlTemplate\":\"https:\/\/www.grenouillere-museum.com\/grenouillere\/?s={search_term_string}\"},\"query-input\":{\"@type\":\"PropertyValueSpecification\",\"valueRequired\":true,\"valueName\":\"search_term_string\"}}],\"inLanguage\":\"fr-FR\"}]}<\/script>\n<!-- \/ Yoast SEO plugin. -->","yoast_head_json":{"title":"Expositions pass\u00e9es - Mus\u00e9e de la Grenouill\u00e8re Croissy sur Seine","robots":{"index":"index","follow":"follow","max-snippet":"max-snippet:-1","max-image-preview":"max-image-preview:large","max-video-preview":"max-video-preview:-1"},"canonical":"https:\/\/www.grenouillere-museum.com\/grenouillere\/archives_fr\/","og_locale":"fr_FR","og_type":"article","og_title":"Expositions pass\u00e9es - Mus\u00e9e de la Grenouill\u00e8re Croissy sur Seine","og_description":"[vc_row][vc_column][siteorigin_widget_vc so_widget_data=\u00a0\u00bb{&amp;quot;widget_class&amp;quot;:&amp;quot;SiteOrigin_Widget_PostCarousel_Widget&amp;quot;,&amp;quot;widget_data&amp;quot;:{&amp;quot;title&amp;quot;:&amp;quot;&amp;quot;,&amp;quot;default_thumbnail&amp;quot;:0,&amp;quot;default_thumbnail_fallback&amp;quot;:&amp;quot;&amp;quot;,&amp;quot;image_size&amp;quot;:&amp;quot;medium&amp;quot;,&amp;quot;loop_posts&amp;quot;:true,&amp;quot;posts&amp;quot;:&amp;quot;post_type=post&amp;amp;tax_query=archives-fr&amp;amp;date_type=specific&amp;amp;date_query={\\&amp;quot;after\\&amp;quot;:\\&amp;quot;\\&amp;quot;,\\&amp;quot;before\\&amp;quot;:\\&amp;quot;\\&amp;quot;}&amp;amp;date_query_relative={\\&amp;quot;from\\&amp;quot;:{\\&amp;quot;value\\&amp;quot;:0,\\&amp;quot;unit\\&amp;quot;:\\&amp;quot;days\\&amp;quot;},\\&amp;quot;to\\&amp;quot;:{\\&amp;quot;value\\&amp;quot;:0,\\&amp;quot;unit\\&amp;quot;:\\&amp;quot;days\\&amp;quot;}}&amp;amp;orderby=date&amp;amp;order=DESC&amp;quot;,&amp;quot;_sow_form_id&amp;quot;:&amp;quot;20157215165e6195fba2f8a428092387&amp;quot;,&amp;quot;_sow_form_timestamp&amp;quot;:&amp;quot;1583454895642&amp;quot;}}\u00a0\u00bb][\/vc_column][\/vc_row][vc_row][vc_column][vc_column_text][\/vc_column_text][\/vc_column][\/vc_row]","og_url":"https:\/\/www.grenouillere-museum.com\/grenouillere\/archives_fr\/","og_site_name":"Mus\u00e9e de la Grenouill\u00e8re Croissy sur Seine","article_publisher":"https:\/\/www.facebook.com\/grenouillere.museum\/","article_modified_time":"2020-03-06T00:35:21+00:00","twitter_card":"summary_large_image","twitter_misc":{"Dur\u00e9e de lecture estim\u00e9e":"1 minute"},"schema":{"@context":"https:\/\/schema.org","@graph":[{"@type":"WebPage","@id":"https:\/\/www.grenouillere-museum.com\/grenouillere\/archives_fr\/","url":"https:\/\/www.grenouillere-museum.com\/grenouillere\/archives_fr\/","name":"Expositions pass\u00e9es - Mus\u00e9e de la Grenouill\u00e8re Croissy sur Seine","isPartOf":{"@id":"https:\/\/www.grenouillere-museum.com\/grenouillere\/#website"},"datePublished":"2014-08-05T00:19:20+00:00","dateModified":"2020-03-06T00:35:21+00:00","breadcrumb":{"@id":"https:\/\/www.grenouillere-museum.com\/grenouillere\/archives_fr\/#breadcrumb"},"inLanguage":"fr-FR","potentialAction":[{"@type":"ReadAction","target":["https:\/\/www.grenouillere-museum.com\/grenouillere\/archives_fr\/"]}]},{"@type":"BreadcrumbList","@id":"https:\/\/www.grenouillere-museum.com\/grenouillere\/archives_fr\/#breadcrumb","itemListElement":[{"@type":"ListItem","position":1,"name":"Accueil","item":"https:\/\/www.grenouillere-museum.com\/grenouillere\/"},{"@type":"ListItem","position":2,"name":"Expositions pass\u00e9es"}]},{"@type":"WebSite","@id":"https:\/\/www.grenouillere-museum.com\/grenouillere\/#website","url":"https:\/\/www.grenouillere-museum.com\/grenouillere\/","name":"Mus\u00e9e de la Grenouill\u00e8re","description":"Laissez-vous emmener sur le lieu de naissance de l\u2019Impressionnisme","potentialAction":[{"@type":"SearchAction","target":{"@type":"EntryPoint","urlTemplate":"https:\/\/www.grenouillere-museum.com\/grenouillere\/?s={search_term_string}"},"query-input":{"@type":"PropertyValueSpecification","valueRequired":true,"valueName":"search_term_string"}}],"inLanguage":"fr-FR"}]}},"_links":{"self":[{"href":"https:\/\/www.grenouillere-museum.com\/grenouillere\/wp-json\/wp\/v2\/pages\/1625"}],"collection":[{"href":"https:\/\/www.grenouillere-museum.com\/grenouillere\/wp-json\/wp\/v2\/pages"}],"about":[{"href":"https:\/\/www.grenouillere-museum.com\/grenouillere\/wp-json\/wp\/v2\/types\/page"}],"author":[{"embeddable":true,"href":"https:\/\/www.grenouillere-museum.com\/grenouillere\/wp-json\/wp\/v2\/users\/2"}],"replies":[{"embeddable":true,"href":"https:\/\/www.grenouillere-museum.com\/grenouillere\/wp-json\/wp\/v2\/comments?post=1625"}],"version-history":[{"count":101,"href":"https:\/\/www.grenouillere-museum.com\/grenouillere\/wp-json\/wp\/v2\/pages\/1625\/revisions"}],"predecessor-version":[{"id":7313,"href":"https:\/\/www.grenouillere-museum.com\/grenouillere\/wp-json\/wp\/v2\/pages\/1625\/revisions\/7313"}],"wp:attachment":[{"href":"https:\/\/www.grenouillere-museum.com\/grenouillere\/wp-json\/wp\/v2\/media?parent=1625"}],"curies":[{"name":"wp","href":"https:\/\/api.w.org\/{rel}","templated":true}]}}